{"id":55723,"date":"2023-03-05T10:49:13","date_gmt":"2023-03-18T12:06:16","guid":{"rendered":"https:\/\/mestra.migracionesbgweb.com\/producto\/compresor-boxer-3-50\/"},"modified":"2023-07-03T11:44:20","modified_gmt":"2023-07-03T09:44:20","slug":"compresor-boxer-3-50","status":"publish","type":"product","link":"https:\/\/mestraold.lleset.com\/fr\/produit\/compresor-boxer-3-50\/","title":{"rendered":"Compresor Boxer 3\/50"},"content":{"rendered":"<p>Les compresseurs MESTRA de type \u00ab\u00a0BOXER\u00a0\u00bb int\u00e8grent une nouvelle technologie brevet\u00e9e qui les rend beaucoup plus fiables et silencieux : il s&rsquo;agit de pistons dispos\u00e9s en \u00ab\u00a0boxer\u00a0\u00bb (oppos\u00e9s \u00e0 180 degr\u00e9s), solidement reli\u00e9s par une bielle rigide et avec un accouplement bielle &#8211; vilebrequin par excentrique.<\/p>\n","protected":false},"excerpt":{"rendered":"<p>Les compresseurs MESTRA de type \u00ab\u00a0BOXER\u00a0\u00bb int\u00e8grent une nouvelle technologie brevet\u00e9e qui les rend beaucoup plus fiables et silencieux : il s&rsquo;agit de pistons dispos\u00e9s en \u00ab\u00a0boxer\u00a0\u00bb (oppos\u00e9s \u00e0 180 degr\u00e9s), solidement reli\u00e9s par une bielle rigide et avec un accouplement bielle &#8211; vilebrequin par excentrique.<\/p>\n","protected":false},"featured_media":18256,"template":"","meta":[],"product_cat":[214,202],"product_tag":[],"class_list":["post-55723","product","type-product","status-publish","has-post-thumbnail","hentry","product_cat-compresseurs","product_cat-laboratoire"],"acf":[],"df_price":1666.55,"df_sale_price":"","df_regular_price":1666.55,"df_image_link":"https:\/\/mestraold.lleset.com\/wp-content\/uploads\/2021\/11\/889-COMPRESOR-BOXER-350-300x300.jpg","_links":{"self":[{"href":"https:\/\/mestraold.lleset.com\/fr\/wp-json\/wp\/v2\/product\/55723","targetHints":{"allow":["GET"]}}],"collection":[{"href":"https:\/\/mestraold.lleset.com\/fr\/wp-json\/wp\/v2\/product"}],"about":[{"href":"https:\/\/mestraold.lleset.com\/fr\/wp-json\/wp\/v2\/types\/product"}],"wp:featuredmedia":[{"embeddable":true,"href":"https:\/\/mestraold.lleset.com\/fr\/wp-json\/wp\/v2\/media\/18256"}],"wp:attachment":[{"href":"https:\/\/mestraold.lleset.com\/fr\/wp-json\/wp\/v2\/media?parent=55723"}],"wp:term":[{"taxonomy":"product_cat","embeddable":true,"href":"https:\/\/mestraold.lleset.com\/fr\/wp-json\/wp\/v2\/product_cat?post=55723"},{"taxonomy":"product_tag","embeddable":true,"href":"https:\/\/mestraold.lleset.com\/fr\/wp-json\/wp\/v2\/product_tag?post=55723"}],"curies":[{"name":"wp","href":"https:\/\/api.w.org\/{rel}","templated":true}]}}