{"id":55719,"date":"2023-03-05T10:49:13","date_gmt":"2023-03-18T12:06:16","guid":{"rendered":"https:\/\/mestra.migracionesbgweb.com\/producto\/four-de-sechage\/"},"modified":"2023-07-19T17:00:59","modified_gmt":"2023-07-19T15:00:59","slug":"four-de-sechage","status":"publish","type":"product","link":"https:\/\/mestraold.lleset.com\/fr\/produit\/four-de-sechage\/","title":{"rendered":"Four de sechage"},"content":{"rendered":"<p><strong>Il \u00e9limine l&rsquo;humidit\u00e9 et garde les feuilles de thermoformage s\u00e8ches pour \u00e9viter la formation de pores.<\/strong><\/p>\n<p><strong>S\u00e9chage des instruments<\/strong><\/p>\n<p><strong>Secage de mod\u00e8les en pl\u00e2tre, etc.<\/strong><\/p>\n<p>Un probl\u00e8me r\u00e9current rencontr\u00e9 avec les plaques de thermoformage dentaire est l&rsquo;accumulation d&rsquo;humidit\u00e9.<\/p>\n<p>Le type de plastique utilis\u00e9 dans ces produits a une nature poreuse et c&rsquo;est pr\u00e9cis\u00e9ment dans ces pores que l&rsquo;humidit\u00e9 ambiante s&rsquo;accumule.Par la suite, lors du chauffage de la plaque, l&rsquo;humidit\u00e9 se transforme en vapeur d&rsquo;eau et la pression de cette vapeur \u00e9tire le mat\u00e9riau, g\u00e9n\u00e9rant ainsi des bulles. Bien que l&#8217;emballage herm\u00e9tique puisse att\u00e9nuer cet effet ind\u00e9sirable, l&rsquo;exp\u00e9rience montre que, avec le temps, l&rsquo;humidit\u00e9 finit par p\u00e9n\u00e9trer, surtout apr\u00e8s avoir d\u00e9scell\u00e9 l&#8217;emballage des plaques.<\/p>\n<p>Lamentablement, il n&rsquo;existe pas de m\u00e9thode simple pour \u00e9liminer l&rsquo;humidit\u00e9 des plaques une fois contamin\u00e9es, ni pour maintenir la plaque s\u00e8che jusqu&rsquo;\u00e0 son utilisation. Le seul outil fiable actuellement disponible sur le march\u00e9 est le four de s\u00e9chage R\u00e9f. 080118 de MESTRA.<\/p>\n<p>Le four dispose d&rsquo;une grande chambre avec six plateaux, o\u00f9 il est possible de placer une grande quantit\u00e9 de produits.<\/p>\n<p>La temp\u00e9rature int\u00e9rieure est facilement r\u00e9glable entre 35-75 \u00baC, tout comme le temps de fonctionnement jusqu&rsquo;\u00e0 24 heures, ce qui conf\u00e8re \u00e0 l&rsquo;appareil une grande flexibilit\u00e9 d&rsquo;utilisation.<\/p>\n<p>Un ventilateur est charg\u00e9 de maintenir une temp\u00e9rature constante dans tout le volume de la chambre.<\/p>\n<p>\u00c9tant construit en acier inoxydable, le nettoyage est tr\u00e8s rapide et facile.<\/p>\n<p>En raison de la basse temp\u00e9rature, sa consommation est r\u00e9duite.<\/p>\n","protected":false},"excerpt":{"rendered":"<p>Pour le s\u00e9chage de feuilles de thermoformage, d&rsquo;instruments, de mod\u00e8les\u2026<\/p>\n","protected":false},"featured_media":18232,"template":"","meta":[],"product_cat":[202],"product_tag":[],"class_list":["post-55719","product","type-product","status-publish","has-post-thumbnail","hentry","product_cat-laboratoire"],"acf":[],"df_price":182.42,"df_sale_price":182.42,"df_regular_price":331.67,"df_image_link":"https:\/\/mestraold.lleset.com\/wp-content\/uploads\/2021\/11\/Horno-de-secado-aparatologia-dental-MESTRA-300x300.jpg","_links":{"self":[{"href":"https:\/\/mestraold.lleset.com\/fr\/wp-json\/wp\/v2\/product\/55719","targetHints":{"allow":["GET"]}}],"collection":[{"href":"https:\/\/mestraold.lleset.com\/fr\/wp-json\/wp\/v2\/product"}],"about":[{"href":"https:\/\/mestraold.lleset.com\/fr\/wp-json\/wp\/v2\/types\/product"}],"wp:featuredmedia":[{"embeddable":true,"href":"https:\/\/mestraold.lleset.com\/fr\/wp-json\/wp\/v2\/media\/18232"}],"wp:attachment":[{"href":"https:\/\/mestraold.lleset.com\/fr\/wp-json\/wp\/v2\/media?parent=55719"}],"wp:term":[{"taxonomy":"product_cat","embeddable":true,"href":"https:\/\/mestraold.lleset.com\/fr\/wp-json\/wp\/v2\/product_cat?post=55719"},{"taxonomy":"product_tag","embeddable":true,"href":"https:\/\/mestraold.lleset.com\/fr\/wp-json\/wp\/v2\/product_tag?post=55719"}],"curies":[{"name":"wp","href":"https:\/\/api.w.org\/{rel}","templated":true}]}}