{"id":55717,"date":"2023-03-05T10:49:13","date_gmt":"2023-03-18T12:06:16","guid":{"rendered":"https:\/\/mestra.migracionesbgweb.com\/producto\/four-de-ceramique\/"},"modified":"2023-07-19T11:41:37","modified_gmt":"2023-07-19T09:41:37","slug":"four-de-ceramique","status":"publish","type":"product","link":"https:\/\/mestraold.lleset.com\/fr\/produit\/four-de-ceramique\/","title":{"rendered":"Four de ceramique"},"content":{"rendered":"<p>Nouvelle Voir produitsion du four \u00e0 C\u00e9ramique MESTRA.<\/p>\n<p>Compl\u00e8tement automatis\u00e9 et compatible avec les diff\u00e9rents types de c\u00e9ramique pr\u00e9sents sur le march\u00e9 (except\u00e9 la c\u00e9ramique press\u00e9e).<\/p>\n<p>Un design esth\u00e9tiquement avance.<\/p>\n<p>Son display tactile offre un confort suppl\u00e9mentaire dans sa manipulation, avec des ic\u00f4nes et des graphiques tr\u00e8s intuitifs. Son large \u00e9cran et sa conception, permettent de suivre clairement l\u2019\u00e9volution du programme ou sa cr\u00e9ation.<\/p>\n<p>Il permet la m\u00e9morisation de multiples programmes dont beaucoup sont d\u00e9j\u00e0 pre-install\u00e9s.<\/p>\n<p>L\u2019op\u00e9rateur peut d\u00e9finir de NOMux param\u00e8tres : Temp\u00e9rature, temps de d\u00e9shydratation, vitesse de chauffe, maintien, d\u00e9clenchement et arr\u00eat du vide, refroidissement \u2026<\/p>\n<p>Programme de calibration.<\/p>\n<p>Le microprocesseur dispose de NOMux messages d\u2019erreur ou d\u2019alarme dans le cas d\u2019un \u00e9ventuel dysfonctionnement.<\/p>\n<p>La pompe \u00e0 vide est fournie.<\/p>\n<p>D\u2019autres \u00e9l\u00e9ments sont \u00e9galement compris comme le kit de calibration ou le plateau de chauffe.<\/p>\n","protected":false},"excerpt":{"rendered":"<p>Nouvelle Voir produitsion du four \u00e0 C\u00e9ramique MESTRA. Compl\u00e8tement automatis\u00e9 et compatible avec les diff\u00e9rents types de c\u00e9ramique pr\u00e9sents sur le march\u00e9 (except\u00e9 la c\u00e9ramique press\u00e9e). Un design esth\u00e9tiquement avance. Son display tactile offre un confort suppl\u00e9mentaire dans sa manipulation, avec des ic\u00f4nes et des graphiques tr\u00e8s intuitifs. Son large \u00e9cran et sa conception, permettent [&hellip;]<\/p>\n","protected":false},"featured_media":18184,"template":"","meta":[],"product_cat":[202],"product_tag":[],"class_list":["post-55717","product","type-product","status-publish","has-post-thumbnail","hentry","product_cat-laboratoire"],"acf":[],"df_price":2713.78,"df_sale_price":2713.78,"df_regular_price":4934.14,"df_image_link":"https:\/\/mestraold.lleset.com\/wp-content\/uploads\/2021\/11\/Horno-de-ceramica-MESTRA-300x300.jpg","_links":{"self":[{"href":"https:\/\/mestraold.lleset.com\/fr\/wp-json\/wp\/v2\/product\/55717","targetHints":{"allow":["GET"]}}],"collection":[{"href":"https:\/\/mestraold.lleset.com\/fr\/wp-json\/wp\/v2\/product"}],"about":[{"href":"https:\/\/mestraold.lleset.com\/fr\/wp-json\/wp\/v2\/types\/product"}],"wp:featuredmedia":[{"embeddable":true,"href":"https:\/\/mestraold.lleset.com\/fr\/wp-json\/wp\/v2\/media\/18184"}],"wp:attachment":[{"href":"https:\/\/mestraold.lleset.com\/fr\/wp-json\/wp\/v2\/media?parent=55717"}],"wp:term":[{"taxonomy":"product_cat","embeddable":true,"href":"https:\/\/mestraold.lleset.com\/fr\/wp-json\/wp\/v2\/product_cat?post=55717"},{"taxonomy":"product_tag","embeddable":true,"href":"https:\/\/mestraold.lleset.com\/fr\/wp-json\/wp\/v2\/product_tag?post=55717"}],"curies":[{"name":"wp","href":"https:\/\/api.w.org\/{rel}","templated":true}]}}