{"id":55716,"date":"2023-03-05T10:49:13","date_gmt":"2023-03-18T12:06:16","guid":{"rendered":"https:\/\/mestra.migracionesbgweb.com\/producto\/catalyseur-de-fumees-pour-four\/"},"modified":"2023-07-19T11:33:57","modified_gmt":"2023-07-19T09:33:57","slug":"catalyseur-de-fumees-pour-four","status":"publish","type":"product","link":"https:\/\/mestraold.lleset.com\/fr\/produit\/catalyseur-de-fumees-pour-four\/","title":{"rendered":"Catalyseur de fumees pour four"},"content":{"rendered":"<p>Dispositif simple qui se branche a tuyau de l\u2019\u00e9vacuation de fum\u00e9es de n\u2019importe quel four de chauffe pour \u00e9liminer les gaz des produits non br\u00fbl\u00e9s g\u00e9n\u00e9r\u00e9s dans le four lors de la combustion des cires ou autres mat\u00e9riaux.<\/p>\n<p>Un syst\u00e8me de ventilation forc\u00e9 balaye les gaz produits dans le four et les conduit Voir produits la hotte \u00e0 l\u2019ext\u00e9rieur. Lors du passage des fum\u00e9es, les gaz et les produits non consum\u00e9s sont r\u00e9chauff\u00e9s et catalys\u00e9s transform\u00e9s en CO2 et H2O.<\/p>\n<p>L\u2019emploi de ce dispositif \u00e9limine en grande partie les mauvaises odeurs et les produits nocifs pour les bronches g\u00e9n\u00e9r\u00e9s lors de la chauffe.<\/p>\n<p>Le catalyseur est sp\u00e9cialement con\u00e7u pour fonctionner avec les fours de la famille HP de MESTRA. Il peut n\u00e9anmoins se coupler avec n\u2019importe quel autre four de chauffe dont le tube de sortie est inf\u00e9rieur \u00e0 38 mm de diam\u00e8tre ext\u00e9rieur.<\/p>\n","protected":false},"excerpt":{"rendered":"<p>Dispositif simple qui se branche a tuyau de l\u2019\u00e9vacuation de fum\u00e9es de n\u2019importe quel four de chauffe pour \u00e9liminer les gaz des produits non br\u00fbl\u00e9s g\u00e9n\u00e9r\u00e9s dans le four lors de la combustion des cires ou autres mat\u00e9riaux. Un syst\u00e8me de ventilation forc\u00e9 balaye les gaz produits dans le four et les conduit Voir produits [&hellip;]<\/p>\n","protected":false},"featured_media":59194,"template":"","meta":[],"product_cat":[202],"product_tag":[],"class_list":["post-55716","product","type-product","status-publish","has-post-thumbnail","hentry","product_cat-laboratoire"],"acf":[],"df_price":462.39,"df_sale_price":462.39,"df_regular_price":840.7,"df_image_link":"https:\/\/mestraold.lleset.com\/wp-content\/uploads\/2023\/07\/080124-300x300.jpg","_links":{"self":[{"href":"https:\/\/mestraold.lleset.com\/fr\/wp-json\/wp\/v2\/product\/55716","targetHints":{"allow":["GET"]}}],"collection":[{"href":"https:\/\/mestraold.lleset.com\/fr\/wp-json\/wp\/v2\/product"}],"about":[{"href":"https:\/\/mestraold.lleset.com\/fr\/wp-json\/wp\/v2\/types\/product"}],"wp:featuredmedia":[{"embeddable":true,"href":"https:\/\/mestraold.lleset.com\/fr\/wp-json\/wp\/v2\/media\/59194"}],"wp:attachment":[{"href":"https:\/\/mestraold.lleset.com\/fr\/wp-json\/wp\/v2\/media?parent=55716"}],"wp:term":[{"taxonomy":"product_cat","embeddable":true,"href":"https:\/\/mestraold.lleset.com\/fr\/wp-json\/wp\/v2\/product_cat?post=55716"},{"taxonomy":"product_tag","embeddable":true,"href":"https:\/\/mestraold.lleset.com\/fr\/wp-json\/wp\/v2\/product_tag?post=55716"}],"curies":[{"name":"wp","href":"https:\/\/api.w.org\/{rel}","templated":true}]}}