{"id":55713,"date":"2023-03-05T10:47:18","date_gmt":"2023-03-18T12:05:41","guid":{"rendered":"https:\/\/mestra.migracionesbgweb.com\/producto\/rechauffeur-de-cires-1-recipient\/"},"modified":"2023-07-12T16:11:55","modified_gmt":"2023-07-12T14:11:55","slug":"rechauffeur-de-cires-1-recipient","status":"publish","type":"product","link":"https:\/\/mestraold.lleset.com\/fr\/produit\/rechauffeur-de-cires-1-recipient\/","title":{"rendered":"Rechauffeur de cires 1 recipient"},"content":{"rendered":"<p>D\u2019emploi tr\u00e8s facile. Il suffit d\u2019introduire une temp\u00e9rature d\u2019utilisation.<\/p>\n<p>Le contr\u00f4le \u00e9lectronique maintient avec une \u00e9tonnante pr\u00e9cision la temp\u00e9rature programm\u00e9e affich\u00e9e par un display lumineux.<\/p>\n<p>Sa structure de en plastique r\u00e9sistent et ses touches \u00e0 membrane emp\u00eachent \u00e0 la cire de s\u2019infiltrer \u00e0 l\u2019int\u00e9rieur de l\u2019appareil.<\/p>\n<p>La cuve est compartiment\u00e9e en quatre.<\/p>\n<p>On peut donc chauffer simultan\u00e9ment diVoir produits types de cire.<\/p>\n<p>Le rev\u00eatement en t\u00e9flon de la cuve facilite son entretien.<\/p>\n","protected":false},"excerpt":{"rendered":"<p>D\u2019emploi tr\u00e8s facile. Il suffit d\u2019introduire une temp\u00e9rature d\u2019utilisation. Le contr\u00f4le \u00e9lectronique maintient avec une \u00e9tonnante pr\u00e9cision la temp\u00e9rature programm\u00e9e affich\u00e9e par un display lumineux. Sa structure de en plastique r\u00e9sistent et ses touches \u00e0 membrane emp\u00eachent \u00e0 la cire de s\u2019infiltrer \u00e0 l\u2019int\u00e9rieur de l\u2019appareil. La cuve est compartiment\u00e9e en quatre. On peut donc [&hellip;]<\/p>\n","protected":false},"featured_media":18138,"template":"","meta":[],"product_cat":[202,223],"product_tag":[],"class_list":["post-55713","product","type-product","status-publish","has-post-thumbnail","hentry","product_cat-laboratoire","product_cat-travail-de-la-cire"],"acf":[],"df_price":138.23,"df_sale_price":138.23,"df_regular_price":251.32,"df_image_link":"https:\/\/mestraold.lleset.com\/wp-content\/uploads\/2021\/11\/Calentador-de-cera-1-vaso-MESTRA-300x225.jpg","_links":{"self":[{"href":"https:\/\/mestraold.lleset.com\/fr\/wp-json\/wp\/v2\/product\/55713","targetHints":{"allow":["GET"]}}],"collection":[{"href":"https:\/\/mestraold.lleset.com\/fr\/wp-json\/wp\/v2\/product"}],"about":[{"href":"https:\/\/mestraold.lleset.com\/fr\/wp-json\/wp\/v2\/types\/product"}],"wp:featuredmedia":[{"embeddable":true,"href":"https:\/\/mestraold.lleset.com\/fr\/wp-json\/wp\/v2\/media\/18138"}],"wp:attachment":[{"href":"https:\/\/mestraold.lleset.com\/fr\/wp-json\/wp\/v2\/media?parent=55713"}],"wp:term":[{"taxonomy":"product_cat","embeddable":true,"href":"https:\/\/mestraold.lleset.com\/fr\/wp-json\/wp\/v2\/product_cat?post=55713"},{"taxonomy":"product_tag","embeddable":true,"href":"https:\/\/mestraold.lleset.com\/fr\/wp-json\/wp\/v2\/product_tag?post=55713"}],"curies":[{"name":"wp","href":"https:\/\/api.w.org\/{rel}","templated":true}]}}