{"id":55710,"date":"2023-03-05T10:47:18","date_gmt":"2023-03-18T12:05:41","guid":{"rendered":"https:\/\/mestra.migracionesbgweb.com\/producto\/autoclave-clase-b-18-litros\/"},"modified":"2023-07-03T20:53:48","modified_gmt":"2023-07-03T18:53:48","slug":"autoclave-clase-b-18-litros","status":"publish","type":"product","link":"https:\/\/mestraold.lleset.com\/fr\/produit\/autoclave-clase-b-18-litros\/","title":{"rendered":"Autoclave Clase B 18 Litros"},"content":{"rendered":"<h3>Caract\u00e9ristiques techniques<\/h3>\n<ul>\n<li>Autoclave de table clase B.<\/li>\n<li>Composants internes de haute qualit\u00e9 (marques italiennes, japonaises et am\u00e9ricaines).\n<li>Valves ODE.<\/li>\n<li>Pompe \u00e0 vide ULUAK.<\/li>\n<li>Pompe \u00e0 eau ULKA.<\/li>\n<li>Tr\u00e8s silencieux (niveau sonore inf\u00e9rieur \u00e0 70 dB)..<\/li>\n<li>Triple syst\u00e8me de vide fractionn\u00e9 avec un g\u00e9n\u00e9rateur de vapeur qui garantit des cycles de st\u00e9rilisation rapides et s\u00fbrs.<\/li>\n<li>Syst\u00e8me de contr\u00f4le de haute pr\u00e9cision pour des r\u00e9sultats de st\u00e9rilisation toujours parfaits (EN13060).<\/li>\n<li>Auto diagnostic avec codes d\u2019erreurs localisant l\u2019origine de l\u2019anomalie.<\/li>\n<li>Compl\u00e8tement automatique avec cycles de st\u00e9rilisation pr\u00e9-programm\u00e9s.<\/li>\n<li>Chambre et porte en acier inoxydables avec des finitions en \u00e9lectro-polissage.<\/li>\n<li>R\u00e9servoir d\u2019eau type \u201couVoir produitt\u201d: nettoyage et remplissage faciles.<\/li>\n<\/ul>\n<h3>Interface intuitive<\/h3>\n<p><img loading=\"lazy\" decoding=\"async\" class=\"\" src=\"https:\/\/mestraold.lleset.com\/wp-content\/uploads\/2022\/03\/100365-Interfaz.jpg\" width=\"240\" height=\"232\" \/><\/p>\n<ul>\n<li>Interface intuitive qui apporte au professionnel le confort n\u00e9cessaire pour travailler en toute s\u00e9curit\u00e9. Manipulation tr\u00e8s simple permettant aux cabinets de r\u00e9aliser des st\u00e9rilisations de confiance.<\/li>\n<li>Ecran LCD, qui fournit les informations sur le d\u00e9roulement des cycles: Temps, temp\u00e9rature, pression, alerte du process.<\/li>\n<li>Plusieurs langues: Fran\u00e7ais, espagnol, anglais, allemand, italien, hollandais, polonais, roumain, tch\u00e8que, letton, lituanien, hongrois et chinois.<\/li>\n<\/ul>\n<h3>Cierre de seguridad<\/h3>\n<p><img decoding=\"async\" class=\"\" src=\"https:\/\/mestraold.lleset.com\/wp-content\/uploads\/2022\/03\/100365-Cierre-seguridad.jpg\" width=\"240\" Height=\"232\" \/><\/p>\n<ul>\n<li>Test: Test du vide, Test de Bowie &#038; Dick, Test de Helix.<\/li>\n<li>Les mod\u00e8les de classe B incluent des cycles pour le contr\u00f4le de la st\u00e9rilit\u00e9 de la charge creuse type A et type B en plus d\u2019un cycle sp\u00e9cifique pour prions..<\/li>\n<li>Le syst\u00e8me de protection de double porte emp\u00eache le d\u00e9marrage du cycle si la porte n\u2019est pas correctement bloqu\u00e9e. Ce syst\u00e8me emp\u00eache \u00e9galement l\u2019ouVoir produitture de la porte si la pression \u00e0 l\u2019int\u00e9rieur de la chambre n\u2019est pas \u00e9gale \u00e0 la pression atmosph\u00e9rique ambiante.<\/li>\n<li>Valve de s\u00e9curit\u00e9 de pression: emp\u00eache une surpression de la chambre et du g\u00e9n\u00e9rateur de vapeur.<\/li>\n<li>L\u2019alimentation \u00e9lectrique se coupe automatiquement en cas d\u2019anomalie. L\u2019autoclave est capable de d\u00e9tecter le moindre probl\u00e8me de fonctionnement et indiquera un code erreur sp\u00e9cifique \u00e0 la nature de la panne.<\/li>\n<li>Interrupteur du niveau du r\u00e9servoir d\u2019eau qui contr\u00f4le le niveau (maximal et minimal).<\/li>\n<li>ignal automatique pour la maintenance.<\/li>\n<\/ul>\n<p>&nbsp;<\/p>\n<p><img decoding=\"async\" class=\"\" src=\"https:\/\/mestraold.lleset.com\/wp-content\/uploads\/2022\/03\/100365-VC3A1lvula-seguridad.jpg\" width=\"240\" Height=\"232\" \/>\u00a0Valve de s\u00e9curit\u00e9<\/p>\n<h3>Capacit\u00e9<\/h3>\n<p>Vous n\u2019aurez pas de probl\u00e8mes pour disposer vos instruments.<\/p>\n<p><img decoding=\"async\" class=\"\" src=\"https:\/\/mestraold.lleset.com\/wp-content\/uploads\/2022\/03\/100365-Capacit\u00e9.jpg\" width=\"240\" Height=\"232\" \/><\/p>\n<ul>\n<li>La chambre a une capacit\u00e9 de 18 litres clase B<\/li>\n<li>Elle est livr\u00e9e avec 3 plateaux et un support.<\/li>\n<\/ul>\n<h3>St\u00e9rilisation de grande pr\u00e9cision<\/h3>\n<p><img decoding=\"async\" class=\"\" src=\"https:\/\/mestraold.lleset.com\/wp-content\/uploads\/2022\/03\/100365-Impresora.jpg\" width=\"240\" Height=\"232\" \/><\/p>\n<h4>Contr\u00f4le de la st\u00e9rilisation <\/h4>\n<ul>\n<li>Impression du rapport de st\u00e9rilisation et display disponible en diVoir produitses langues. <\/li>\n<li>Cl\u00e9 USB et imprimante. <\/li>\n<li>Les donn\u00e9es des 20 derniers cycles peuvent se stocker dans le syst\u00e8me et \u00eatre imprim\u00e9s sur votre PC. <\/li>\n<\/ul>\n<p><img loading=\"lazy\" decoding=\"async\" class=\"\" src=\"https:\/\/mestraold.lleset.com\/wp-content\/uploads\/2022\/03\/100365-Registro.jpg\" width=\"235\" height=\"424\" \/><\/p>\n<h3>Reservoir type \u201couVoir produitt\u201d<\/h3>\n<p><img decoding=\"async\" class=\"\" src=\"https:\/\/mestraold.lleset.com\/wp-content\/uploads\/2022\/03\/100365-Tanque.jpg\" width=\"240\" Height=\"232\" \/><\/p>\n<ul>\n<li>Le r\u00e9servoir d\u2019eau de type \u201couVoir produitt\u201d s\u2019av\u00e8re tr\u00e8s pratique: son remplissage et son entretien sont facilit\u00e9s par cette conception.<\/li>\n<\/ul>\n<p><img loading=\"lazy\" decoding=\"async\" class=\"\" src=\"https:\/\/mestraold.lleset.com\/wp-content\/uploads\/2022\/03\/100365-Filtro-bacteriolC3B3gico.jpg\" width=\"240\" height=\"232\" \/>Filtre bact\u00e9riologique<\/p>\n","protected":false},"excerpt":{"rendered":"<p>ICANCLAVE en Espagne.<\/p>\n","protected":false},"featured_media":18094,"template":"","meta":[],"product_cat":[181,190],"product_tag":[],"class_list":["post-55710","product","type-product","status-publish","has-post-thumbnail","hentry","product_cat-cabinet","product_cat-machines-cabinet"],"acf":[],"df_price":1946.54,"df_sale_price":1946.54,"df_regular_price":2994.67,"df_image_link":"https:\/\/mestraold.lleset.com\/wp-content\/uploads\/2021\/11\/Autoclave-Clase-B-18-Litros-MESTRA-300x262.jpg","_links":{"self":[{"href":"https:\/\/mestraold.lleset.com\/fr\/wp-json\/wp\/v2\/product\/55710","targetHints":{"allow":["GET"]}}],"collection":[{"href":"https:\/\/mestraold.lleset.com\/fr\/wp-json\/wp\/v2\/product"}],"about":[{"href":"https:\/\/mestraold.lleset.com\/fr\/wp-json\/wp\/v2\/types\/product"}],"wp:featuredmedia":[{"embeddable":true,"href":"https:\/\/mestraold.lleset.com\/fr\/wp-json\/wp\/v2\/media\/18094"}],"wp:attachment":[{"href":"https:\/\/mestraold.lleset.com\/fr\/wp-json\/wp\/v2\/media?parent=55710"}],"wp:term":[{"taxonomy":"product_cat","embeddable":true,"href":"https:\/\/mestraold.lleset.com\/fr\/wp-json\/wp\/v2\/product_cat?post=55710"},{"taxonomy":"product_tag","embeddable":true,"href":"https:\/\/mestraold.lleset.com\/fr\/wp-json\/wp\/v2\/product_tag?post=55710"}],"curies":[{"name":"wp","href":"https:\/\/api.w.org\/{rel}","templated":true}]}}