{"id":55651,"date":"2023-03-05T18:40:59","date_gmt":"2023-03-17T01:14:06","guid":{"rendered":"https:\/\/mestra.migracionesbgweb.com\/producto\/porte-empreintes-jetables-superieur-petit-modele-sachet-25-u\/"},"modified":"2023-11-30T08:57:10","modified_gmt":"2023-11-30T07:57:10","slug":"porte-empreintes-jetables-superieur-petit-modele-sachet-25-u","status":"publish","type":"product","link":"https:\/\/mestraold.lleset.com\/fr\/produit\/porte-empreintes-jetables-superieur-petit-modele-sachet-25-u\/","title":{"rendered":"Porte-empreintes jetables"},"content":{"rendered":"<p>Porte-empreintes hygi\u00e9niques \u00e0 usage unique.<\/p>\n<p>Economie de temps et de d\u00e9tergent puisqu\u2019on \u00e9vite des op\u00e9rations de nettoyage et on pr\u00e9serve l\u2019hygi\u00e8ne. Ajustables en les chauffant \u00e0 des dimensions sp\u00e9cifiques pour chaque patient.<\/p>\n<p>Ils sont transparents et peuvent \u00eatre utilis\u00e9s pour l\u2019implantologie.<\/p>\n<p>10 formes et dimensions diff\u00e9rentes.<\/p>\n","protected":false},"excerpt":{"rendered":"<p>Porte-empreintes hygi\u00e9niques \u00e0 usage unique. Economie de temps et de d\u00e9tergent puisqu\u2019on \u00e9vite des op\u00e9rations de nettoyage et on pr\u00e9serve l\u2019hygi\u00e8ne. Ajustables en les chauffant \u00e0 des dimensions sp\u00e9cifiques pour chaque patient. Ils sont transparents et peuvent \u00eatre utilis\u00e9s pour l\u2019implantologie. 10 formes et dimensions diff\u00e9rentes.<\/p>\n","protected":false},"featured_media":19966,"template":"","meta":[],"product_cat":[181],"product_tag":[],"class_list":["post-55651","product","type-product","status-publish","has-post-thumbnail","hentry","product_cat-cabinet"],"acf":[],"df_price":17.62,"df_sale_price":"","df_regular_price":17.62,"df_image_link":"https:\/\/mestraold.lleset.com\/wp-content\/uploads\/2021\/12\/Cubetas-desechables-300x277.jpg","_links":{"self":[{"href":"https:\/\/mestraold.lleset.com\/fr\/wp-json\/wp\/v2\/product\/55651","targetHints":{"allow":["GET"]}}],"collection":[{"href":"https:\/\/mestraold.lleset.com\/fr\/wp-json\/wp\/v2\/product"}],"about":[{"href":"https:\/\/mestraold.lleset.com\/fr\/wp-json\/wp\/v2\/types\/product"}],"wp:featuredmedia":[{"embeddable":true,"href":"https:\/\/mestraold.lleset.com\/fr\/wp-json\/wp\/v2\/media\/19966"}],"wp:attachment":[{"href":"https:\/\/mestraold.lleset.com\/fr\/wp-json\/wp\/v2\/media?parent=55651"}],"wp:term":[{"taxonomy":"product_cat","embeddable":true,"href":"https:\/\/mestraold.lleset.com\/fr\/wp-json\/wp\/v2\/product_cat?post=55651"},{"taxonomy":"product_tag","embeddable":true,"href":"https:\/\/mestraold.lleset.com\/fr\/wp-json\/wp\/v2\/product_tag?post=55651"}],"curies":[{"name":"wp","href":"https:\/\/api.w.org\/{rel}","templated":true}]}}