{"id":55518,"date":"2023-03-05T18:16:53","date_gmt":"2023-03-17T01:07:12","guid":{"rendered":"https:\/\/mestra.migracionesbgweb.com\/producto\/planches-de-thermo-formage-%c2%a8-gouttieres-dures-2-0-mm-12-u\/"},"modified":"2023-07-03T20:40:02","modified_gmt":"2023-07-03T18:40:02","slug":"planches-de-thermo-formage-%c2%a8-gouttieres-dures-2-0-mm-12-u","status":"publish","type":"product","link":"https:\/\/mestraold.lleset.com\/fr\/produit\/planches-de-thermo-formage-%c2%a8-gouttieres-dures-2-0-mm-12-u\/","title":{"rendered":"Planches de thermo-formage \u00a8 &#8211; gouttieres \/ dures &#8211; 2.0 mm &#8211; 12 u."},"content":{"rendered":"<p>Planches de thermo-formage carr\u00e9es standard. <\/p>\n<p>Dimensions 127 x 127 mm. <\/p>\n<p>Fabriqu\u00e9es en plastique de qualit\u00e9 certifi\u00e9s FDA (U.S.A.) et CE. <\/p>\n<p>Lors de la chauffe il n\u2019y a pas de d\u00e9p\u00f4t ni de fum\u00e9es.<\/p>\n<p>L\u2019absence de mat\u00e9riel recycl\u00e9 \u00e9vite son alt\u00e9ration lors de la mise sous vide \u00e0 chaud.<\/p>\n<p>Disponibles en une grande vari\u00e9t\u00e9 d\u2019\u00e9paisseurs et de types.<\/p>\n","protected":false},"excerpt":{"rendered":"<p>12 unit\u00e9s<\/p>\n","protected":false},"featured_media":19196,"template":"","meta":[],"product_cat":[181,202,190,253],"product_tag":[],"class_list":["post-55518","product","type-product","status-publish","has-post-thumbnail","hentry","product_cat-cabinet","product_cat-laboratoire","product_cat-machines-cabinet","product_cat-thermoformage"],"acf":[],"df_price":18.01,"df_sale_price":18.01,"df_regular_price":32.75,"df_image_link":"https:\/\/mestraold.lleset.com\/wp-content\/uploads\/2021\/12\/707-LAMINAS-DE-TERMOCONFORMADO-300x300.jpg","_links":{"self":[{"href":"https:\/\/mestraold.lleset.com\/fr\/wp-json\/wp\/v2\/product\/55518","targetHints":{"allow":["GET"]}}],"collection":[{"href":"https:\/\/mestraold.lleset.com\/fr\/wp-json\/wp\/v2\/product"}],"about":[{"href":"https:\/\/mestraold.lleset.com\/fr\/wp-json\/wp\/v2\/types\/product"}],"wp:featuredmedia":[{"embeddable":true,"href":"https:\/\/mestraold.lleset.com\/fr\/wp-json\/wp\/v2\/media\/19196"}],"wp:attachment":[{"href":"https:\/\/mestraold.lleset.com\/fr\/wp-json\/wp\/v2\/media?parent=55518"}],"wp:term":[{"taxonomy":"product_cat","embeddable":true,"href":"https:\/\/mestraold.lleset.com\/fr\/wp-json\/wp\/v2\/product_cat?post=55518"},{"taxonomy":"product_tag","embeddable":true,"href":"https:\/\/mestraold.lleset.com\/fr\/wp-json\/wp\/v2\/product_tag?post=55518"}],"curies":[{"name":"wp","href":"https:\/\/api.w.org\/{rel}","templated":true}]}}