{"id":55505,"date":"2023-03-05T18:15:07","date_gmt":"2023-03-17T01:06:43","guid":{"rendered":"https:\/\/mestra.migracionesbgweb.com\/producto\/spatule-electronique-pour-parallelometre-o3-standard\/"},"modified":"2023-07-17T12:33:17","modified_gmt":"2023-07-17T10:33:17","slug":"spatule-electronique-pour-parallelometre-o3-standard","status":"publish","type":"product","link":"https:\/\/mestraold.lleset.com\/fr\/produit\/spatule-electronique-pour-parallelometre-o3-standard\/","title":{"rendered":"Spatule electronique pour parallelometre \u00f83 standard"},"content":{"rendered":"<p>Avec une tige de fixation de 2 mm de diam\u00e8tre.<\/p>\n<p>Insertion id\u00e9ale sur un paralle\u00e9liseur, une fraiseuse ou d\u00e9riv\u00e9 pour modeler la cire sur les mod\u00e8les.<\/p>\n","protected":false},"excerpt":{"rendered":"<p>Avec une tige de fixation de 2 mm de diam\u00e8tre. Insertion id\u00e9ale sur un paralle\u00e9liseur, une fraiseuse ou d\u00e9riv\u00e9 pour modeler la cire sur les mod\u00e8les.<\/p>\n","protected":false},"featured_media":20444,"template":"","meta":[],"product_cat":[202,223],"product_tag":[],"class_list":["post-55505","product","type-product","status-publish","has-post-thumbnail","hentry","product_cat-laboratoire","product_cat-travail-de-la-cire"],"acf":[],"df_price":450.16,"df_sale_price":"","df_regular_price":450.16,"df_image_link":"https:\/\/mestraold.lleset.com\/wp-content\/uploads\/2021\/12\/315-ESPATULA-ELECTRONICA-PARA-PARALELOMETRO-300x300.jpg","_links":{"self":[{"href":"https:\/\/mestraold.lleset.com\/fr\/wp-json\/wp\/v2\/product\/55505","targetHints":{"allow":["GET"]}}],"collection":[{"href":"https:\/\/mestraold.lleset.com\/fr\/wp-json\/wp\/v2\/product"}],"about":[{"href":"https:\/\/mestraold.lleset.com\/fr\/wp-json\/wp\/v2\/types\/product"}],"wp:featuredmedia":[{"embeddable":true,"href":"https:\/\/mestraold.lleset.com\/fr\/wp-json\/wp\/v2\/media\/20444"}],"wp:attachment":[{"href":"https:\/\/mestraold.lleset.com\/fr\/wp-json\/wp\/v2\/media?parent=55505"}],"wp:term":[{"taxonomy":"product_cat","embeddable":true,"href":"https:\/\/mestraold.lleset.com\/fr\/wp-json\/wp\/v2\/product_cat?post=55505"},{"taxonomy":"product_tag","embeddable":true,"href":"https:\/\/mestraold.lleset.com\/fr\/wp-json\/wp\/v2\/product_tag?post=55505"}],"curies":[{"name":"wp","href":"https:\/\/api.w.org\/{rel}","templated":true}]}}