{"id":55501,"date":"2023-03-05T18:15:07","date_gmt":"2023-03-17T01:06:43","guid":{"rendered":"https:\/\/mestra.migracionesbgweb.com\/producto\/bec-bunsen-gaz-naturel\/"},"modified":"2023-07-03T09:05:21","modified_gmt":"2023-07-03T07:05:21","slug":"bec-bunsen-gaz-naturel","status":"publish","type":"product","link":"https:\/\/mestraold.lleset.com\/fr\/produit\/bec-bunsen-gaz-naturel\/","title":{"rendered":"Bec bunsen gaz naturel"},"content":{"rendered":"<p>Indispensable dans tout laboratoire dentaire. Gra\u0302ce a\u0300 ses dimensions re\u0301duites, son utilisation est tre\u0300s pratique.<\/p>\n<p>Sa position horizontale est particuli\u00e8rement adapt\u00e9e au laboratoire dentaire, \u00e9vitant que la cire obstrue la sortie de la flamme.<\/p>\n<p>Aussi disponible avec recipient pour la cire.<\/p>\n","protected":false},"excerpt":{"rendered":"<p>Indispensable dans tout laboratoire dentaire. Gra\u0302ce a\u0300 ses dimensions re\u0301duites, son utilisation est tre\u0300s pratique. Sa position horizontale est particuli\u00e8rement adapt\u00e9e au laboratoire dentaire, \u00e9vitant que la cire obstrue la sortie de la flamme. Aussi disponible avec recipient pour la cire.<\/p>\n","protected":false},"featured_media":20564,"template":"","meta":[],"product_cat":[202,223],"product_tag":[],"class_list":["post-55501","product","type-product","status-publish","has-post-thumbnail","hentry","product_cat-laboratoire","product_cat-travail-de-la-cire"],"acf":[],"df_price":108.83,"df_sale_price":"","df_regular_price":108.83,"df_image_link":"https:\/\/mestraold.lleset.com\/wp-content\/uploads\/2021\/12\/Mecheros-de-gas-300x300.jpg","_links":{"self":[{"href":"https:\/\/mestraold.lleset.com\/fr\/wp-json\/wp\/v2\/product\/55501","targetHints":{"allow":["GET"]}}],"collection":[{"href":"https:\/\/mestraold.lleset.com\/fr\/wp-json\/wp\/v2\/product"}],"about":[{"href":"https:\/\/mestraold.lleset.com\/fr\/wp-json\/wp\/v2\/types\/product"}],"wp:featuredmedia":[{"embeddable":true,"href":"https:\/\/mestraold.lleset.com\/fr\/wp-json\/wp\/v2\/media\/20564"}],"wp:attachment":[{"href":"https:\/\/mestraold.lleset.com\/fr\/wp-json\/wp\/v2\/media?parent=55501"}],"wp:term":[{"taxonomy":"product_cat","embeddable":true,"href":"https:\/\/mestraold.lleset.com\/fr\/wp-json\/wp\/v2\/product_cat?post=55501"},{"taxonomy":"product_tag","embeddable":true,"href":"https:\/\/mestraold.lleset.com\/fr\/wp-json\/wp\/v2\/product_tag?post=55501"}],"curies":[{"name":"wp","href":"https:\/\/api.w.org\/{rel}","templated":true}]}}