{"id":55495,"date":"2023-03-05T18:13:27","date_gmt":"2023-03-17T01:06:05","guid":{"rendered":"https:\/\/mestra.migracionesbgweb.com\/producto\/bec-bunsen-gaz-butane-pour-tuyau-filete-embout-cannele\/"},"modified":"2023-07-12T16:29:45","modified_gmt":"2023-07-12T14:29:45","slug":"bec-bunsen-gaz-butane-pour-tuyau-filete-embout-cannele","status":"publish","type":"product","link":"https:\/\/mestraold.lleset.com\/fr\/produit\/bec-bunsen-gaz-butane-pour-tuyau-filete-embout-cannele\/","title":{"rendered":"Bec bunsen gaz butane pour tuyau filete + embout cannele"},"content":{"rendered":"<p>Nouveaux briquets \u00e0 gaz MESTRA avec certificat d&rsquo;examen de type<\/p>\n<p>Ils respectent les exigences du RD 919\/2006 sur la distribution et l&rsquo;utilisation des combustibles gazeux et de leur ITC-ICG 08.<\/p>\n<p>Pour gaz naturel, butane et propane.<\/p>\n<p>Avec cette nouvelle famille de briquets, MESTRA r\u00e9pond aux exigences r\u00e9glementaires d\u00e9j\u00e0 appliqu\u00e9es dans certaines communaut\u00e9s autonomes. Sa connexion est normalis\u00e9e pour s&rsquo;adapter directement aux nouveaux tuyaux filet\u00e9s qui remplacent les tubes en caoutchouc traditionnels fix\u00e9s avec des colliers de serrage. Le nouveau syst\u00e8me est plus pratique et plus s\u00fbr.<\/p>\n<p>La configuration du briquet reste inchang\u00e9e : sa position horizontale est sp\u00e9cialement adapt\u00e9e au laboratoire dentaire, \u00e9vitant que la cire n&rsquo;obstrue la sortie de la flamme. La coupelle pour r\u00e9cup\u00e9rer la cire renVoir produits\u00e9e est \u00e9galement disponible.<\/p>\n<p>Avec un petit adaptateur, les nouveaux chalumeaux peuvent \u00e9galement \u00eatre utilis\u00e9s dans les installations qui sont d\u00e9j\u00e0 en fonctionnement.<\/p>\n","protected":false},"excerpt":{"rendered":"<p>Tuyau non incluse<\/p>\n","protected":false},"featured_media":20577,"template":"","meta":[],"product_cat":[202,223],"product_tag":[],"class_list":["post-55495","product","type-product","status-publish","has-post-thumbnail","hentry","product_cat-laboratoire","product_cat-travail-de-la-cire"],"acf":[],"df_price":108.83,"df_sale_price":"","df_regular_price":108.83,"df_image_link":"https:\/\/mestraold.lleset.com\/wp-content\/uploads\/2021\/12\/Mecheros-de-gas-para-manguera-roscada-300x300.jpg","_links":{"self":[{"href":"https:\/\/mestraold.lleset.com\/fr\/wp-json\/wp\/v2\/product\/55495","targetHints":{"allow":["GET"]}}],"collection":[{"href":"https:\/\/mestraold.lleset.com\/fr\/wp-json\/wp\/v2\/product"}],"about":[{"href":"https:\/\/mestraold.lleset.com\/fr\/wp-json\/wp\/v2\/types\/product"}],"wp:featuredmedia":[{"embeddable":true,"href":"https:\/\/mestraold.lleset.com\/fr\/wp-json\/wp\/v2\/media\/20577"}],"wp:attachment":[{"href":"https:\/\/mestraold.lleset.com\/fr\/wp-json\/wp\/v2\/media?parent=55495"}],"wp:term":[{"taxonomy":"product_cat","embeddable":true,"href":"https:\/\/mestraold.lleset.com\/fr\/wp-json\/wp\/v2\/product_cat?post=55495"},{"taxonomy":"product_tag","embeddable":true,"href":"https:\/\/mestraold.lleset.com\/fr\/wp-json\/wp\/v2\/product_tag?post=55495"}],"curies":[{"name":"wp","href":"https:\/\/api.w.org\/{rel}","templated":true}]}}