{"id":55407,"date":"2023-03-05T17:57:59","date_gmt":"2023-03-17T01:01:34","guid":{"rendered":"https:\/\/mestra.migracionesbgweb.com\/producto\/bol-complet-pour-koala-iris-550-cc-polycarbonate\/"},"modified":"2023-07-03T10:38:07","modified_gmt":"2023-07-03T08:38:07","slug":"bol-complet-pour-koala-iris-550-cc-polycarbonate","status":"publish","type":"product","link":"https:\/\/mestraold.lleset.com\/fr\/produit\/bol-complet-pour-koala-iris-550-cc-polycarbonate\/","title":{"rendered":"Bol complet pour koala-iris 550 cc &#8211; polycarbonate"},"content":{"rendered":"<p>Capacit\u00e9: 550 cc est\u00e1ndar<\/p>\n<p>\u00d8 93 mm<\/p>\n<p>\u2191 92 mm<\/p>\n<p>Fabrique\u0301e en poly carbonate transparent de haute re\u0301sistance.<\/p>\n<p>La pelle (\u00e9galement en polycarbonate) m\u00e9rite une attention particuli\u00e8re:<\/p>\n<p>&#8211; En cas de solidification du m\u00e9lange, la flexibilit\u00e9 de la palette permet de briser facilement les r\u00e9sidus de pl\u00e2tre sec.<\/p>\n<p>&#8211; Les Voir produittus antiadh\u00e9sives du polycarbonate permettent un nettoyage facile.<\/p>\n<p>&#8211; Le plastique inject\u00e9 permet d&rsquo;obtenir des formes plus hydrodynamiques que la t\u00f4le m\u00e9tallique traditionnelle. Cela favorise le m\u00e9lange.<\/p>\n<p>&#8211; On simplifie m\u00e9caniquement l&rsquo;ensemble, ce qui r\u00e9duit \u00e9galement le nombre de pannes et la maintenance.<\/p>\n","protected":false},"excerpt":{"rendered":"<p>Num\u00e9ro 3 de mod\u00e8le<\/p>\n","protected":false},"featured_media":21620,"template":"","meta":[],"product_cat":[202,220],"product_tag":[],"class_list":["post-55407","product","type-product","status-publish","has-post-thumbnail","hentry","product_cat-laboratoire","product_cat-preparatin-de-modeles"],"acf":[],"df_price":122.61,"df_sale_price":"","df_regular_price":122.61,"df_image_link":"https:\/\/mestraold.lleset.com\/wp-content\/uploads\/2021\/12\/Tazas-para-mezcladoras-de-vacio-296x300.jpg","_links":{"self":[{"href":"https:\/\/mestraold.lleset.com\/fr\/wp-json\/wp\/v2\/product\/55407","targetHints":{"allow":["GET"]}}],"collection":[{"href":"https:\/\/mestraold.lleset.com\/fr\/wp-json\/wp\/v2\/product"}],"about":[{"href":"https:\/\/mestraold.lleset.com\/fr\/wp-json\/wp\/v2\/types\/product"}],"wp:featuredmedia":[{"embeddable":true,"href":"https:\/\/mestraold.lleset.com\/fr\/wp-json\/wp\/v2\/media\/21620"}],"wp:attachment":[{"href":"https:\/\/mestraold.lleset.com\/fr\/wp-json\/wp\/v2\/media?parent=55407"}],"wp:term":[{"taxonomy":"product_cat","embeddable":true,"href":"https:\/\/mestraold.lleset.com\/fr\/wp-json\/wp\/v2\/product_cat?post=55407"},{"taxonomy":"product_tag","embeddable":true,"href":"https:\/\/mestraold.lleset.com\/fr\/wp-json\/wp\/v2\/product_tag?post=55407"}],"curies":[{"name":"wp","href":"https:\/\/api.w.org\/{rel}","templated":true}]}}