{"id":55300,"date":"2023-03-05T17:39:32","date_gmt":"2023-03-17T00:55:39","guid":{"rendered":"https:\/\/mestra.migracionesbgweb.com\/producto\/fraise-de-tungstene-pour-le-platre-avec-piece-a-main-cylindrique\/"},"modified":"2023-11-23T10:42:05","modified_gmt":"2023-11-23T09:42:05","slug":"fraise-de-tungstene-pour-le-platre-avec-piece-a-main-cylindrique","status":"publish","type":"product","link":"https:\/\/mestraold.lleset.com\/fr\/produit\/fraise-de-tungstene-pour-le-platre-avec-piece-a-main-cylindrique\/","title":{"rendered":"Fraise de tungstene pour le platre avec piece a main &#8211; cylindrique"},"content":{"rendered":"<p>Pour travailler le pl\u00e2tre avec la pi\u00e8ce \u00e0 main.<\/p>\n<p>Sa fabrication en tungst\u00e8ne et sa denture sp\u00e9ciale permettent un haut rendement et une grande long\u00e9vit\u00e9.<\/p>\n<p>Vendues \u00e0 l\u2019unit\u00e9.<\/p>\n","protected":false},"excerpt":{"rendered":"<p>Pour travailler le pl\u00e2tre avec la pi\u00e8ce \u00e0 main. Sa fabrication en tungst\u00e8ne et sa denture sp\u00e9ciale permettent un haut rendement et une grande long\u00e9vit\u00e9. Vendues \u00e0 l\u2019unit\u00e9.<\/p>\n","protected":false},"featured_media":22512,"template":"","meta":[],"product_cat":[202],"product_tag":[],"class_list":["post-55300","product","type-product","status-publish","has-post-thumbnail","hentry","product_cat-laboratoire"],"acf":[],"df_price":40,"df_sale_price":"","df_regular_price":40,"df_image_link":"https:\/\/mestraold.lleset.com\/wp-content\/uploads\/2021\/12\/Fresa-de-Tungsteno-para-recortar-escayola-con-pieza-de-mano-227x300.jpg","_links":{"self":[{"href":"https:\/\/mestraold.lleset.com\/fr\/wp-json\/wp\/v2\/product\/55300","targetHints":{"allow":["GET"]}}],"collection":[{"href":"https:\/\/mestraold.lleset.com\/fr\/wp-json\/wp\/v2\/product"}],"about":[{"href":"https:\/\/mestraold.lleset.com\/fr\/wp-json\/wp\/v2\/types\/product"}],"wp:featuredmedia":[{"embeddable":true,"href":"https:\/\/mestraold.lleset.com\/fr\/wp-json\/wp\/v2\/media\/22512"}],"wp:attachment":[{"href":"https:\/\/mestraold.lleset.com\/fr\/wp-json\/wp\/v2\/media?parent=55300"}],"wp:term":[{"taxonomy":"product_cat","embeddable":true,"href":"https:\/\/mestraold.lleset.com\/fr\/wp-json\/wp\/v2\/product_cat?post=55300"},{"taxonomy":"product_tag","embeddable":true,"href":"https:\/\/mestraold.lleset.com\/fr\/wp-json\/wp\/v2\/product_tag?post=55300"}],"curies":[{"name":"wp","href":"https:\/\/api.w.org\/{rel}","templated":true}]}}