{"id":55270,"date":"2023-03-05T17:34:26","date_gmt":"2023-03-17T00:54:22","guid":{"rendered":"https:\/\/mestra.migracionesbgweb.com\/producto\/pointe-montee-voir-produitte-21-12-u-2\/"},"modified":"2023-07-03T11:27:19","modified_gmt":"2023-07-03T09:27:19","slug":"pointe-montee-voir-produitte-21-12-u-2","status":"publish","type":"product","link":"https:\/\/mestraold.lleset.com\/fr\/produit\/pointe-montee-voir-produitte-21-12-u-2\/","title":{"rendered":"Pointe montee Voir produitte &#8211; 21 &#8211; (12 u.)"},"content":{"rendered":"<p>Tr\u00e8s r\u00e9sistantes. Fabriqu\u00e9es en carbure de silicium.<\/p>\n<p>Sp\u00e9cialement indiqu\u00e9es pour la finition des c\u00e9ramiques, des composites et des alliages pr\u00e9cieux et semi pr\u00e9cieux.<\/p>\n","protected":false},"excerpt":{"rendered":"<p>Tr\u00e8s r\u00e9sistantes. Fabriqu\u00e9es en carbure de silicium. Sp\u00e9cialement indiqu\u00e9es pour la finition des c\u00e9ramiques, des composites et des alliages pr\u00e9cieux et semi pr\u00e9cieux.<\/p>\n","protected":false},"featured_media":22623,"template":"","meta":[],"product_cat":[202],"product_tag":[],"class_list":["post-55270","product","type-product","status-publish","has-post-thumbnail","hentry","product_cat-laboratoire"],"acf":[],"df_price":11.69,"df_sale_price":"","df_regular_price":11.69,"df_image_link":"https:\/\/mestraold.lleset.com\/wp-content\/uploads\/2022\/01\/Piedras-abrasivas-verdes-300x208.jpg","_links":{"self":[{"href":"https:\/\/mestraold.lleset.com\/fr\/wp-json\/wp\/v2\/product\/55270","targetHints":{"allow":["GET"]}}],"collection":[{"href":"https:\/\/mestraold.lleset.com\/fr\/wp-json\/wp\/v2\/product"}],"about":[{"href":"https:\/\/mestraold.lleset.com\/fr\/wp-json\/wp\/v2\/types\/product"}],"wp:featuredmedia":[{"embeddable":true,"href":"https:\/\/mestraold.lleset.com\/fr\/wp-json\/wp\/v2\/media\/22623"}],"wp:attachment":[{"href":"https:\/\/mestraold.lleset.com\/fr\/wp-json\/wp\/v2\/media?parent=55270"}],"wp:term":[{"taxonomy":"product_cat","embeddable":true,"href":"https:\/\/mestraold.lleset.com\/fr\/wp-json\/wp\/v2\/product_cat?post=55270"},{"taxonomy":"product_tag","embeddable":true,"href":"https:\/\/mestraold.lleset.com\/fr\/wp-json\/wp\/v2\/product_tag?post=55270"}],"curies":[{"name":"wp","href":"https:\/\/api.w.org\/{rel}","templated":true}]}}