{"id":55258,"date":"2023-03-05T17:32:45","date_gmt":"2023-03-17T00:53:54","guid":{"rendered":"https:\/\/mestra.migracionesbgweb.com\/producto\/pointe-montee-rose-42-12-u\/"},"modified":"2023-07-03T11:31:23","modified_gmt":"2023-07-03T09:31:23","slug":"pointe-montee-rose-42-12-u","status":"publish","type":"product","link":"https:\/\/mestraold.lleset.com\/fr\/produit\/pointe-montee-rose-42-12-u\/","title":{"rendered":"Pointe montee rose &#8211; 42 &#8211; (12 u.)"},"content":{"rendered":"<p>Tr\u00e8s r\u00e9sistantes. Fabriqu\u00e9es en oxyde d\u2019alumine.<\/p>\n<p>Pour le polissage du nickel-chrome et du chrome-cobalt.<\/p>\n","protected":false},"excerpt":{"rendered":"<p>Tr\u00e8s r\u00e9sistantes. Fabriqu\u00e9es en oxyde d\u2019alumine. Pour le polissage du nickel-chrome et du chrome-cobalt.<\/p>\n","protected":false},"featured_media":22655,"template":"","meta":[],"product_cat":[202],"product_tag":[],"class_list":["post-55258","product","type-product","status-publish","has-post-thumbnail","hentry","product_cat-laboratoire"],"acf":[],"df_price":11.69,"df_sale_price":"","df_regular_price":11.69,"df_image_link":"https:\/\/mestraold.lleset.com\/wp-content\/uploads\/2022\/01\/Piedras-rosas-de-alta-abrasion-300x208.jpg","_links":{"self":[{"href":"https:\/\/mestraold.lleset.com\/fr\/wp-json\/wp\/v2\/product\/55258","targetHints":{"allow":["GET"]}}],"collection":[{"href":"https:\/\/mestraold.lleset.com\/fr\/wp-json\/wp\/v2\/product"}],"about":[{"href":"https:\/\/mestraold.lleset.com\/fr\/wp-json\/wp\/v2\/types\/product"}],"wp:featuredmedia":[{"embeddable":true,"href":"https:\/\/mestraold.lleset.com\/fr\/wp-json\/wp\/v2\/media\/22655"}],"wp:attachment":[{"href":"https:\/\/mestraold.lleset.com\/fr\/wp-json\/wp\/v2\/media?parent=55258"}],"wp:term":[{"taxonomy":"product_cat","embeddable":true,"href":"https:\/\/mestraold.lleset.com\/fr\/wp-json\/wp\/v2\/product_cat?post=55258"},{"taxonomy":"product_tag","embeddable":true,"href":"https:\/\/mestraold.lleset.com\/fr\/wp-json\/wp\/v2\/product_tag?post=55258"}],"curies":[{"name":"wp","href":"https:\/\/api.w.org\/{rel}","templated":true}]}}