{"id":55238,"date":"2023-03-05T17:29:18","date_gmt":"2023-03-17T00:52:59","guid":{"rendered":"https:\/\/mestra.migracionesbgweb.com\/producto\/fraise-diamantee-dans-la-masse-bague-voir-produitte-metal-grain-gros-5\/"},"modified":"2023-07-03T11:20:04","modified_gmt":"2023-07-03T09:20:04","slug":"fraise-diamantee-dans-la-masse-bague-voir-produitte-metal-grain-gros-5","status":"publish","type":"product","link":"https:\/\/mestraold.lleset.com\/fr\/produit\/fraise-diamantee-dans-la-masse-bague-voir-produitte-metal-grain-gros-5\/","title":{"rendered":"Fraise diamantee dans la masse bague Voir produitte (metal grain gros) &#8211; 5"},"content":{"rendered":"<p>Fraises diamant\u00e9es dans la masse (et non pas seulement en surface) aux formes les plus utilis\u00e9es dans le laboratoire dentaire.<\/p>\n<p>Sp\u00e9ciale pour les m\u00e9taux (d\u00e9grossissage).<\/p>\n","protected":false},"excerpt":{"rendered":"<p>Fraises diamant\u00e9es dans la masse (et non pas seulement en surface) aux formes les plus utilis\u00e9es dans le laboratoire dentaire. Sp\u00e9ciale pour les m\u00e9taux (d\u00e9grossissage).<\/p>\n","protected":false},"featured_media":22760,"template":"","meta":[],"product_cat":[202],"product_tag":[],"class_list":["post-55238","product","type-product","status-publish","has-post-thumbnail","hentry","product_cat-laboratoire"],"acf":[],"df_price":25.01,"df_sale_price":"","df_regular_price":25.01,"df_image_link":"https:\/\/mestraold.lleset.com\/wp-content\/uploads\/2022\/01\/Fresas-de-diamante-banda-verde-grueso-300x300.jpg","_links":{"self":[{"href":"https:\/\/mestraold.lleset.com\/fr\/wp-json\/wp\/v2\/product\/55238","targetHints":{"allow":["GET"]}}],"collection":[{"href":"https:\/\/mestraold.lleset.com\/fr\/wp-json\/wp\/v2\/product"}],"about":[{"href":"https:\/\/mestraold.lleset.com\/fr\/wp-json\/wp\/v2\/types\/product"}],"wp:featuredmedia":[{"embeddable":true,"href":"https:\/\/mestraold.lleset.com\/fr\/wp-json\/wp\/v2\/media\/22760"}],"wp:attachment":[{"href":"https:\/\/mestraold.lleset.com\/fr\/wp-json\/wp\/v2\/media?parent=55238"}],"wp:term":[{"taxonomy":"product_cat","embeddable":true,"href":"https:\/\/mestraold.lleset.com\/fr\/wp-json\/wp\/v2\/product_cat?post=55238"},{"taxonomy":"product_tag","embeddable":true,"href":"https:\/\/mestraold.lleset.com\/fr\/wp-json\/wp\/v2\/product_tag?post=55238"}],"curies":[{"name":"wp","href":"https:\/\/api.w.org\/{rel}","templated":true}]}}