{"id":55229,"date":"2023-03-05T17:27:30","date_gmt":"2023-03-17T00:52:27","guid":{"rendered":"https:\/\/mestra.migracionesbgweb.com\/producto\/fraise-diamantee-dans-la-masse-bague-rouge-metal-grain-fin-8\/"},"modified":"2023-07-03T11:22:16","modified_gmt":"2023-07-03T09:22:16","slug":"fraise-diamantee-dans-la-masse-bague-rouge-metal-grain-fin-8","status":"publish","type":"product","link":"https:\/\/mestraold.lleset.com\/fr\/produit\/fraise-diamantee-dans-la-masse-bague-rouge-metal-grain-fin-8\/","title":{"rendered":"Fraise diamantee dans la masse bague rouge (metal grain fin) &#8211; 8"},"content":{"rendered":"<p>Fraises diamant\u00e9es dans la masse (et non pas seulement en surface) aux formes les plus utilis\u00e9es dans le laboratoire dentaire.<\/p>\n<p>Sp\u00e9ciale pour le sm\u00e9taux (finition).<\/p>\n","protected":false},"excerpt":{"rendered":"<p>Fraises diamant\u00e9es dans la masse (et non pas seulement en surface) aux formes les plus utilis\u00e9es dans le laboratoire dentaire. Sp\u00e9ciale pour le sm\u00e9taux (finition).<\/p>\n","protected":false},"featured_media":22784,"template":"","meta":[],"product_cat":[202],"product_tag":[],"class_list":["post-55229","product","type-product","status-publish","has-post-thumbnail","hentry","product_cat-laboratoire"],"acf":[],"df_price":25.01,"df_sale_price":"","df_regular_price":25.01,"df_image_link":"https:\/\/mestraold.lleset.com\/wp-content\/uploads\/2022\/01\/Fresas-de-diamante-banda-roja-grano-fino-300x300.jpg","_links":{"self":[{"href":"https:\/\/mestraold.lleset.com\/fr\/wp-json\/wp\/v2\/product\/55229","targetHints":{"allow":["GET"]}}],"collection":[{"href":"https:\/\/mestraold.lleset.com\/fr\/wp-json\/wp\/v2\/product"}],"about":[{"href":"https:\/\/mestraold.lleset.com\/fr\/wp-json\/wp\/v2\/types\/product"}],"wp:featuredmedia":[{"embeddable":true,"href":"https:\/\/mestraold.lleset.com\/fr\/wp-json\/wp\/v2\/media\/22784"}],"wp:attachment":[{"href":"https:\/\/mestraold.lleset.com\/fr\/wp-json\/wp\/v2\/media?parent=55229"}],"wp:term":[{"taxonomy":"product_cat","embeddable":true,"href":"https:\/\/mestraold.lleset.com\/fr\/wp-json\/wp\/v2\/product_cat?post=55229"},{"taxonomy":"product_tag","embeddable":true,"href":"https:\/\/mestraold.lleset.com\/fr\/wp-json\/wp\/v2\/product_tag?post=55229"}],"curies":[{"name":"wp","href":"https:\/\/api.w.org\/{rel}","templated":true}]}}