{"id":55222,"date":"2023-03-05T17:27:30","date_gmt":"2023-03-17T00:52:27","guid":{"rendered":"https:\/\/mestra.migracionesbgweb.com\/producto\/set-de-fraises-diamantees-dans-la-masse-bague-rouge-metal-grain-fin\/"},"modified":"2023-07-03T11:21:00","modified_gmt":"2023-07-03T09:21:00","slug":"set-de-fraises-diamantees-dans-la-masse-bague-rouge-metal-grain-fin","status":"publish","type":"product","link":"https:\/\/mestraold.lleset.com\/fr\/produit\/set-de-fraises-diamantees-dans-la-masse-bague-rouge-metal-grain-fin\/","title":{"rendered":"Set de fraises diamantees dans la masse bague rouge (metal grain fin)"},"content":{"rendered":"<p>Fraises diamant\u00e9es dans la masse (et non pas seulement en surface) aux formes les plus utilis\u00e9es dans le laboratoire dentaire.<\/p>\n<p>Sp\u00e9ciale pour le sm\u00e9taux (finition).<\/p>\n","protected":false},"excerpt":{"rendered":"<p>Fraises diamant\u00e9es dans la masse (et non pas seulement en surface) aux formes les plus utilis\u00e9es dans le laboratoire dentaire. Sp\u00e9ciale pour le sm\u00e9taux (finition).<\/p>\n","protected":false},"featured_media":22784,"template":"","meta":[],"product_cat":[202],"product_tag":[],"class_list":["post-55222","product","type-product","status-publish","has-post-thumbnail","hentry","product_cat-laboratoire"],"acf":[],"df_price":199.92,"df_sale_price":"","df_regular_price":199.92,"df_image_link":"https:\/\/mestraold.lleset.com\/wp-content\/uploads\/2022\/01\/Fresas-de-diamante-banda-roja-grano-fino-300x300.jpg","_links":{"self":[{"href":"https:\/\/mestraold.lleset.com\/fr\/wp-json\/wp\/v2\/product\/55222","targetHints":{"allow":["GET"]}}],"collection":[{"href":"https:\/\/mestraold.lleset.com\/fr\/wp-json\/wp\/v2\/product"}],"about":[{"href":"https:\/\/mestraold.lleset.com\/fr\/wp-json\/wp\/v2\/types\/product"}],"wp:featuredmedia":[{"embeddable":true,"href":"https:\/\/mestraold.lleset.com\/fr\/wp-json\/wp\/v2\/media\/22784"}],"wp:attachment":[{"href":"https:\/\/mestraold.lleset.com\/fr\/wp-json\/wp\/v2\/media?parent=55222"}],"wp:term":[{"taxonomy":"product_cat","embeddable":true,"href":"https:\/\/mestraold.lleset.com\/fr\/wp-json\/wp\/v2\/product_cat?post=55222"},{"taxonomy":"product_tag","embeddable":true,"href":"https:\/\/mestraold.lleset.com\/fr\/wp-json\/wp\/v2\/product_tag?post=55222"}],"curies":[{"name":"wp","href":"https:\/\/api.w.org\/{rel}","templated":true}]}}