{"id":55177,"date":"2023-03-05T17:18:43","date_gmt":"2023-03-17T00:50:09","guid":{"rendered":"https:\/\/mestra.migracionesbgweb.com\/producto\/set-dinstruments-pour-la-ceramique\/"},"modified":"2023-07-03T09:23:25","modified_gmt":"2023-07-03T07:23:25","slug":"set-dinstruments-pour-la-ceramique","status":"publish","type":"product","link":"https:\/\/mestraold.lleset.com\/fr\/produit\/set-dinstruments-pour-la-ceramique\/","title":{"rendered":"Set d&rsquo;instruments pour la ceramique"},"content":{"rendered":"<p>Set de alta calidad con instrumentos para cer\u00e1mica. Cada herramienta incluye una punta de moldeo y otra flexible situadas en cada extremo. El set se suministra en un pr\u00e1ctico estuche.<\/p>\n<p>Dispone de tres puntas de recambio con perfiles diferentes. <\/p>\n<p>El extremo est\u00e1 roscado para su fijaci\u00f3n en el instrumento.<\/p>\n","protected":false},"excerpt":{"rendered":"<p>Set de alta calidad con instrumentos para cer\u00e1mica. Cada herramienta incluye una punta de moldeo y otra flexible situadas en cada extremo. El set se suministra en un pr\u00e1ctico estuche. Dispone de tres puntas de recambio con perfiles diferentes. El extremo est\u00e1 roscado para su fijaci\u00f3n en el instrumento.<\/p>\n","protected":false},"featured_media":23028,"template":"","meta":[],"product_cat":[202],"product_tag":[],"class_list":["post-55177","product","type-product","status-publish","has-post-thumbnail","hentry","product_cat-laboratoire"],"acf":[],"df_price":131.55,"df_sale_price":"","df_regular_price":131.55,"df_image_link":"https:\/\/mestraold.lleset.com\/wp-content\/uploads\/2022\/01\/Instrumentos-para-ceramica-300x225.jpg","_links":{"self":[{"href":"https:\/\/mestraold.lleset.com\/fr\/wp-json\/wp\/v2\/product\/55177","targetHints":{"allow":["GET"]}}],"collection":[{"href":"https:\/\/mestraold.lleset.com\/fr\/wp-json\/wp\/v2\/product"}],"about":[{"href":"https:\/\/mestraold.lleset.com\/fr\/wp-json\/wp\/v2\/types\/product"}],"wp:featuredmedia":[{"embeddable":true,"href":"https:\/\/mestraold.lleset.com\/fr\/wp-json\/wp\/v2\/media\/23028"}],"wp:attachment":[{"href":"https:\/\/mestraold.lleset.com\/fr\/wp-json\/wp\/v2\/media?parent=55177"}],"wp:term":[{"taxonomy":"product_cat","embeddable":true,"href":"https:\/\/mestraold.lleset.com\/fr\/wp-json\/wp\/v2\/product_cat?post=55177"},{"taxonomy":"product_tag","embeddable":true,"href":"https:\/\/mestraold.lleset.com\/fr\/wp-json\/wp\/v2\/product_tag?post=55177"}],"curies":[{"name":"wp","href":"https:\/\/api.w.org\/{rel}","templated":true}]}}