{"id":55136,"date":"2023-03-05T17:11:51","date_gmt":"2023-03-17T00:48:12","guid":{"rendered":"https:\/\/mestra.migracionesbgweb.com\/producto\/creuset-oxyde-de-silice-type-manfredi-c-15-double-couche-1-u\/"},"modified":"2023-07-03T09:01:07","modified_gmt":"2023-07-03T07:01:07","slug":"creuset-oxyde-de-silice-type-manfredi-c-15-double-couche-1-u","status":"publish","type":"product","link":"https:\/\/mestraold.lleset.com\/fr\/produit\/creuset-oxyde-de-silice-type-manfredi-c-15-double-couche-1-u\/","title":{"rendered":"Creuset &#8211; oxyde de silice &#8211; type manfredi c-15 double couche &#8211; 1 u."},"content":{"rendered":"<p>Double couch\u00e9<\/p>\n<p>H: 69<\/p>\n<p>H1: 45<\/p>\n<p>L: 47<\/p>\n<p>\u00d81: 47<\/p>\n<p>\u00d82: 37<\/p>\n<p>Grammes aprox: 91<\/p>\n","protected":false},"excerpt":{"rendered":"<p>Double couch\u00e9 H: 69 H1: 45 L: 47 \u00d81: 47 \u00d82: 37 Grammes aprox: 91<\/p>\n","protected":false},"featured_media":24440,"template":"","meta":[],"product_cat":[202],"product_tag":[],"class_list":["post-55136","product","type-product","status-publish","has-post-thumbnail","hentry","product_cat-laboratoire"],"acf":[],"df_price":21.44,"df_sale_price":"","df_regular_price":21.44,"df_image_link":"https:\/\/mestraold.lleset.com\/wp-content\/uploads\/2022\/02\/234-CRISOLES-OXIDO-DE-SILICIO-300x200.jpg","_links":{"self":[{"href":"https:\/\/mestraold.lleset.com\/fr\/wp-json\/wp\/v2\/product\/55136","targetHints":{"allow":["GET"]}}],"collection":[{"href":"https:\/\/mestraold.lleset.com\/fr\/wp-json\/wp\/v2\/product"}],"about":[{"href":"https:\/\/mestraold.lleset.com\/fr\/wp-json\/wp\/v2\/types\/product"}],"wp:featuredmedia":[{"embeddable":true,"href":"https:\/\/mestraold.lleset.com\/fr\/wp-json\/wp\/v2\/media\/24440"}],"wp:attachment":[{"href":"https:\/\/mestraold.lleset.com\/fr\/wp-json\/wp\/v2\/media?parent=55136"}],"wp:term":[{"taxonomy":"product_cat","embeddable":true,"href":"https:\/\/mestraold.lleset.com\/fr\/wp-json\/wp\/v2\/product_cat?post=55136"},{"taxonomy":"product_tag","embeddable":true,"href":"https:\/\/mestraold.lleset.com\/fr\/wp-json\/wp\/v2\/product_tag?post=55136"}],"curies":[{"name":"wp","href":"https:\/\/api.w.org\/{rel}","templated":true}]}}