{"id":55111,"date":"2023-03-05T17:08:30","date_gmt":"2023-03-17T00:47:15","guid":{"rendered":"https:\/\/mestra.migracionesbgweb.com\/producto\/pince-a-ebouillanter-les-moufles\/"},"modified":"2023-07-03T08:46:34","modified_gmt":"2023-07-03T06:46:34","slug":"pince-a-ebouillanter-les-moufles","status":"publish","type":"product","link":"https:\/\/mestraold.lleset.com\/fr\/produit\/pince-a-ebouillanter-les-moufles\/","title":{"rendered":"Pince a ebouillanter les moufles"},"content":{"rendered":"<p>Pinces fariqu\u00e9es avec des aluminiums l\u00e8gers. Tr\u00e8s l\u00e9g\u00e8res, elles peuvent facilement \u00eatre manipul\u00e9es avec une seule main.<\/p>\n<p>Dimensions: 390 mm<\/p>\n<p>Poids: 250 g<\/p>\n","protected":false},"excerpt":{"rendered":"<p>Pinces fariqu\u00e9es avec des aluminiums l\u00e8gers. Tr\u00e8s l\u00e9g\u00e8res, elles peuvent facilement \u00eatre manipul\u00e9es avec une seule main. Dimensions: 390 mm Poids: 250 g<\/p>\n","protected":false},"featured_media":20840,"template":"","meta":[],"product_cat":[202,238],"product_tag":[],"class_list":["post-55111","product","type-product","status-publish","has-post-thumbnail","hentry","product_cat-laboratoire","product_cat-polymerisation"],"acf":[],"df_price":32.82,"df_sale_price":"","df_regular_price":32.82,"df_image_link":"https:\/\/mestraold.lleset.com\/wp-content\/uploads\/2021\/12\/Tenazas-300x220.jpg","_links":{"self":[{"href":"https:\/\/mestraold.lleset.com\/fr\/wp-json\/wp\/v2\/product\/55111","targetHints":{"allow":["GET"]}}],"collection":[{"href":"https:\/\/mestraold.lleset.com\/fr\/wp-json\/wp\/v2\/product"}],"about":[{"href":"https:\/\/mestraold.lleset.com\/fr\/wp-json\/wp\/v2\/types\/product"}],"wp:featuredmedia":[{"embeddable":true,"href":"https:\/\/mestraold.lleset.com\/fr\/wp-json\/wp\/v2\/media\/20840"}],"wp:attachment":[{"href":"https:\/\/mestraold.lleset.com\/fr\/wp-json\/wp\/v2\/media?parent=55111"}],"wp:term":[{"taxonomy":"product_cat","embeddable":true,"href":"https:\/\/mestraold.lleset.com\/fr\/wp-json\/wp\/v2\/product_cat?post=55111"},{"taxonomy":"product_tag","embeddable":true,"href":"https:\/\/mestraold.lleset.com\/fr\/wp-json\/wp\/v2\/product_tag?post=55111"}],"curies":[{"name":"wp","href":"https:\/\/api.w.org\/{rel}","templated":true}]}}