{"id":55030,"date":"2023-03-05T16:55:02","date_gmt":"2023-03-17T00:43:08","guid":{"rendered":"https:\/\/mestra.migracionesbgweb.com\/producto\/four-de-chauffe-hp-25\/"},"modified":"2023-07-19T11:11:11","modified_gmt":"2023-07-19T09:11:11","slug":"four-de-chauffe-hp-25","status":"publish","type":"product","link":"https:\/\/mestraold.lleset.com\/fr\/produit\/four-de-chauffe-hp-25\/","title":{"rendered":"Four de chauffe hp-25"},"content":{"rendered":"<p>Le moufle est mont\u00e9 dans un caisson en acier inoxydable 18\/8, met\u00e9riel supportant le mieux les exigences dues \u00e0 la temp\u00e9rature. Le moufle en c\u00e9ramique est particuli\u00e8rement robuste dans le temps. Les r\u00e9sistances int\u00e9gr\u00e9es.<\/p>\n<p>Les fours existent en trois Voir produitsions de capacit\u00e9 diff\u00e9rente selon les besoins du laboratoire.<\/p>\n<p>Le contr\u00f4le \u00e9lectronique peut \u00eatre programm\u00e9 avec un d\u00e9marrage diff\u00e9r\u00e9, et 3 paliers de chauffe. le temps de mont\u00e9e en temp\u00e9rature et de maintien de chaque palier peuvent \u00eatre programm\u00e9s en \u00baC par minute.<\/p>\n<p>On peut m\u00e9morise jusqu\u2019\u00e0 20 programmes.<\/p>\n<p>Les fours sont pourvus d\u2019un signal acoustique en fin de cycle, d\u2019un syst\u00e8me de d\u00e9tection d\u2019ouVoir produitture de la porte, et d\u2019un syst\u00e8me de d\u00e9tection de rupture de la canne pyrom\u00e9trique.<\/p>\n","protected":false},"excerpt":{"rendered":"<p>Le moufle est mont\u00e9 dans un caisson en acier inoxydable 18\/8, met\u00e9riel supportant le mieux les exigences dues \u00e0 la temp\u00e9rature. Le moufle en c\u00e9ramique est particuli\u00e8rement robuste dans le temps. Les r\u00e9sistances int\u00e9gr\u00e9es. Les fours existent en trois Voir produitsions de capacit\u00e9 diff\u00e9rente selon les besoins du laboratoire. Le contr\u00f4le \u00e9lectronique peut \u00eatre programm\u00e9 [&hellip;]<\/p>\n","protected":false},"featured_media":21171,"template":"","meta":[],"product_cat":[202],"product_tag":[],"class_list":["post-55030","product","type-product","status-publish","has-post-thumbnail","hentry","product_cat-laboratoire"],"acf":[],"df_price":1514.31,"df_sale_price":1514.31,"df_regular_price":2753.29,"df_image_link":"https:\/\/mestraold.lleset.com\/wp-content\/uploads\/2021\/12\/Hornos-de-precalentamiento-300x300.jpg","_links":{"self":[{"href":"https:\/\/mestraold.lleset.com\/fr\/wp-json\/wp\/v2\/product\/55030","targetHints":{"allow":["GET"]}}],"collection":[{"href":"https:\/\/mestraold.lleset.com\/fr\/wp-json\/wp\/v2\/product"}],"about":[{"href":"https:\/\/mestraold.lleset.com\/fr\/wp-json\/wp\/v2\/types\/product"}],"wp:featuredmedia":[{"embeddable":true,"href":"https:\/\/mestraold.lleset.com\/fr\/wp-json\/wp\/v2\/media\/21171"}],"wp:attachment":[{"href":"https:\/\/mestraold.lleset.com\/fr\/wp-json\/wp\/v2\/media?parent=55030"}],"wp:term":[{"taxonomy":"product_cat","embeddable":true,"href":"https:\/\/mestraold.lleset.com\/fr\/wp-json\/wp\/v2\/product_cat?post=55030"},{"taxonomy":"product_tag","embeddable":true,"href":"https:\/\/mestraold.lleset.com\/fr\/wp-json\/wp\/v2\/product_tag?post=55030"}],"curies":[{"name":"wp","href":"https:\/\/api.w.org\/{rel}","templated":true}]}}