{"id":55026,"date":"2023-03-05T16:53:17","date_gmt":"2023-03-17T00:42:27","guid":{"rendered":"https:\/\/mestra.migracionesbgweb.com\/producto\/taille-platre-avec-frein-mulhacen-papier-abrasif-sec\/"},"modified":"2023-07-11T12:36:16","modified_gmt":"2023-07-11T10:36:16","slug":"taille-platre-avec-frein-mulhacen-papier-abrasif-sec","status":"publish","type":"product","link":"https:\/\/mestraold.lleset.com\/fr\/produit\/taille-platre-avec-frein-mulhacen-papier-abrasif-sec\/","title":{"rendered":"Taille-platre avec frein mulhacen &#8211; papier abrasif (sec)"},"content":{"rendered":"<h3>Taille-pl\u00e2tre moderne et pratique.<\/h3>\n<p>Moteur puissant de 1600W avec frein int\u00e9gr\u00e9. Fa\u00e7ade amovible permettant un acc\u00e8s rapide au disque, lampe t\u00e9moin de fonctionnement, disques scratch de type (Velcro\u00ae). Circuit de d\u2019eau efficace. Et de beaucoup d\u2019autres caract\u00e9ristiques qui font de la Mulhacen un des taille-pl\u00e2tre les plus aboutis du march\u00e9.<\/p>\n<p>Rapport qualit\u00e9 \/ prix imbattable.<\/p>\n<p>[vc_row][vc_column width=\u00a0\u00bb1\/3&Prime;][vc_single_image image=\u00a0\u00bb19593&Prime; img_size=\u00a0\u00bbfull\u00a0\u00bb onclick=\u00a0\u00bbimg_link_large\u00a0\u00bb img_link_target=\u00a0\u00bb_blank\u00a0\u00bb label=\u00a0\u00bb\u00a0\u00bb css=\u00a0\u00bb.vc_custom_1637843178241{padding-bottom: 10px !important;}\u00a0\u00bb][\/vc_column][vc_column width=\u00a0\u00bb2\/3&Prime;][vc_column_text]<\/p>\n<ul>\n<li>Fa\u00e7ade facilement d\u00e9montable (charni\u00e8re \u00e0 ouVoir produitture compl\u00e8te). Nettoyage ais\u00e9 et acc\u00e8s au disque.<\/li>\n<li>Fabriqu\u00e9 en plastiques techniques \u00e0 haute r\u00e9sistance.<\/li>\n<li>Absence de corrosion.<\/li>\n<\/ul>\n<p>[\/vc_column_text][\/vc_column][\/vc_row]<\/p>\n<p>[vc_row][vc_column width=\u00a0\u00bb1\/3&Prime;][vc_single_image image=\u00a0\u00bb19589&Prime; img_size=\u00a0\u00bbfull\u00a0\u00bb onclick=\u00a0\u00bbimg_link_large\u00a0\u00bb img_link_target=\u00a0\u00bb_blank\u00a0\u00bb label=\u00a0\u00bb\u00a0\u00bb css=\u00a0\u00bb.vc_custom_1637843178241{padding-bottom: 10px !important;}\u00a0\u00bb][\/vc_column][vc_column width=\u00a0\u00bb2\/3&Prime;][vc_column_text]Disque papier de Voir produitre type (Velcro\u00ae) tr\u00e8s efficace et \u00e0 grande long\u00e9vit\u00e9. Changement facile.[\/vc_column_text][\/vc_column][\/vc_row]<\/p>\n<p>[vc_row][vc_column width=\u00a0\u00bb1\/3&Prime;][vc_single_image image=\u00a0\u00bb19597&Prime; img_size=\u00a0\u00bbfull\u00a0\u00bb onclick=\u00a0\u00bbimg_link_large\u00a0\u00bb img_link_target=\u00a0\u00bb_blank\u00a0\u00bb label=\u00a0\u00bb\u00a0\u00bb css=\u00a0\u00bb.vc_custom_1637843178241{padding-bottom: 10px !important;}\u00a0\u00bb][\/vc_column][vc_column width=\u00a0\u00bb2\/3&Prime;][vc_column_text]Table de travail  de tr\u00e8s grande dimension : 121 mm de large. Probablement la plus grande du march\u00e9.[\/vc_column_text][\/vc_column][\/vc_row]<\/p>\n<p>[vc_row][vc_column width=\u00a0\u00bb1\/3&Prime;][vc_single_image image=\u00a0\u00bb19601&Prime; img_size=\u00a0\u00bbfull\u00a0\u00bb onclick=\u00a0\u00bbimg_link_large\u00a0\u00bb img_link_target=\u00a0\u00bb_blank\u00a0\u00bb label=\u00a0\u00bb\u00a0\u00bb css=\u00a0\u00bb.vc_custom_1637843178241{padding-bottom: 10px !important;}\u00a0\u00bb][\/vc_column][vc_column width=\u00a0\u00bb2\/3&Prime;][vc_column_text]Hauteur r\u00e9glable.[\/vc_column_text][\/vc_column][\/vc_row]<\/p>\n<p>[vc_row][vc_column width=\u00a0\u00bb1\/3&Prime;][vc_single_image image=\u00a0\u00bb19605&Prime; img_size=\u00a0\u00bbfull\u00a0\u00bb onclick=\u00a0\u00bbimg_link_large\u00a0\u00bb img_link_target=\u00a0\u00bb_blank\u00a0\u00bb label=\u00a0\u00bb\u00a0\u00bb css=\u00a0\u00bb.vc_custom_1637843178241{padding-bottom: 10px !important;}\u00a0\u00bb][\/vc_column][vc_column width=\u00a0\u00bb2\/3&Prime;][vc_column_text]<\/p>\n<ul>\n<li>Cl\u00e9 de r\u00e9glage du d\u00e9bit de l\u2019eau.<\/li>\n<li>Sortie des r\u00e9sifdus lat\u00e9raux. Les turbulences produites par le disque en mouvement permettent d\u2019\u00e9vacuer les r\u00e9sidus..<\/li>\n<\/ul>\n<p>[\/vc_column_text][\/vc_column][\/vc_row]<\/p>\n<p>[vc_row][vc_column width=\u00a0\u00bb1\/3&Prime;][vc_single_image image=\u00a0\u00bb19609&Prime; img_size=\u00a0\u00bbfull\u00a0\u00bb onclick=\u00a0\u00bbimg_link_large\u00a0\u00bb img_link_target=\u00a0\u00bb_blank\u00a0\u00bb label=\u00a0\u00bb\u00a0\u00bb css=\u00a0\u00bb.vc_custom_1637843178241{padding-bottom: 10px !important;}\u00a0\u00bb][\/vc_column][vc_column width=\u00a0\u00bb2\/3&Prime;][vc_column_text]<\/p>\n<ul>\n<li>La partie sup\u00e9rieure est pens\u00e9e pour placer un plateau de travail grand mod\u00e8le (R-100062). Ce qui lib\u00e8re la paillasse.<\/li>\n<\/ul>\n<p>[\/vc_column_text][\/vc_column][\/vc_row]<\/p>\n<p>[vc_row][vc_column width=\u00a0\u00bb1\/3&Prime;][vc_single_image image=\u00a0\u00bb19613&Prime; img_size=\u00a0\u00bbfull\u00a0\u00bb onclick=\u00a0\u00bbimg_link_large\u00a0\u00bb img_link_target=\u00a0\u00bb_blank\u00a0\u00bb label=\u00a0\u00bb\u00a0\u00bb css=\u00a0\u00bb.vc_custom_1637843178241{padding-bottom: 10px !important;}\u00a0\u00bb][\/vc_column][vc_column width=\u00a0\u00bb2\/3&Prime;][vc_column_text]<\/p>\n<ul>\n<li>Moteur de 1600 W et 3000 t \/ min.<\/li>\n<li>Frein int\u00e9gr\u00e9.<\/li>\n<\/ul>\n<p>[\/vc_column_text][\/vc_column][\/vc_row]<\/p>\n<p>[vc_row][vc_column width=\u00a0\u00bb1\/3&Prime;][vc_single_image image=\u00a0\u00bb19617&Prime; img_size=\u00a0\u00bbfull\u00a0\u00bb onclick=\u00a0\u00bbimg_link_large\u00a0\u00bb img_link_target=\u00a0\u00bb_blank\u00a0\u00bb label=\u00a0\u00bb\u00a0\u00bb css=\u00a0\u00bb.vc_custom_1637843178241{padding-bottom: 10px !important;}\u00a0\u00bb][\/vc_column][vc_column width=\u00a0\u00bb2\/3&Prime;][vc_column_text]<\/p>\n<ul>\n<li>Adaptation tr\u00e8s simple \u00e0 nos bacs de d\u00e9cantation R-080085 ou R-080085 y R-080087<\/li>\n<\/ul>\n<p>[\/vc_column_text][\/vc_column][\/vc_row]<\/p>\n<p>[vc_video link=\u00a0\u00bbhttps:\/\/www.youtube.com\/watch?v=Km4k1zg_uDk\u00a0\u00bb]<\/p>\n","protected":false},"excerpt":{"rendered":"<p>Taille-pl\u00e2tre moderne et pratique. Moteur puissant de 1600W avec frein int\u00e9gr\u00e9. Fa\u00e7ade amovible permettant un acc\u00e8s rapide au disque, lampe t\u00e9moin de fonctionnement, disques scratch de type (Velcro\u00ae). Circuit de d\u2019eau efficace. Et de beaucoup d\u2019autres caract\u00e9ristiques qui font de la Mulhacen un des taille-pl\u00e2tre les plus aboutis du march\u00e9. Rapport qualit\u00e9 \/ prix imbattable. [&hellip;]<\/p>\n","protected":false},"featured_media":19587,"template":"","meta":[],"product_cat":[202],"product_tag":[],"class_list":["post-55026","product","type-product","status-publish","has-post-thumbnail","hentry","product_cat-laboratoire"],"acf":[],"df_price":836.8,"df_sale_price":"","df_regular_price":836.8,"df_image_link":"https:\/\/mestraold.lleset.com\/wp-content\/uploads\/2021\/12\/1128-RECORTADORA-DE-MODELOS-MULHACEN-300x300.jpg","_links":{"self":[{"href":"https:\/\/mestraold.lleset.com\/fr\/wp-json\/wp\/v2\/product\/55026","targetHints":{"allow":["GET"]}}],"collection":[{"href":"https:\/\/mestraold.lleset.com\/fr\/wp-json\/wp\/v2\/product"}],"about":[{"href":"https:\/\/mestraold.lleset.com\/fr\/wp-json\/wp\/v2\/types\/product"}],"wp:featuredmedia":[{"embeddable":true,"href":"https:\/\/mestraold.lleset.com\/fr\/wp-json\/wp\/v2\/media\/19587"}],"wp:attachment":[{"href":"https:\/\/mestraold.lleset.com\/fr\/wp-json\/wp\/v2\/media?parent=55026"}],"wp:term":[{"taxonomy":"product_cat","embeddable":true,"href":"https:\/\/mestraold.lleset.com\/fr\/wp-json\/wp\/v2\/product_cat?post=55026"},{"taxonomy":"product_tag","embeddable":true,"href":"https:\/\/mestraold.lleset.com\/fr\/wp-json\/wp\/v2\/product_tag?post=55026"}],"curies":[{"name":"wp","href":"https:\/\/api.w.org\/{rel}","templated":true}]}}