{"id":55024,"date":"2023-03-05T16:53:17","date_gmt":"2023-03-17T00:42:27","guid":{"rendered":"https:\/\/mestra.migracionesbgweb.com\/producto\/taille-platre-avec-frein-mulhacen-papier-abrasif-standard\/"},"modified":"2023-11-22T10:36:00","modified_gmt":"2023-11-22T09:36:00","slug":"taille-platre-avec-frein-mulhacen-papier-abrasif-standard","status":"publish","type":"product","link":"https:\/\/mestraold.lleset.com\/fr\/produit\/taille-platre-avec-frein-mulhacen-papier-abrasif-standard\/","title":{"rendered":"Taille-platre avec frein mulhacen"},"content":{"rendered":"<p><span style=\"font-size: 18px;\"><strong>Un taille pl\u00e2tre moderne et versatile. <\/strong><\/span><\/p>\n<p>Il est \u00e9quip\u00e9 d\u2019un moteur puissant de 1600 W d\u2019un frein d\u2019arr\u00eat instantan\u00e9, d\u2019une fa\u00e7ade amovible pour un acc\u00e8s rapide au disque, Un t\u00e9moin de<br \/>\nfonctionnement, des disques \u00e0 fixation de type boucle\/cochet (Velcro\u00ae), un circuit de nettoyage innovateur, table de travail inclinable\u2026 et un grand nombre d\u2019\u00e9l\u00e9ments qui font du Taille-pl\u00e2tre Mulhac\u00e9n \u2014probablement\u2014 le mieux \u00e9quipe du march\u00e9. Le rapport qualit\u00e9\/prix est sans \u00e9gal.<\/p>\n<p>[vc_row][vc_column width=\u00a0\u00bb1\/3&Prime;][vc_single_image image=\u00a0\u00bb19593&Prime; img_size=\u00a0\u00bbfull\u00a0\u00bb onclick=\u00a0\u00bbimg_link_large\u00a0\u00bb img_link_target=\u00a0\u00bb_blank\u00a0\u00bb label=\u00a0\u00bb\u00a0\u00bb css=\u00a0\u00bb.vc_custom_1637843178241{padding-bottom: 10px !important;}\u00a0\u00bb][\/vc_column][vc_column width=\u00a0\u00bb2\/3&Prime;][vc_column_text]<\/p>\n<ul>\n<li>Partie frontale au d\u00e9montage ais\u00e9 (charni\u00e8re \u00e0 ouverture<br \/>\ntotale). Nettoyage et acc\u00e8s au disque faciles.<\/li>\n<li>Fabriqu\u00e9 avec des plastiques ABS de haute r\u00e9sistance.<\/li>\n<li>Aucune corrosion<\/li>\n<\/ul>\n<p>[\/vc_column_text][\/vc_column][\/vc_row]<\/p>\n<p>[vc_row][vc_column width=\u00a0\u00bb1\/3&Prime;][vc_single_image image=\u00a0\u00bb19589&Prime; img_size=\u00a0\u00bbfull\u00a0\u00bb onclick=\u00a0\u00bbimg_link_large\u00a0\u00bb img_link_target=\u00a0\u00bb_blank\u00a0\u00bb label=\u00a0\u00bb\u00a0\u00bb css=\u00a0\u00bb.vc_custom_1637843178241{padding-bottom: 10px !important;}\u00a0\u00bb][\/vc_column][vc_column width=\u00a0\u00bb2\/3&Prime;][vc_column_text]Disque en abrasif type (Velcro\u00ae) de grande capacit\u00e9 de coupe, tr\u00e8s facile \u00e0 remplacer.[\/vc_column_text][\/vc_column][\/vc_row]<\/p>\n<p>[vc_row][vc_column width=\u00a0\u00bb1\/3&Prime;][vc_single_image image=\u00a0\u00bb19597&Prime; img_size=\u00a0\u00bbfull\u00a0\u00bb onclick=\u00a0\u00bbimg_link_large\u00a0\u00bb img_link_target=\u00a0\u00bb_blank\u00a0\u00bb label=\u00a0\u00bb\u00a0\u00bb css=\u00a0\u00bb.vc_custom_1637843178241{padding-bottom: 10px !important;}\u00a0\u00bb][\/vc_column][vc_column width=\u00a0\u00bb2\/3&Prime;][vc_column_text]Grande table de travail : 121 mm de large (probablement la plus grande du march\u00e9).[\/vc_column_text][\/vc_column][\/vc_row]<\/p>\n<p>[vc_row][vc_column width=\u00a0\u00bb1\/3&Prime;][vc_single_image image=\u00a0\u00bb19601&Prime; img_size=\u00a0\u00bbfull\u00a0\u00bb onclick=\u00a0\u00bbimg_link_large\u00a0\u00bb img_link_target=\u00a0\u00bb_blank\u00a0\u00bb label=\u00a0\u00bb\u00a0\u00bb css=\u00a0\u00bb.vc_custom_1637843178241{padding-bottom: 10px !important;}\u00a0\u00bb][\/vc_column][vc_column width=\u00a0\u00bb2\/3&Prime;][vc_column_text]Table d&rsquo;appui r\u00e9glable en hauteur.[\/vc_column_text][\/vc_column][\/vc_row]<\/p>\n<p>[vc_row][vc_column width=\u00a0\u00bb1\/3&Prime;][vc_single_image image=\u00a0\u00bb19605&Prime; img_size=\u00a0\u00bbfull\u00a0\u00bb onclick=\u00a0\u00bbimg_link_large\u00a0\u00bb img_link_target=\u00a0\u00bb_blank\u00a0\u00bb label=\u00a0\u00bb\u00a0\u00bb css=\u00a0\u00bb.vc_custom_1637843178241{padding-bottom: 10px !important;}\u00a0\u00bb][\/vc_column][vc_column width=\u00a0\u00bb2\/3&Prime;][vc_column_text]<\/p>\n<ul>\n<li>Valve de r\u00e9gulation de l&rsquo;eau.<\/li>\n<li>Sortie lat\u00e9rale des d\u00e9chets, les turbulences produites par le disque en mouvement permettent d&rsquo;\u00e9vacuer les d\u00e9chets.<\/li>\n<\/ul>\n<p>[\/vc_column_text][\/vc_column][\/vc_row]<\/p>\n<p>[vc_row][vc_column width=\u00a0\u00bb1\/3&Prime;][vc_single_image image=\u00a0\u00bb19609&Prime; img_size=\u00a0\u00bbfull\u00a0\u00bb onclick=\u00a0\u00bbimg_link_large\u00a0\u00bb img_link_target=\u00a0\u00bb_blank\u00a0\u00bb label=\u00a0\u00bb\u00a0\u00bb css=\u00a0\u00bb.vc_custom_1637843178241{padding-bottom: 10px !important;}\u00a0\u00bb][\/vc_column][vc_column width=\u00a0\u00bb2\/3&Prime;][vc_column_text]<br \/>\nLa partie sup\u00e9rieure est con\u00e7ue pour accueillir un grand plateau \u00e0 mod\u00e8les (R\u00e9f. 100062). Lib\u00e9ration de la table de travail.<br \/>\n[\/vc_column_text][\/vc_column][\/vc_row]<\/p>\n<p>[vc_row][vc_column width=\u00a0\u00bb1\/3&Prime;][vc_single_image image=\u00a0\u00bb19613&Prime; img_size=\u00a0\u00bbfull\u00a0\u00bb onclick=\u00a0\u00bbimg_link_large\u00a0\u00bb img_link_target=\u00a0\u00bb_blank\u00a0\u00bb label=\u00a0\u00bb\u00a0\u00bb css=\u00a0\u00bb.vc_custom_1637843178241{padding-bottom: 10px !important;}\u00a0\u00bb][\/vc_column][vc_column width=\u00a0\u00bb2\/3&Prime;][vc_column_text]<\/p>\n<ul>\n<li>Moteur de 1600 W et 3000 tr\/min.<\/li>\n<li>Frein int\u00e9gr\u00e9.<\/li>\n<\/ul>\n<p>[\/vc_column_text][\/vc_column][\/vc_row]<\/p>\n<p>[vc_row][vc_column width=\u00a0\u00bb1\/3&Prime;][vc_single_image image=\u00a0\u00bb19617&Prime; img_size=\u00a0\u00bbfull\u00a0\u00bb onclick=\u00a0\u00bbimg_link_large\u00a0\u00bb img_link_target=\u00a0\u00bb_blank\u00a0\u00bb label=\u00a0\u00bb\u00a0\u00bb css=\u00a0\u00bb.vc_custom_1637843178241{padding-bottom: 10px !important;}\u00a0\u00bb][\/vc_column][vc_column width=\u00a0\u00bb2\/3&Prime;][vc_column_text]<br \/>\n<strong>Adaptation facile aux carafes Ref. 080085 et Ref. 080087.<\/strong><br \/>\n[\/vc_column_text][\/vc_column][\/vc_row]<\/p>\n<p>[vc_video link=\u00a0\u00bbhttps:\/\/www.youtube.com\/watch?v=Km4k1zg_uDk\u00a0\u00bb]<\/p>\n","protected":false},"excerpt":{"rendered":"<p>Un taille pl\u00e2tre moderne et versatile. Il est \u00e9quip\u00e9 d\u2019un moteur puissant de 1600 W d\u2019un frein d\u2019arr\u00eat instantan\u00e9, d\u2019une fa\u00e7ade amovible pour un acc\u00e8s rapide au disque, Un t\u00e9moin de fonctionnement, des disques \u00e0 fixation de type boucle\/cochet (Velcro\u00ae), un circuit de nettoyage innovateur, table de travail inclinable\u2026 et un grand nombre d\u2019\u00e9l\u00e9ments qui [&hellip;]<\/p>\n","protected":false},"featured_media":19587,"template":"","meta":[],"product_cat":[202],"product_tag":[],"class_list":["post-55024","product","type-product","status-publish","has-post-thumbnail","hentry","product_cat-laboratoire"],"acf":[],"df_price":460.24,"df_sale_price":"","df_regular_price":460.24,"df_image_link":"https:\/\/mestraold.lleset.com\/wp-content\/uploads\/2021\/12\/1128-RECORTADORA-DE-MODELOS-MULHACEN-300x300.jpg","_links":{"self":[{"href":"https:\/\/mestraold.lleset.com\/fr\/wp-json\/wp\/v2\/product\/55024","targetHints":{"allow":["GET"]}}],"collection":[{"href":"https:\/\/mestraold.lleset.com\/fr\/wp-json\/wp\/v2\/product"}],"about":[{"href":"https:\/\/mestraold.lleset.com\/fr\/wp-json\/wp\/v2\/types\/product"}],"wp:featuredmedia":[{"embeddable":true,"href":"https:\/\/mestraold.lleset.com\/fr\/wp-json\/wp\/v2\/media\/19587"}],"wp:attachment":[{"href":"https:\/\/mestraold.lleset.com\/fr\/wp-json\/wp\/v2\/media?parent=55024"}],"wp:term":[{"taxonomy":"product_cat","embeddable":true,"href":"https:\/\/mestraold.lleset.com\/fr\/wp-json\/wp\/v2\/product_cat?post=55024"},{"taxonomy":"product_tag","embeddable":true,"href":"https:\/\/mestraold.lleset.com\/fr\/wp-json\/wp\/v2\/product_tag?post=55024"}],"curies":[{"name":"wp","href":"https:\/\/api.w.org\/{rel}","templated":true}]}}