{"id":55023,"date":"2023-03-05T16:53:17","date_gmt":"2023-03-17T00:42:27","guid":{"rendered":"https:\/\/mestra.migracionesbgweb.com\/producto\/taille-platre-rh3-disque-diamant\/"},"modified":"2023-07-03T20:28:33","modified_gmt":"2023-07-03T18:28:33","slug":"taille-platre-rh3-disque-diamant","status":"publish","type":"product","link":"https:\/\/mestraold.lleset.com\/fr\/produit\/taille-platre-rh3-disque-diamant\/","title":{"rendered":"Taille-platre rh3 disque diamant"},"content":{"rendered":"<p>Famille de taille-pl\u00e2tre con\u00e7us pour une utilisation intense dans le laboratoire dentaire. Fiabilit\u00e9, robustesse et long\u00e9vit\u00e9 sont ses caract\u00e9ristiques principales. Cette gamme de taille-pl\u00e2tre est \u00e0 m\u00eame de satisfaire le plus grandes exigences et des conditions de travail extr\u00eames.<\/p>\n<p>C\u2019est une machine pr\u00e9cise gr\u00e2ce \u00e0 laquelle on peut r\u00e9aliser des travaux de pr\u00e9paration de mod\u00e8les d\u2019une mani\u00e8re rapide et simple. La famille de taille-pl\u00e2tre de la gamme classic est un excellent choix pour les techniciens qui d\u00e9sirent une machine durable, d\u2019un entretien simple et une iabilit\u00e9 \u00e0 toute \u00e9preuve. En r\u00e9sum\u00e9, un appareil capable de satisfaire les exigences des professionnels durant de longues, longues ann\u00e9es\u2026<\/p>\n<p>Le taille pla\u0302tre MESTRA est une machine robuste, fabrique\u0301e suivant les dernie\u0300res nouveaute\u0301s applique\u0301es aux machines de ces caracte\u0301ristiques. On peut facilement en appre\u0301cier la robustesse. Son poids de plus de 21 kg, (ce qui est un maximum pour une machine de ce type) et le fait qu\u2019elle est appuye\u0301e sur des caoutchoucs antide\u0301rapants, en font une machine tre\u0300s stable pendant l\u2019operation de surfac\u0327age.<\/p>\n<p>Parler du disque (\u00e9quilibr\u00e9 et douceur). \u201cChaque disque est \u00e9quilibr\u00e9 individuellement ce qui g\u00e9n\u00e8re une rotation parfaite. Les vibrations sont n\u00e9gligeables. \u00bb.<\/p>\n<p>La meule soigneusement contre-pese\u0301e en re\u0301sines spe\u0301ciales en fait une machine silen- cieuse.La meule est monte\u0301e sur un plateau en aluminium et fait corps avec lui.On obtient ainsi une surface de travail de 120 mm, sans axe ni e\u0301crou exte\u0301rieur pouvant ge\u0302ner l\u2019abrasion.<\/p>\n<p>Le moteu rest care\u0301ne\u0301, ce qui lui donne un aspect plus compactet harmonieux, et davantage de se\u0301curite\u0301 au cours du travail en e\u0301vitant d\u2019e\u0301ventuels accidents.<\/p>\n<p>Le taille-pla\u0302tre MESTRA est muni d\u2019une e\u0301lectro-vanne (syste\u0300me e\u0300lectronique d\u2019entre\u0301e d\u2019eau) commande\u0301e par un interrupteur, prote\u0301ge\u0301 par un capuchon isolant en PVC, pour e\u0301viter les de\u0301charges e\u0301lectriques dues a\u0300 l\u2019humidite\u0301.<\/p>\n<p>Le ca\u0302ble de connexion est muni d\u2019une prise de terre.<\/p>\n<p>Le taille-pla\u0302tre est e\u0301quipe\u0301e d\u2019un robinet, pour pouvoir ajuster directement le de\u0301bit de l\u2019eau. Ceci e\u0301vite les incommodite\u0301s et les pertes de temps.<\/p>\n<p>Syste\u0300me d\u2019e\u0301coulement late\u0301ral conc\u0327u de manie\u0300re a\u0300 e\u0301viter les bouchages, gra\u0302ce a\u0300 un orifice de sortie de 30 mm. L\u2019eau et les particules de pla\u0302tre sont pousse\u0301es Voir produits l\u2019exte\u0301rieurparles turbulences d\u2019air produites par la meule.<\/p>\n<p>Pie\u0300ce d\u2019appui des mode\u0300les basculante, avec trois positions de travail.<\/p>\n<p>Moteur uniphase\u0301, isole\u0301 de l\u2019humidite\u0301 par un joint a\u0300 ressort inoxydable, parfaitement ajuste\u0301 au bout de l\u2019essieu moteur fabrique\u0301 en acier inoxydable durci et rectifie\u0301.<\/p>\n<p>Letaille-pla\u0302tre MESTRA est entie\u0300rement en aluminium; les petites pie\u0300ces sont en acier inoxydable. Finition: peinture e\u0301poxy, lui donnant toujours l\u2019aspect du neuf.<\/p>\n<p>Caract\u00e9ristiques identiques \u00e0 celui avec le disque de carborundum mais avec les avantages du disque de diamant.<\/p>\n<p><strong>\u00a1ATTENTION!<br \/>\nLes disques diamant sont tr\u00e8s sensibles \u00e0 la chaleur: ne pas tailler ni retoucher les rev\u00eatements ou pi\u00e8ces m\u00e9talliques.<\/strong><\/p>\n","protected":false},"excerpt":{"rendered":"<p>Famille de taille-pl\u00e2tre con\u00e7us pour une utilisation intense dans le laboratoire dentaire. Fiabilit\u00e9, robustesse et long\u00e9vit\u00e9 sont ses caract\u00e9ristiques principales. Cette gamme de taille-pl\u00e2tre est \u00e0 m\u00eame de satisfaire le plus grandes exigences et des conditions de travail extr\u00eames. C\u2019est une machine pr\u00e9cise gr\u00e2ce \u00e0 laquelle on peut r\u00e9aliser des travaux de pr\u00e9paration de mod\u00e8les [&hellip;]<\/p>\n","protected":false},"featured_media":21714,"template":"","meta":[],"product_cat":[202],"product_tag":[],"class_list":["post-55023","product","type-product","status-publish","has-post-thumbnail","hentry","product_cat-laboratoire"],"acf":[],"df_price":920.8,"df_sale_price":920.8,"df_regular_price":1674.19,"df_image_link":"https:\/\/mestraold.lleset.com\/wp-content\/uploads\/2021\/12\/Recortadora-3000-rpm-disco-de-diamante.jpg","_links":{"self":[{"href":"https:\/\/mestraold.lleset.com\/fr\/wp-json\/wp\/v2\/product\/55023","targetHints":{"allow":["GET"]}}],"collection":[{"href":"https:\/\/mestraold.lleset.com\/fr\/wp-json\/wp\/v2\/product"}],"about":[{"href":"https:\/\/mestraold.lleset.com\/fr\/wp-json\/wp\/v2\/types\/product"}],"wp:featuredmedia":[{"embeddable":true,"href":"https:\/\/mestraold.lleset.com\/fr\/wp-json\/wp\/v2\/media\/21714"}],"wp:attachment":[{"href":"https:\/\/mestraold.lleset.com\/fr\/wp-json\/wp\/v2\/media?parent=55023"}],"wp:term":[{"taxonomy":"product_cat","embeddable":true,"href":"https:\/\/mestraold.lleset.com\/fr\/wp-json\/wp\/v2\/product_cat?post=55023"},{"taxonomy":"product_tag","embeddable":true,"href":"https:\/\/mestraold.lleset.com\/fr\/wp-json\/wp\/v2\/product_tag?post=55023"}],"curies":[{"name":"wp","href":"https:\/\/api.w.org\/{rel}","templated":true}]}}