{"id":55011,"date":"2023-03-05T16:51:38","date_gmt":"2023-03-17T00:41:56","guid":{"rendered":"https:\/\/mestra.migracionesbgweb.com\/producto\/lampe-a-alcool-type-buffalo\/"},"modified":"2023-07-03T10:45:06","modified_gmt":"2023-07-03T08:45:06","slug":"lampe-a-alcool-type-buffalo","status":"publish","type":"product","link":"https:\/\/mestraold.lleset.com\/fr\/produit\/lampe-a-alcool-type-buffalo\/","title":{"rendered":"Lampe a alcool type buffalo"},"content":{"rendered":"<p>Id\u00e9al pur un lissage des travaux en cire.<\/p>\n<p>Sa flamme particuli\u00e8re et la temp\u00e9rature produite permet de cr\u00e9er une texture \u00e0 la cire qui ne peut pas s\u2019obtenir par d\u2019autres syst\u00e8mes.<\/p>\n<p> Il se recharge avec de l\u2019alcool \u00e0 br\u00fbler tout simple.<\/p>\n","protected":false},"excerpt":{"rendered":"<p>Id\u00e9al pur un lissage des travaux en cire. Sa flamme particuli\u00e8re et la temp\u00e9rature produite permet de cr\u00e9er une texture \u00e0 la cire qui ne peut pas s\u2019obtenir par d\u2019autres syst\u00e8mes. Il se recharge avec de l\u2019alcool \u00e0 br\u00fbler tout simple.<\/p>\n","protected":false},"featured_media":21311,"template":"","meta":[],"product_cat":[202,223],"product_tag":[],"class_list":["post-55011","product","type-product","status-publish","has-post-thumbnail","hentry","product_cat-laboratoire","product_cat-travail-de-la-cire"],"acf":[],"df_price":12.01,"df_sale_price":"","df_regular_price":12.01,"df_image_link":"https:\/\/mestraold.lleset.com\/wp-content\/uploads\/2021\/12\/1164-SOPLETE-DE-LABORATORIO-300x184.jpg","_links":{"self":[{"href":"https:\/\/mestraold.lleset.com\/fr\/wp-json\/wp\/v2\/product\/55011","targetHints":{"allow":["GET"]}}],"collection":[{"href":"https:\/\/mestraold.lleset.com\/fr\/wp-json\/wp\/v2\/product"}],"about":[{"href":"https:\/\/mestraold.lleset.com\/fr\/wp-json\/wp\/v2\/types\/product"}],"wp:featuredmedia":[{"embeddable":true,"href":"https:\/\/mestraold.lleset.com\/fr\/wp-json\/wp\/v2\/media\/21311"}],"wp:attachment":[{"href":"https:\/\/mestraold.lleset.com\/fr\/wp-json\/wp\/v2\/media?parent=55011"}],"wp:term":[{"taxonomy":"product_cat","embeddable":true,"href":"https:\/\/mestraold.lleset.com\/fr\/wp-json\/wp\/v2\/product_cat?post=55011"},{"taxonomy":"product_tag","embeddable":true,"href":"https:\/\/mestraold.lleset.com\/fr\/wp-json\/wp\/v2\/product_tag?post=55011"}],"curies":[{"name":"wp","href":"https:\/\/api.w.org\/{rel}","templated":true}]}}