{"id":55001,"date":"2023-03-05T16:49:57","date_gmt":"2023-03-17T00:41:27","guid":{"rendered":"https:\/\/mestra.migracionesbgweb.com\/producto\/fraise-detoureuse-tungstene-voir-produitt-conique\/"},"modified":"2023-07-03T10:20:30","modified_gmt":"2023-07-03T08:20:30","slug":"fraise-detoureuse-tungstene-voir-produitt-conique","status":"publish","type":"product","link":"https:\/\/mestraold.lleset.com\/fr\/produit\/fraise-detoureuse-tungstene-voir-produitt-conique\/","title":{"rendered":"Fraise detoureuse tungstene &#8211; Voir produitt &#8211; conique"},"content":{"rendered":"<p>Pour couper le pl\u00e2tre avec une scie \u00e0 pl\u00e2tre int\u00e9rieure.<\/p>\n<p>Fabriqu\u00e9es en tungst\u00e8ne avec une denture sp\u00e9ciale, ces fraises offrent une grande performance de coupe.<\/p>\n<p>Ils sont fournis dans un emballage individuel.<\/p>\n","protected":false},"excerpt":{"rendered":"<p>Pour couper le pl\u00e2tre avec une scie \u00e0 pl\u00e2tre int\u00e9rieure. Fabriqu\u00e9es en tungst\u00e8ne avec une denture sp\u00e9ciale, ces fraises offrent une grande performance de coupe. Ils sont fournis dans un emballage individuel.<\/p>\n","protected":false},"featured_media":21606,"template":"","meta":[],"product_cat":[202],"product_tag":[],"class_list":["post-55001","product","type-product","status-publish","has-post-thumbnail","hentry","product_cat-laboratoire"],"acf":[],"df_price":83.11,"df_sale_price":"","df_regular_price":83.11,"df_image_link":"https:\/\/mestraold.lleset.com\/wp-content\/uploads\/2021\/12\/Fresas-de-tungsteno-verde-para-recortadora-de-interiores-300x300.jpg","_links":{"self":[{"href":"https:\/\/mestraold.lleset.com\/fr\/wp-json\/wp\/v2\/product\/55001","targetHints":{"allow":["GET"]}}],"collection":[{"href":"https:\/\/mestraold.lleset.com\/fr\/wp-json\/wp\/v2\/product"}],"about":[{"href":"https:\/\/mestraold.lleset.com\/fr\/wp-json\/wp\/v2\/types\/product"}],"wp:featuredmedia":[{"embeddable":true,"href":"https:\/\/mestraold.lleset.com\/fr\/wp-json\/wp\/v2\/media\/21606"}],"wp:attachment":[{"href":"https:\/\/mestraold.lleset.com\/fr\/wp-json\/wp\/v2\/media?parent=55001"}],"wp:term":[{"taxonomy":"product_cat","embeddable":true,"href":"https:\/\/mestraold.lleset.com\/fr\/wp-json\/wp\/v2\/product_cat?post=55001"},{"taxonomy":"product_tag","embeddable":true,"href":"https:\/\/mestraold.lleset.com\/fr\/wp-json\/wp\/v2\/product_tag?post=55001"}],"curies":[{"name":"wp","href":"https:\/\/api.w.org\/{rel}","templated":true}]}}