{"id":54976,"date":"2023-03-05T16:44:56","date_gmt":"2023-03-17T00:40:06","guid":{"rendered":"https:\/\/mestra.migracionesbgweb.com\/producto\/liquide-de-bain-electrolytique-pour-cr-co-5-l\/"},"modified":"2023-11-29T12:00:21","modified_gmt":"2023-11-29T11:00:21","slug":"liquide-de-bain-electrolytique-pour-cr-co-5-l","status":"publish","type":"product","link":"https:\/\/mestraold.lleset.com\/fr\/produit\/liquide-de-bain-electrolytique-pour-cr-co-5-l\/","title":{"rendered":"Liquide de bain electrolytique pour cr-co &#8211; 5 l"},"content":{"rendered":"<p><span style=\"font-size: 26px; color: #000000;\"><strong><span style=\"font-size: 26px;\">Liquide de bain electrolytique pour Cr-Co <\/span><\/strong><\/span><\/p>\n<p><strong>Liste pour utilisation.<\/strong><\/p>\n<p><strong>Appropri\u00e9 pour tout appareil de polissage \u00e9lectrolytique.<\/strong><\/p>\n<p>Produit de grande qualit\u00e9.<\/p>\n<p>Formul\u00e9 pour r\u00e9duire au minimum sa toxicit\u00e9 lorsqu&rsquo;on suit les dimensions de s\u00e9curit\u00e9 et les recommandations d&rsquo;utilisation.<\/p>\n<p>En l&rsquo;utilisant avec des bains \u00e9lectrolytiques de type dentaire et\/ou bijouterie, la qualit\u00e9 obtenue est excellente.<\/p>\n<p>De plus, il reste intact pendant de nombreux cycles d&rsquo;utilisation.<\/p>\n<p>Sa texture visqueuse \u00e9vite les \u00e9claboussures et facilite grandement le nettoyage des d\u00e9bris qui sont renVoir produits\u00e9s par accident.<\/p>\n","protected":false},"excerpt":{"rendered":"<p>Liquide de bain electrolytique pour Cr-Co Liste pour utilisation. Appropri\u00e9 pour tout appareil de polissage \u00e9lectrolytique. Produit de grande qualit\u00e9. Formul\u00e9 pour r\u00e9duire au minimum sa toxicit\u00e9 lorsqu&rsquo;on suit les dimensions de s\u00e9curit\u00e9 et les recommandations d&rsquo;utilisation. En l&rsquo;utilisant avec des bains \u00e9lectrolytiques de type dentaire et\/ou bijouterie, la qualit\u00e9 obtenue est excellente. De plus, [&hellip;]<\/p>\n","protected":false},"featured_media":22520,"template":"","meta":[],"product_cat":[202],"product_tag":[],"class_list":["post-54976","product","type-product","status-publish","has-post-thumbnail","hentry","product_cat-laboratoire"],"acf":[],"df_price":29.45,"df_sale_price":29.45,"df_regular_price":53.55,"df_image_link":"https:\/\/mestraold.lleset.com\/wp-content\/uploads\/2021\/12\/Liquido-para-bano-electrolitico-300x300.jpg","_links":{"self":[{"href":"https:\/\/mestraold.lleset.com\/fr\/wp-json\/wp\/v2\/product\/54976","targetHints":{"allow":["GET"]}}],"collection":[{"href":"https:\/\/mestraold.lleset.com\/fr\/wp-json\/wp\/v2\/product"}],"about":[{"href":"https:\/\/mestraold.lleset.com\/fr\/wp-json\/wp\/v2\/types\/product"}],"wp:featuredmedia":[{"embeddable":true,"href":"https:\/\/mestraold.lleset.com\/fr\/wp-json\/wp\/v2\/media\/22520"}],"wp:attachment":[{"href":"https:\/\/mestraold.lleset.com\/fr\/wp-json\/wp\/v2\/media?parent=54976"}],"wp:term":[{"taxonomy":"product_cat","embeddable":true,"href":"https:\/\/mestraold.lleset.com\/fr\/wp-json\/wp\/v2\/product_cat?post=54976"},{"taxonomy":"product_tag","embeddable":true,"href":"https:\/\/mestraold.lleset.com\/fr\/wp-json\/wp\/v2\/product_tag?post=54976"}],"curies":[{"name":"wp","href":"https:\/\/api.w.org\/{rel}","templated":true}]}}