{"id":54970,"date":"2023-03-05T16:44:56","date_gmt":"2023-03-17T00:40:06","guid":{"rendered":"https:\/\/mestra.migracionesbgweb.com\/producto\/recipient-a-polymeriser-automatique-geisser-8-l\/"},"modified":"2023-07-17T16:04:25","modified_gmt":"2023-07-17T14:04:25","slug":"recipient-a-polymeriser-automatique-geisser-8-l","status":"publish","type":"product","link":"https:\/\/mestraold.lleset.com\/fr\/produit\/recipient-a-polymeriser-automatique-geisser-8-l\/","title":{"rendered":"Recipient a polymeriser automatique &#8211; geisser &#8211; 8 l"},"content":{"rendered":"<p>Cocotte de polym\u00e9risation de grande capacit\u00e9 (jusqu\u2019\u00e0 8 litres) permettant de recevoir une grande quantit\u00e9 de pi\u00e8ces \u00e0 polym\u00e9riser.<\/p>\n<p>Gr\u00e2ce \u00e0 un contr\u00f4le \u00e9lectronique l\u2019utilisateur peut programmer la temp\u00e9rature et son maintien.<\/p>\n<p>[vc_video link=\u00a0\u00bbhttps:\/\/www.youtube.com\/watch?v=BYJHO72qitI\u00a0\u00bb]<\/p>\n","protected":false},"excerpt":{"rendered":"<p>Cocotte de polym\u00e9risation de grande capacit\u00e9 (jusqu\u2019\u00e0 8 litres) permettant de recevoir une grande quantit\u00e9 de pi\u00e8ces \u00e0 polym\u00e9riser. Gr\u00e2ce \u00e0 un contr\u00f4le \u00e9lectronique l\u2019utilisateur peut programmer la temp\u00e9rature et son maintien. [vc_video link=\u00a0\u00bbhttps:\/\/www.youtube.com\/watch?v=BYJHO72qitI\u00a0\u00bb]<\/p>\n","protected":false},"featured_media":22867,"template":"","meta":[],"product_cat":[202],"product_tag":[],"class_list":["post-54970","product","type-product","status-publish","has-post-thumbnail","hentry","product_cat-laboratoire"],"acf":[],"df_price":1536,"df_sale_price":"","df_regular_price":1536,"df_image_link":"https:\/\/mestraold.lleset.com\/wp-content\/uploads\/2022\/01\/Olla-polimerizadora-automatica-Geisser-291x300.jpg","_links":{"self":[{"href":"https:\/\/mestraold.lleset.com\/fr\/wp-json\/wp\/v2\/product\/54970","targetHints":{"allow":["GET"]}}],"collection":[{"href":"https:\/\/mestraold.lleset.com\/fr\/wp-json\/wp\/v2\/product"}],"about":[{"href":"https:\/\/mestraold.lleset.com\/fr\/wp-json\/wp\/v2\/types\/product"}],"wp:featuredmedia":[{"embeddable":true,"href":"https:\/\/mestraold.lleset.com\/fr\/wp-json\/wp\/v2\/media\/22867"}],"wp:attachment":[{"href":"https:\/\/mestraold.lleset.com\/fr\/wp-json\/wp\/v2\/media?parent=54970"}],"wp:term":[{"taxonomy":"product_cat","embeddable":true,"href":"https:\/\/mestraold.lleset.com\/fr\/wp-json\/wp\/v2\/product_cat?post=54970"},{"taxonomy":"product_tag","embeddable":true,"href":"https:\/\/mestraold.lleset.com\/fr\/wp-json\/wp\/v2\/product_tag?post=54970"}],"curies":[{"name":"wp","href":"https:\/\/api.w.org\/{rel}","templated":true}]}}