{"id":54967,"date":"2023-03-05T16:43:15","date_gmt":"2023-03-17T00:39:39","guid":{"rendered":"https:\/\/mestra.migracionesbgweb.com\/producto\/recipient-a-polymeriser-6-l-inox-double-valve-de-securite\/"},"modified":"2023-07-17T16:12:22","modified_gmt":"2023-07-17T14:12:22","slug":"recipient-a-polymeriser-6-l-inox-double-valve-de-securite","status":"publish","type":"product","link":"https:\/\/mestraold.lleset.com\/fr\/produit\/recipient-a-polymeriser-6-l-inox-double-valve-de-securite\/","title":{"rendered":"Recipient a polymeriser &#8211; 6 l &#8211; inox double valve de securite"},"content":{"rendered":"<p>Acier inoxydable.<\/p>\n<p>Pour la polym\u00e9risation \u00e0 froid et \u00e0 chaud \u00e0 une pression inf\u00e9rieure ou \u00e9gale \u00e0 2 Kg\/cm2.<\/p>\n<p><strong>Double valve de securit\u00e9<\/strong><\/p>\n<p>Valve d&rsquo;entr\u00e9e d&rsquo;air avec clapet anti-retour.<\/p>\n<p>Lance \u00e0 fermeture automatique.<\/p>\n<p>Temp\u00e9rature maximale de 60\u00b0C.<\/p>\n","protected":false},"excerpt":{"rendered":"<p>Acier inoxydable. Pour la polym\u00e9risation \u00e0 froid et \u00e0 chaud \u00e0 une pression inf\u00e9rieure ou \u00e9gale \u00e0 2 Kg\/cm2. Double valve de securit\u00e9 Valve d&rsquo;entr\u00e9e d&rsquo;air avec clapet anti-retour. Lance \u00e0 fermeture automatique. Temp\u00e9rature maximale de 60\u00b0C.<\/p>\n","protected":false},"featured_media":22910,"template":"","meta":[],"product_cat":[202,238],"product_tag":[],"class_list":["post-54967","product","type-product","status-publish","has-post-thumbnail","hentry","product_cat-laboratoire","product_cat-polymerisation"],"acf":[],"df_price":207.12,"df_sale_price":207.12,"df_regular_price":376.59,"df_image_link":"https:\/\/mestraold.lleset.com\/wp-content\/uploads\/2022\/01\/Olla-polimerizadora-neumatica-300x300.jpg","_links":{"self":[{"href":"https:\/\/mestraold.lleset.com\/fr\/wp-json\/wp\/v2\/product\/54967","targetHints":{"allow":["GET"]}}],"collection":[{"href":"https:\/\/mestraold.lleset.com\/fr\/wp-json\/wp\/v2\/product"}],"about":[{"href":"https:\/\/mestraold.lleset.com\/fr\/wp-json\/wp\/v2\/types\/product"}],"wp:featuredmedia":[{"embeddable":true,"href":"https:\/\/mestraold.lleset.com\/fr\/wp-json\/wp\/v2\/media\/22910"}],"wp:attachment":[{"href":"https:\/\/mestraold.lleset.com\/fr\/wp-json\/wp\/v2\/media?parent=54967"}],"wp:term":[{"taxonomy":"product_cat","embeddable":true,"href":"https:\/\/mestraold.lleset.com\/fr\/wp-json\/wp\/v2\/product_cat?post=54967"},{"taxonomy":"product_tag","embeddable":true,"href":"https:\/\/mestraold.lleset.com\/fr\/wp-json\/wp\/v2\/product_tag?post=54967"}],"curies":[{"name":"wp","href":"https:\/\/api.w.org\/{rel}","templated":true}]}}