{"id":54962,"date":"2023-03-05T16:43:15","date_gmt":"2023-03-17T00:39:39","guid":{"rendered":"https:\/\/mestra.migracionesbgweb.com\/producto\/lunettes-de-protection-uv\/"},"modified":"2023-07-03T20:42:45","modified_gmt":"2023-07-03T18:42:45","slug":"lunettes-de-protection-uv","status":"publish","type":"product","link":"https:\/\/mestraold.lleset.com\/fr\/produit\/lunettes-de-protection-uv\/","title":{"rendered":"Lunettes de protection uv"},"content":{"rendered":"<p>Avec filtre anti-UV.<\/p>\n<p>Fabriqu\u00e9es en mat\u00e9riel plastique de haute r\u00e9sistance.<\/p>\n<p>Poss\u00e8dent le marquage CE et satisfont \u00e0 la directive europ\u00e8enne de s\u00e9curit\u00e9 89\/686\/CEE ainsi qu\u00b4\u00e0 la norme EN 166.<\/p>\n","protected":false},"excerpt":{"rendered":"<p>Avec filtre anti-UV. Fabriqu\u00e9es en mat\u00e9riel plastique de haute r\u00e9sistance. Poss\u00e8dent le marquage CE et satisfont \u00e0 la directive europ\u00e8enne de s\u00e9curit\u00e9 89\/686\/CEE ainsi qu\u00b4\u00e0 la norme EN 166.<\/p>\n","protected":false},"featured_media":20052,"template":"","meta":[],"product_cat":[202],"product_tag":[],"class_list":["post-54962","product","type-product","status-publish","has-post-thumbnail","hentry","product_cat-laboratoire"],"acf":[],"df_price":10.1,"df_sale_price":10.1,"df_regular_price":18.36,"df_image_link":"https:\/\/mestraold.lleset.com\/wp-content\/uploads\/2021\/12\/Gafas-de-seguridad-300x300.jpg","_links":{"self":[{"href":"https:\/\/mestraold.lleset.com\/fr\/wp-json\/wp\/v2\/product\/54962","targetHints":{"allow":["GET"]}}],"collection":[{"href":"https:\/\/mestraold.lleset.com\/fr\/wp-json\/wp\/v2\/product"}],"about":[{"href":"https:\/\/mestraold.lleset.com\/fr\/wp-json\/wp\/v2\/types\/product"}],"wp:featuredmedia":[{"embeddable":true,"href":"https:\/\/mestraold.lleset.com\/fr\/wp-json\/wp\/v2\/media\/20052"}],"wp:attachment":[{"href":"https:\/\/mestraold.lleset.com\/fr\/wp-json\/wp\/v2\/media?parent=54962"}],"wp:term":[{"taxonomy":"product_cat","embeddable":true,"href":"https:\/\/mestraold.lleset.com\/fr\/wp-json\/wp\/v2\/product_cat?post=54962"},{"taxonomy":"product_tag","embeddable":true,"href":"https:\/\/mestraold.lleset.com\/fr\/wp-json\/wp\/v2\/product_tag?post=54962"}],"curies":[{"name":"wp","href":"https:\/\/api.w.org\/{rel}","templated":true}]}}