{"id":54959,"date":"2023-03-05T16:43:15","date_gmt":"2023-03-17T00:39:39","guid":{"rendered":"https:\/\/mestra.migracionesbgweb.com\/producto\/lampe-a-alcool-voir-produitre\/"},"modified":"2023-07-03T09:52:47","modified_gmt":"2023-07-03T07:52:47","slug":"lampe-a-alcool-voir-produitre","status":"publish","type":"product","link":"https:\/\/mestraold.lleset.com\/fr\/produit\/lampe-a-alcool-voir-produitre\/","title":{"rendered":"Lampe a alcool Voir produitre"},"content":{"rendered":"<p>Tr\u00e8s pratique et au design agr\u00e9able.<\/p>\n<p>Ses dimensions r\u00e9duites permettent de le placer n&rsquo;importe o\u00f9.<\/p>\n","protected":false},"excerpt":{"rendered":"<p>Tr\u00e8s pratique et au design agr\u00e9able. Ses dimensions r\u00e9duites permettent de le placer n&rsquo;importe o\u00f9.<\/p>\n","protected":false},"featured_media":20061,"template":"","meta":[],"product_cat":[181],"product_tag":[],"class_list":["post-54959","product","type-product","status-publish","has-post-thumbnail","hentry","product_cat-cabinet"],"acf":[],"df_price":24.35,"df_sale_price":"","df_regular_price":24.35,"df_image_link":"https:\/\/mestraold.lleset.com\/wp-content\/uploads\/2021\/12\/Lamparilla-de-alcohol-300x300.jpg","_links":{"self":[{"href":"https:\/\/mestraold.lleset.com\/fr\/wp-json\/wp\/v2\/product\/54959","targetHints":{"allow":["GET"]}}],"collection":[{"href":"https:\/\/mestraold.lleset.com\/fr\/wp-json\/wp\/v2\/product"}],"about":[{"href":"https:\/\/mestraold.lleset.com\/fr\/wp-json\/wp\/v2\/types\/product"}],"wp:featuredmedia":[{"embeddable":true,"href":"https:\/\/mestraold.lleset.com\/fr\/wp-json\/wp\/v2\/media\/20061"}],"wp:attachment":[{"href":"https:\/\/mestraold.lleset.com\/fr\/wp-json\/wp\/v2\/media?parent=54959"}],"wp:term":[{"taxonomy":"product_cat","embeddable":true,"href":"https:\/\/mestraold.lleset.com\/fr\/wp-json\/wp\/v2\/product_cat?post=54959"},{"taxonomy":"product_tag","embeddable":true,"href":"https:\/\/mestraold.lleset.com\/fr\/wp-json\/wp\/v2\/product_tag?post=54959"}],"curies":[{"name":"wp","href":"https:\/\/api.w.org\/{rel}","templated":true}]}}