{"id":54920,"date":"2023-03-05T16:36:32","date_gmt":"2023-03-17T00:37:53","guid":{"rendered":"https:\/\/mestra.migracionesbgweb.com\/producto\/cuvette-pour-duplicata-avec-alginate\/"},"modified":"2023-07-03T08:01:41","modified_gmt":"2023-07-03T06:01:41","slug":"cuvette-pour-duplicata-avec-alginate","status":"publish","type":"product","link":"https:\/\/mestraold.lleset.com\/fr\/produit\/cuvette-pour-duplicata-avec-alginate\/","title":{"rendered":"Cuvette pour duplicata avec alginate"},"content":{"rendered":"<p>Fabriqu\u00e9e en m\u00e9tal nickel\u00e9 d\u2019 une haute r\u00e9sistance \u00e0 la corrosion.<\/p>\n<p>Les dimensions int\u00e9rieures peuvent se r\u00e9duire \u00e0 l\u2019aide de r\u00e9ducteurs en caoutchouc, disponibles comme accessoires. <\/p>\n<p>Le volume peut ainsi \u00eatre ajust\u00e9 \u00e0 la dimensions du mod\u00e8le.<\/p>\n","protected":false},"excerpt":{"rendered":"<p>Fabriqu\u00e9e en m\u00e9tal nickel\u00e9 d\u2019 une haute r\u00e9sistance \u00e0 la corrosion. Les dimensions int\u00e9rieures peuvent se r\u00e9duire \u00e0 l\u2019aide de r\u00e9ducteurs en caoutchouc, disponibles comme accessoires. Le volume peut ainsi \u00eatre ajust\u00e9 \u00e0 la dimensions du mod\u00e8le.<\/p>\n","protected":false},"featured_media":25025,"template":"","meta":[],"product_cat":[202,217],"product_tag":[],"class_list":["post-54920","product","type-product","status-publish","has-post-thumbnail","hentry","product_cat-laboratoire","product_cat-soudure"],"acf":[],"df_price":100.14,"df_sale_price":"","df_regular_price":100.14,"df_image_link":"https:\/\/mestraold.lleset.com\/wp-content\/uploads\/2022\/02\/Mufla-para-duplicar-con-alginato-300x300.jpg","_links":{"self":[{"href":"https:\/\/mestraold.lleset.com\/fr\/wp-json\/wp\/v2\/product\/54920","targetHints":{"allow":["GET"]}}],"collection":[{"href":"https:\/\/mestraold.lleset.com\/fr\/wp-json\/wp\/v2\/product"}],"about":[{"href":"https:\/\/mestraold.lleset.com\/fr\/wp-json\/wp\/v2\/types\/product"}],"wp:featuredmedia":[{"embeddable":true,"href":"https:\/\/mestraold.lleset.com\/fr\/wp-json\/wp\/v2\/media\/25025"}],"wp:attachment":[{"href":"https:\/\/mestraold.lleset.com\/fr\/wp-json\/wp\/v2\/media?parent=54920"}],"wp:term":[{"taxonomy":"product_cat","embeddable":true,"href":"https:\/\/mestraold.lleset.com\/fr\/wp-json\/wp\/v2\/product_cat?post=54920"},{"taxonomy":"product_tag","embeddable":true,"href":"https:\/\/mestraold.lleset.com\/fr\/wp-json\/wp\/v2\/product_tag?post=54920"}],"curies":[{"name":"wp","href":"https:\/\/api.w.org\/{rel}","templated":true}]}}