{"id":54917,"date":"2023-03-05T16:34:51","date_gmt":"2023-03-17T00:37:24","guid":{"rendered":"https:\/\/mestra.migracionesbgweb.com\/producto\/sableuse-constellation-2-silos\/"},"modified":"2023-07-20T10:45:54","modified_gmt":"2023-07-20T08:45:54","slug":"sableuse-constellation-2-silos","status":"publish","type":"product","link":"https:\/\/mestraold.lleset.com\/fr\/produit\/sableuse-constellation-2-silos\/","title":{"rendered":"Sableuse \u00ab\u00a0constellation\u00a0\u00bb 2 silos"},"content":{"rendered":"<p>La famille <strong>Constellation<\/strong> int\u00e8gre une gamme de sablage modulaire, capable d&rsquo;adopter des configurations adapt\u00e9es aux besoins de presque tous les professionnels.<\/p>\n<p>La famille comprend des mod\u00e8les de 2, 3 et 4 r\u00e9servoirs de sable, ce qui en fait un outil polyvalent pour le laboratoire dentaire. Ses principales caract\u00e9ristiques techniques sont:<\/p>\n<p>&#8211; Ch\u00e2ssis enti\u00e8rement construit en <u>acier inoxydable AISI 304,<\/u> avec une large fen\u00eatre en Voir produitre.<\/p>\n<p>&#8211;\u00a0<u>Pistolet de soufflage<\/u> \u00e0 l&rsquo;int\u00e9rieur de la chambre, tr\u00e8s utile pour les t\u00e2ches de nettoyage..<\/p>\n<p>&#8211; Syst\u00e8me d&rsquo;\u00e9clairage <u>LED<\/u><\/p>\n<p>&#8211; Syst\u00e8me <u>modulaire<\/u> avec possibilit\u00e9 d&rsquo;extensions \u00e0 l&rsquo;avenir.<\/p>\n<p>&#8211; Vanne de <u>changement de bac situ\u00e9e \u00e0 l&rsquo;int\u00e9rieur<\/u> de la chambre.<\/p>\n<p>&#8211; Vanue d&rsquo;<u>air de d\u00e9charge rapide<\/u> qui coupe le flux d&rsquo;air au moment de rel\u00e2cher la p\u00e9dale, \u00e9conomisant ainsi du sable..<\/p>\n<p>&#8211; Pedale ergonomique avec connexion \u00e0 la machine par un simple tuyau flexible.<\/p>\n<p>&nbsp;<\/p>\n","protected":false},"excerpt":{"rendered":"<p>La famille Constellation int\u00e8gre une gamme de sablage modulaire, capable d&rsquo;adopter des configurations adapt\u00e9es aux besoins de presque tous les professionnels. La famille comprend des mod\u00e8les de 2, 3 et 4 r\u00e9servoirs de sable, ce qui en fait un outil polyvalent pour le laboratoire dentaire. Ses principales caract\u00e9ristiques techniques sont: &#8211; Ch\u00e2ssis enti\u00e8rement construit en [&hellip;]<\/p>\n","protected":false},"featured_media":25063,"template":"","meta":[],"product_cat":[202,225],"product_tag":[],"class_list":["post-54917","product","type-product","status-publish","has-post-thumbnail","hentry","product_cat-laboratoire","product_cat-mise-en-moufle"],"acf":[],"df_price":1748.26,"df_sale_price":"","df_regular_price":1748.26,"df_image_link":"https:\/\/mestraold.lleset.com\/wp-content\/uploads\/2022\/02\/Chorros-de-arena-Constellation-Acero-Inoxidable-300x300.jpg","_links":{"self":[{"href":"https:\/\/mestraold.lleset.com\/fr\/wp-json\/wp\/v2\/product\/54917","targetHints":{"allow":["GET"]}}],"collection":[{"href":"https:\/\/mestraold.lleset.com\/fr\/wp-json\/wp\/v2\/product"}],"about":[{"href":"https:\/\/mestraold.lleset.com\/fr\/wp-json\/wp\/v2\/types\/product"}],"wp:featuredmedia":[{"embeddable":true,"href":"https:\/\/mestraold.lleset.com\/fr\/wp-json\/wp\/v2\/media\/25063"}],"wp:attachment":[{"href":"https:\/\/mestraold.lleset.com\/fr\/wp-json\/wp\/v2\/media?parent=54917"}],"wp:term":[{"taxonomy":"product_cat","embeddable":true,"href":"https:\/\/mestraold.lleset.com\/fr\/wp-json\/wp\/v2\/product_cat?post=54917"},{"taxonomy":"product_tag","embeddable":true,"href":"https:\/\/mestraold.lleset.com\/fr\/wp-json\/wp\/v2\/product_tag?post=54917"}],"curies":[{"name":"wp","href":"https:\/\/api.w.org\/{rel}","templated":true}]}}