{"id":54912,"date":"2023-03-05T16:34:51","date_gmt":"2023-03-17T00:37:24","guid":{"rendered":"https:\/\/mestra.migracionesbgweb.com\/producto\/plaques-de-base-photopolimerisables-megadenta-22-24-mm-50-unites\/"},"modified":"2023-11-23T10:28:08","modified_gmt":"2023-11-23T09:28:08","slug":"plaques-de-base-photopolimerisables-megadenta-22-24-mm-50-unites","status":"publish","type":"product","link":"https:\/\/mestraold.lleset.com\/fr\/produit\/plaques-de-base-photopolimerisables-megadenta-22-24-mm-50-unites\/","title":{"rendered":"Plaques de base photopolimerisables &#8211; Megadenta"},"content":{"rendered":"<p>Plaques base Photo-polym\u00e9risables MEGATRAY, permettant la confection de porte-empreintes individuels sur mod\u00e8les en pl\u00e2tre.<\/p>\n<p>Couleur : Rose translucide.<\/p>\n","protected":false},"excerpt":{"rendered":"<p>50 unit\u00e9s<\/p>\n","protected":false},"featured_media":18622,"template":"","meta":[],"product_cat":[181,202,223],"product_tag":[],"class_list":["post-54912","product","type-product","status-publish","has-post-thumbnail","hentry","product_cat-cabinet","product_cat-laboratoire","product_cat-travail-de-la-cire"],"acf":[],"df_price":29.1,"df_sale_price":"","df_regular_price":29.1,"df_image_link":"https:\/\/mestraold.lleset.com\/wp-content\/uploads\/2021\/12\/Planchas-base-fotopolimerizables-Megadenta-300x300.jpg","_links":{"self":[{"href":"https:\/\/mestraold.lleset.com\/fr\/wp-json\/wp\/v2\/product\/54912","targetHints":{"allow":["GET"]}}],"collection":[{"href":"https:\/\/mestraold.lleset.com\/fr\/wp-json\/wp\/v2\/product"}],"about":[{"href":"https:\/\/mestraold.lleset.com\/fr\/wp-json\/wp\/v2\/types\/product"}],"wp:featuredmedia":[{"embeddable":true,"href":"https:\/\/mestraold.lleset.com\/fr\/wp-json\/wp\/v2\/media\/18622"}],"wp:attachment":[{"href":"https:\/\/mestraold.lleset.com\/fr\/wp-json\/wp\/v2\/media?parent=54912"}],"wp:term":[{"taxonomy":"product_cat","embeddable":true,"href":"https:\/\/mestraold.lleset.com\/fr\/wp-json\/wp\/v2\/product_cat?post=54912"},{"taxonomy":"product_tag","embeddable":true,"href":"https:\/\/mestraold.lleset.com\/fr\/wp-json\/wp\/v2\/product_tag?post=54912"}],"curies":[{"name":"wp","href":"https:\/\/api.w.org\/{rel}","templated":true}]}}