{"id":54900,"date":"2023-03-05T16:33:08","date_gmt":"2023-03-17T00:36:46","guid":{"rendered":"https:\/\/mestra.migracionesbgweb.com\/producto\/art-modele-arquimedes-profesional-arcon-boite-arc-facial-standard\/"},"modified":"2023-07-03T20:12:50","modified_gmt":"2023-07-03T18:12:50","slug":"art-modele-arquimedes-profesional-arcon-boite-arc-facial-standard","status":"publish","type":"product","link":"https:\/\/mestraold.lleset.com\/fr\/produit\/art-modele-arquimedes-profesional-arcon-boite-arc-facial-standard\/","title":{"rendered":"Art. Modele \u00ab\u00a0arquimedes profesional\u00a0\u00bb arcon + boite + arc facial standard"},"content":{"rendered":"<p>Articulateur semi-ajustable professionnel de type arcon \u00e0 hautes performances.<\/p>\n<p>Il dispose de toutes les avanc\u00e9es exigibles \u00e0 haut de gamme.<\/p>\n<ul>\n<li>Semiajustable \/ Arcon.<\/li>\n<li>Distance intercondylaire fixe (110 mm).<\/li>\n<li>Guide condylienne courbe.<\/li>\n<li>R\u00e9glage du guide condylien.<\/li>\n<li>R\u00e9glage de l\u2019angle Bennet.<\/li>\n<li>Traba en c\u00e9ntrica.<\/li>\n<li>Syst\u00e8me de stabilisation du mouvement de la guide condylienne avec connexion en silicone.<\/li>\n<li>Barre d\u2019appui de la partie sup\u00e9rieure en position ouVoir produitte.<\/li>\n<\/ul>\n<p>Structure robuste en aluminium assurant une plus grande stabilit\u00e9.<\/p>\n<p>Design offrant une meilleure visibilit\u00e9<\/p>\n<p><img loading=\"lazy\" decoding=\"async\" class=\"alignleft wp-image-24913 size-full\" src=\"https:\/\/mestraold.lleset.com\/wp-content\/uploads\/2021\/06\/Caracteriticas-articuladores-arquimides.jpg\" alt=\"Caracteriticas articuladores arquimides\" width=\"670\" height=\"175\" srcset=\"https:\/\/mestraold.lleset.com\/wp-content\/uploads\/2021\/06\/Caracteriticas-articuladores-arquimides.jpg 670w, https:\/\/mestraold.lleset.com\/wp-content\/uploads\/2021\/06\/Caracteriticas-articuladores-arquimides-600x157.jpg 600w, https:\/\/mestraold.lleset.com\/wp-content\/uploads\/2021\/06\/Caracteriticas-articuladores-arquimides-640x167.jpg 640w, https:\/\/mestraold.lleset.com\/wp-content\/uploads\/2021\/06\/Caracteriticas-articuladores-arquimides-400x104.jpg 400w, https:\/\/mestraold.lleset.com\/wp-content\/uploads\/2021\/06\/Caracteriticas-articuladores-arquimides-367x96.jpg 367w\" sizes=\"auto, (max-width: 670px) 100vw, 670px\" \/><\/p>\n<p>Il est livr\u00e9 avec une mallette au design moderne et des encoches compatibles avec tous les mod\u00e8les d&rsquo;articulateurs et d&rsquo;arcs faciaux Arqu\u00edmedes. La nouvelle mallette permet un transport s\u00fbr et le stockage des mod\u00e8les en pl\u00e2tre. Il dispose \u00e9galement d&rsquo;un compartiment exclusif pour les accessoires.<\/p>\n<p><a href=\"https:\/\/mestraold.lleset.com\/wp-content\/uploads\/2022\/02\/Estuche-articuladores-arquimedes.jpg\"><img loading=\"lazy\" decoding=\"async\" class=\"alignnone wp-image-24971 size-full\" src=\"https:\/\/mestraold.lleset.com\/wp-content\/uploads\/2022\/02\/Estuche-articuladores-arquimedes.jpg\" alt=\"Estuche articuladores arqu\u00edmedes\" width=\"670\" height=\"180\" srcset=\"https:\/\/mestraold.lleset.com\/wp-content\/uploads\/2022\/02\/Estuche-articuladores-arquimedes.jpg 670w, https:\/\/mestraold.lleset.com\/wp-content\/uploads\/2022\/02\/Estuche-articuladores-arquimedes-600x161.jpg 600w, https:\/\/mestraold.lleset.com\/wp-content\/uploads\/2022\/02\/Estuche-articuladores-arquimedes-640x172.jpg 640w, https:\/\/mestraold.lleset.com\/wp-content\/uploads\/2022\/02\/Estuche-articuladores-arquimedes-400x107.jpg 400w, https:\/\/mestraold.lleset.com\/wp-content\/uploads\/2022\/02\/Estuche-articuladores-arquimedes-367x99.jpg 367w\" sizes=\"auto, (max-width: 670px) 100vw, 670px\" \/><\/a><\/p>\n","protected":false},"excerpt":{"rendered":"<p>Articulateur semi-ajustable professionnel de type arcon \u00e0 hautes performances. Il dispose de toutes les avanc\u00e9es exigibles \u00e0 haut de gamme. Semiajustable \/ Arcon. Distance intercondylaire fixe (110 mm). Guide condylienne courbe. R\u00e9glage du guide condylien. R\u00e9glage de l\u2019angle Bennet. Traba en c\u00e9ntrica. Syst\u00e8me de stabilisation du mouvement de la guide condylienne avec connexion en silicone. [&hellip;]<\/p>\n","protected":false},"featured_media":44271,"template":"","meta":[],"product_cat":[206,202],"product_tag":[],"class_list":["post-54900","product","type-product","status-publish","has-post-thumbnail","hentry","product_cat-articulateurs-laboratoire","product_cat-laboratoire"],"acf":[],"df_price":185.5,"df_sale_price":185.5,"df_regular_price":362.36,"df_image_link":"https:\/\/mestraold.lleset.com\/wp-content\/uploads\/2021\/06\/1332-ARTICULADOR-SEMIAJUSTABLE-ARQUIMEDES-PRO-CON-ESTUCHE-300x300.jpg","_links":{"self":[{"href":"https:\/\/mestraold.lleset.com\/fr\/wp-json\/wp\/v2\/product\/54900","targetHints":{"allow":["GET"]}}],"collection":[{"href":"https:\/\/mestraold.lleset.com\/fr\/wp-json\/wp\/v2\/product"}],"about":[{"href":"https:\/\/mestraold.lleset.com\/fr\/wp-json\/wp\/v2\/types\/product"}],"wp:featuredmedia":[{"embeddable":true,"href":"https:\/\/mestraold.lleset.com\/fr\/wp-json\/wp\/v2\/media\/44271"}],"wp:attachment":[{"href":"https:\/\/mestraold.lleset.com\/fr\/wp-json\/wp\/v2\/media?parent=54900"}],"wp:term":[{"taxonomy":"product_cat","embeddable":true,"href":"https:\/\/mestraold.lleset.com\/fr\/wp-json\/wp\/v2\/product_cat?post=54900"},{"taxonomy":"product_tag","embeddable":true,"href":"https:\/\/mestraold.lleset.com\/fr\/wp-json\/wp\/v2\/product_tag?post=54900"}],"curies":[{"name":"wp","href":"https:\/\/api.w.org\/{rel}","templated":true}]}}