{"id":54896,"date":"2023-03-05T16:31:24","date_gmt":"2023-03-17T00:36:14","guid":{"rendered":"https:\/\/mestra.migracionesbgweb.com\/producto\/loupe-eclairante-led-3x\/"},"modified":"2023-09-08T10:40:55","modified_gmt":"2023-09-08T08:40:55","slug":"loupe-eclairante-led-3x","status":"publish","type":"product","link":"https:\/\/mestraold.lleset.com\/fr\/produit\/loupe-eclairante-led-3x\/","title":{"rendered":"Loupe eclairante led &#8211; 3x"},"content":{"rendered":"<p>Lentille en Voir produitre tr\u00e8s transparente et r\u00e9sistante aux rayures.<\/p>\n<p>90 LED blancs, basse temp\u00e9rature et longue dur\u00e9e.<\/p>\n<p>Montage standard, pince d\u2019attache sur l\u2019\u00e9tabli.<\/p>\n<p>La loupe est orientable.<\/p>\n<p>Bras ajustable au positionnement facile.<\/p>\n","protected":false},"excerpt":{"rendered":"<p>Lentille en Voir produitre tr\u00e8s transparente et r\u00e9sistante aux rayures. 90 LED blancs, basse temp\u00e9rature et longue dur\u00e9e. Montage standard, pince d\u2019attache sur l\u2019\u00e9tabli. La loupe est orientable. Bras ajustable au positionnement facile.<\/p>\n","protected":false},"featured_media":18266,"template":"","meta":[],"product_cat":[229,202],"product_tag":[],"class_list":["post-54896","product","type-product","status-publish","has-post-thumbnail","hentry","product_cat-eclairage","product_cat-laboratoire"],"acf":[],"df_price":53.57,"df_sale_price":53.57,"df_regular_price":119.25,"df_image_link":"https:\/\/mestraold.lleset.com\/wp-content\/uploads\/2021\/11\/Lupa-iluminada-LED-300x300.jpg","_links":{"self":[{"href":"https:\/\/mestraold.lleset.com\/fr\/wp-json\/wp\/v2\/product\/54896","targetHints":{"allow":["GET"]}}],"collection":[{"href":"https:\/\/mestraold.lleset.com\/fr\/wp-json\/wp\/v2\/product"}],"about":[{"href":"https:\/\/mestraold.lleset.com\/fr\/wp-json\/wp\/v2\/types\/product"}],"wp:featuredmedia":[{"embeddable":true,"href":"https:\/\/mestraold.lleset.com\/fr\/wp-json\/wp\/v2\/media\/18266"}],"wp:attachment":[{"href":"https:\/\/mestraold.lleset.com\/fr\/wp-json\/wp\/v2\/media?parent=54896"}],"wp:term":[{"taxonomy":"product_cat","embeddable":true,"href":"https:\/\/mestraold.lleset.com\/fr\/wp-json\/wp\/v2\/product_cat?post=54896"},{"taxonomy":"product_tag","embeddable":true,"href":"https:\/\/mestraold.lleset.com\/fr\/wp-json\/wp\/v2\/product_tag?post=54896"}],"curies":[{"name":"wp","href":"https:\/\/api.w.org\/{rel}","templated":true}]}}