{"id":54888,"date":"2023-03-05T16:29:38","date_gmt":"2023-03-17T00:35:48","guid":{"rendered":"https:\/\/mestra.migracionesbgweb.com\/producto\/sableuse-constellation-painted-2-silos\/"},"modified":"2023-11-24T08:38:43","modified_gmt":"2023-11-24T07:38:43","slug":"sableuse-constellation-painted-2-silos","status":"publish","type":"product","link":"https:\/\/mestraold.lleset.com\/fr\/produit\/sableuse-constellation-painted-2-silos\/","title":{"rendered":"Sableuse \u00ab\u00a0Constellation painted\u00a0\u00bb 2 silos"},"content":{"rendered":"<p>L&rsquo;\u00e9dition sp\u00e9ciale \u00ab\u00a0Constellation Painted\u00a0\u00bb est essentiellement constitu\u00e9e des c\u00e9l\u00e8bres jets de sable Constellation, \u00e0 la diff\u00e9rence que son ch\u00e2ssis est en acier peint au lieu de l&rsquo;acier inoxydable AISI 304 traditionnel. Ce changement permet d&rsquo;obtenir une r\u00e9duction de prix attrayante qui plaira sans aucun doute \u00e0 nos clients.<\/p>\n<p>Les \u00ab\u00a0Constellation Painted\u00a0\u00bb maintiennent le niveau de qualit\u00e9 et de finition traditionnel de la famille Constellation et, bien s\u00fbr, les innovations techniques qui distinguent ces sablages des produits similaires de la concurrence : les bouteilles de sable sont automatiquement d\u00e9compress\u00e9es en fractions de seconde lorsque la p\u00e9dale de commande est rel\u00e2ch\u00e9e, \u00e9vitant ainsi le risque d&rsquo;ouvrir le r\u00e9servoir lorsqu&rsquo;il est sous pression.<\/p>\n<p>De plus, ces sablageuses sont \u00e9quip\u00e9es d&rsquo;un syst\u00e8me de filtration exclusif \u00e0 polym\u00e8re fritt\u00e9, pour minimiser les probl\u00e8mes li\u00e9s \u00e0 l&rsquo;humidit\u00e9 rencontr\u00e9s dans d&rsquo;autres sableuses qui utilisent du coton ou des fibres organiques.<\/p>\n<p>Il convient \u00e9galement de noter la modularit\u00e9 de la famille (le nombre de cuves peut \u00eatre augment\u00e9 \u00e0 tout moment), l&rsquo;int\u00e9gration d&rsquo;un pistolet de soufflage \u00e0 l&rsquo;int\u00e9rieur de la cabine, la p\u00e9dale \u00e0 c\u00e2ble ultra-flexible et actionnement doux, etc.<\/p>\n<p>&nbsp;<\/p>\n<p>La famille <strong>Constellation Painted<\/strong> comprend une gamme de sablage modulaire, capable d&rsquo;adopter des configurations adapt\u00e9es aux besoins de presque tous les professionnels. La famille propose des mod\u00e8les de 2, 3 et 4 cuves \u00e0 sable, devenant ainsi un outil polyvalent pour le laboratoire dentaire. Ses principales caract\u00e9ristiques techniques sont:<\/p>\n<p>&#8211; Ch\u00e2ssis enti\u00e8rement construit en <u>acier inoxydable AISI 304,<\/u> avec une large fen\u00eatre en Voir produitre.<\/p>\n<p>&#8211; <u>Pistolet de soufflage<\/u> \u00e0 l&rsquo;int\u00e9rieur de la chambre, tr\u00e8s utile pour les t\u00e2ches de nettoyage.<\/p>\n<p>&#8211; Syst\u00e8me d&rsquo;\u00e9clairage <u>LED<\/u><\/p>\n<p>&#8211; Syst\u00e8me <u>modulaire<\/u> avec possibilit\u00e9 d&rsquo;extensions \u00e0 l&rsquo;avenir.<\/p>\n<p>&#8211; Vanne de <u>changement de bac situ\u00e9e \u00e0 l&rsquo;int\u00e9rieur<\/u> de la chambre.<\/p>\n<p>&#8211; Vanue d&rsquo;<u>air de d\u00e9charge rapide<\/u> qui coupe le flux d&rsquo;air au moment de rel\u00e2cher la p\u00e9dale, \u00e9conomisant ainsi du sable.<\/p>\n<p>&#8211; Pedale ergonomique avec connexion \u00e0 la machine par un simple tuyau flexible.<\/p>\n","protected":false},"excerpt":{"rendered":"<p>L&rsquo;\u00e9dition sp\u00e9ciale \u00ab\u00a0Constellation Painted\u00a0\u00bb est essentiellement constitu\u00e9e des c\u00e9l\u00e8bres jets de sable Constellation, \u00e0 la diff\u00e9rence que son ch\u00e2ssis est en acier peint au lieu de l&rsquo;acier inoxydable AISI 304 traditionnel. Ce changement permet d&rsquo;obtenir une r\u00e9duction de prix attrayante qui plaira sans aucun doute \u00e0 nos clients. Les \u00ab\u00a0Constellation Painted\u00a0\u00bb maintiennent le niveau de [&hellip;]<\/p>\n","protected":false},"featured_media":42642,"template":"","meta":[],"product_cat":[202],"product_tag":[],"class_list":["post-54888","product","type-product","status-publish","has-post-thumbnail","hentry","product_cat-laboratoire"],"acf":[],"df_price":9999,"df_sale_price":"","df_regular_price":9999,"df_image_link":"https:\/\/mestraold.lleset.com\/wp-content\/uploads\/2023\/02\/675-CHORRO-DE-ARENA-CONSTELLATION-PAINTED-pintura-epoxi-300x197.jpg","_links":{"self":[{"href":"https:\/\/mestraold.lleset.com\/fr\/wp-json\/wp\/v2\/product\/54888","targetHints":{"allow":["GET"]}}],"collection":[{"href":"https:\/\/mestraold.lleset.com\/fr\/wp-json\/wp\/v2\/product"}],"about":[{"href":"https:\/\/mestraold.lleset.com\/fr\/wp-json\/wp\/v2\/types\/product"}],"wp:featuredmedia":[{"embeddable":true,"href":"https:\/\/mestraold.lleset.com\/fr\/wp-json\/wp\/v2\/media\/42642"}],"wp:attachment":[{"href":"https:\/\/mestraold.lleset.com\/fr\/wp-json\/wp\/v2\/media?parent=54888"}],"wp:term":[{"taxonomy":"product_cat","embeddable":true,"href":"https:\/\/mestraold.lleset.com\/fr\/wp-json\/wp\/v2\/product_cat?post=54888"},{"taxonomy":"product_tag","embeddable":true,"href":"https:\/\/mestraold.lleset.com\/fr\/wp-json\/wp\/v2\/product_tag?post=54888"}],"curies":[{"name":"wp","href":"https:\/\/api.w.org\/{rel}","templated":true}]}}