{"id":54883,"date":"2023-03-05T16:29:38","date_gmt":"2023-03-17T00:35:48","guid":{"rendered":"https:\/\/mestra.migracionesbgweb.com\/producto\/voir-produitticulateur-basic\/"},"modified":"2023-07-03T20:56:24","modified_gmt":"2023-07-03T18:56:24","slug":"voir-produitticulateur-basic","status":"publish","type":"product","link":"https:\/\/mestraold.lleset.com\/fr\/produit\/voir-produitticulateur-basic\/","title":{"rendered":"Voir produitticulateur &#8211; basic"},"content":{"rendered":"<p>Il existe une configuration, que nous pourrions appeler minimale ou de base, qui est recommand\u00e9e pour les utilisateurs qui souhaitent d\u00e9marrer avec le syst\u00e8me. Cette combinaison permet d&rsquo;ex\u00e9cuter la grande majorit\u00e9 des travaux.<\/p>\n<p>Il s&rsquo;agit d&rsquo;un puissant outil de nouvelle g\u00e9n\u00e9ration dont le spectre d&rsquo;application convient \u00e0 de nombreux travaux dans le domaine de la proth\u00e8se dentaire, aussi bien pour la fabrication que pour la conception : sur-implants, hybrides, proth\u00e8ses fixes, amovibles, charg\u00e9es de composites ou de c\u00e9ramique, reprises, r\u00e9parations, proth\u00e8ses provisoires, etc.<\/p>\n<p>Nouveaux, facile \u00e0 utiliser, uniVoir produitsel, m\u00e9thodique et efficace pourraient \u00eatre quelques adjectifs qui d\u00e9crivent cet appareil et les r\u00e9sultats qui peuvent \u00eatre obtenus avec lui.<\/p>\n<p>&nbsp;<br \/>\n<span style=\"font-size: 26px; color: #000000;\"><strong>Avantages<\/span><\/strong><\/span><\/p>\n<p>Jusqu&rsquo;\u00e0 pr\u00e9sent, les travaux de fabrication de proth\u00e8ses n\u00e9cessitaient une importante comp\u00e9tence, exp\u00e9rience et connaissance de la part du technicien qui les r\u00e9alisait. L&rsquo;incorporation d&rsquo;un articulateur syst\u00e9matise le travail, permettant de cr\u00e9er des proc\u00e9dures plus simples et pr\u00e9visibles.<\/p>\n<ol>\n<li>R\u00e9sultats professionnels dans les processus auxiliaires.<\/li>\n<li>Am\u00e9liore la pr\u00e9visibilit\u00e9 du travail.<\/li>\n<li>R\u00e9duire la courbe d&rsquo;apprentissage.<\/li>\n<li>\u00c9conomise du temps et du mat\u00e9riel.<\/li>\n<li>Minimise le risque d&rsquo;erreur.<\/li>\n<\/ol>\n","protected":false},"excerpt":{"rendered":"<p>Il existe une configuration, que nous pourrions appeler minimale ou de base, qui est recommand\u00e9e pour les utilisateurs qui souhaitent d\u00e9marrer avec le syst\u00e8me. Cette combinaison permet d&rsquo;ex\u00e9cuter la grande majorit\u00e9 des travaux. Il s&rsquo;agit d&rsquo;un puissant outil de nouvelle g\u00e9n\u00e9ration dont le spectre d&rsquo;application convient \u00e0 de nombreux travaux dans le domaine de la [&hellip;]<\/p>\n","protected":false},"featured_media":25195,"template":"","meta":[],"product_cat":[202],"product_tag":[],"class_list":["post-54883","product","type-product","status-publish","has-post-thumbnail","hentry","product_cat-laboratoire"],"acf":[],"df_price":224.84,"df_sale_price":224.84,"df_regular_price":345.91,"df_image_link":"https:\/\/mestraold.lleset.com\/wp-content\/uploads\/2022\/02\/Verticulador-Basic-300x300.jpg","_links":{"self":[{"href":"https:\/\/mestraold.lleset.com\/fr\/wp-json\/wp\/v2\/product\/54883","targetHints":{"allow":["GET"]}}],"collection":[{"href":"https:\/\/mestraold.lleset.com\/fr\/wp-json\/wp\/v2\/product"}],"about":[{"href":"https:\/\/mestraold.lleset.com\/fr\/wp-json\/wp\/v2\/types\/product"}],"wp:featuredmedia":[{"embeddable":true,"href":"https:\/\/mestraold.lleset.com\/fr\/wp-json\/wp\/v2\/media\/25195"}],"wp:attachment":[{"href":"https:\/\/mestraold.lleset.com\/fr\/wp-json\/wp\/v2\/media?parent=54883"}],"wp:term":[{"taxonomy":"product_cat","embeddable":true,"href":"https:\/\/mestraold.lleset.com\/fr\/wp-json\/wp\/v2\/product_cat?post=54883"},{"taxonomy":"product_tag","embeddable":true,"href":"https:\/\/mestraold.lleset.com\/fr\/wp-json\/wp\/v2\/product_tag?post=54883"}],"curies":[{"name":"wp","href":"https:\/\/api.w.org\/{rel}","templated":true}]}}