{"id":54871,"date":"2023-03-05T16:27:45","date_gmt":"2023-03-17T00:35:21","guid":{"rendered":"https:\/\/mestra.migracionesbgweb.com\/producto\/anneau-daspiration-humide\/"},"modified":"2023-07-03T11:12:02","modified_gmt":"2023-07-03T09:12:02","slug":"anneau-daspiration-humide","status":"publish","type":"product","link":"https:\/\/mestraold.lleset.com\/fr\/produit\/anneau-daspiration-humide\/","title":{"rendered":"Anneau d&rsquo;aspiration humide"},"content":{"rendered":"<p>Con\u00e7ue pour une utilisation simple et fiable.<\/p>\n<p>Cette unit\u00e9 dispose d&rsquo;une r\u00e9ponse rapide: elle d\u00e9tecte le signal de mise en marche et atteint le niveau optimal de vide en un temps record.<\/p>\n<p>Son fonctionnement est extr\u00eamement silencieux. De plus, il ne n\u00e9cessite aucune op\u00e9ration de maintenance, car il s&rsquo;agit d&rsquo;une technologie qui s\u00e9pare automatiquement l&rsquo;air de l&rsquo;eau des d\u00e9chets.<\/p>\n<p>La puissance d&rsquo;aspiration reste constante en tout temps, sans qu&rsquo;il y ait de hauts et de bas ou de pannes perceptibles.<\/p>\n<p>Cette unit\u00e9 convient \u00e0 un poste de travail \u00e0 usage intensif, ou \u00e0 deux postes de travail dans le cas d&rsquo;une utilisation en mod\u00e9lisation.<\/p>\n","protected":false},"excerpt":{"rendered":"<p>Con\u00e7ue pour une utilisation simple et fiable. Cette unit\u00e9 dispose d&rsquo;une r\u00e9ponse rapide: elle d\u00e9tecte le signal de mise en marche et atteint le niveau optimal de vide en un temps record. Son fonctionnement est extr\u00eamement silencieux. De plus, il ne n\u00e9cessite aucune op\u00e9ration de maintenance, car il s&rsquo;agit d&rsquo;une technologie qui s\u00e9pare automatiquement l&rsquo;air [&hellip;]<\/p>\n","protected":false},"featured_media":25163,"template":"","meta":[],"product_cat":[181,190],"product_tag":[],"class_list":["post-54871","product","type-product","status-publish","has-post-thumbnail","hentry","product_cat-cabinet","product_cat-machines-cabinet"],"acf":[],"df_price":1308.13,"df_sale_price":"","df_regular_price":1308.13,"df_image_link":"https:\/\/mestraold.lleset.com\/wp-content\/uploads\/2022\/02\/Aspiracion-de-anillo-humedo-300x300.jpg","_links":{"self":[{"href":"https:\/\/mestraold.lleset.com\/fr\/wp-json\/wp\/v2\/product\/54871","targetHints":{"allow":["GET"]}}],"collection":[{"href":"https:\/\/mestraold.lleset.com\/fr\/wp-json\/wp\/v2\/product"}],"about":[{"href":"https:\/\/mestraold.lleset.com\/fr\/wp-json\/wp\/v2\/types\/product"}],"wp:featuredmedia":[{"embeddable":true,"href":"https:\/\/mestraold.lleset.com\/fr\/wp-json\/wp\/v2\/media\/25163"}],"wp:attachment":[{"href":"https:\/\/mestraold.lleset.com\/fr\/wp-json\/wp\/v2\/media?parent=54871"}],"wp:term":[{"taxonomy":"product_cat","embeddable":true,"href":"https:\/\/mestraold.lleset.com\/fr\/wp-json\/wp\/v2\/product_cat?post=54871"},{"taxonomy":"product_tag","embeddable":true,"href":"https:\/\/mestraold.lleset.com\/fr\/wp-json\/wp\/v2\/product_tag?post=54871"}],"curies":[{"name":"wp","href":"https:\/\/api.w.org\/{rel}","templated":true}]}}