{"id":54870,"date":"2023-03-05T16:27:45","date_gmt":"2023-03-17T00:35:21","guid":{"rendered":"https:\/\/mestra.migracionesbgweb.com\/producto\/sableuse-t2-sans-buse-fixe\/"},"modified":"2023-07-21T12:35:52","modified_gmt":"2023-07-21T10:35:52","slug":"sableuse-t2-sans-buse-fixe","status":"publish","type":"product","link":"https:\/\/mestraold.lleset.com\/fr\/produit\/sableuse-t2-sans-buse-fixe\/","title":{"rendered":"Sableuse t2 sans buse fixe"},"content":{"rendered":"<p>Famille de sableuses compactes et \u00e9conomiques.<\/p>\n<p>Semblable \u00e0 R-080280 T2, mais sans buse fixe.<\/p>\n<p>Tous les mod\u00e8les sont \u00e9quip\u00e9s d\u2019une lumi\u00e8re int\u00e9rieure. Les dimensions, l\u2019apparence et la finition des trois mod\u00e8les sont similaires.<\/p>\n","protected":false},"excerpt":{"rendered":"<p>Famille de sableuses compactes et \u00e9conomiques. Semblable \u00e0 R-080280 T2, mais sans buse fixe. Tous les mod\u00e8les sont \u00e9quip\u00e9s d\u2019une lumi\u00e8re int\u00e9rieure. Les dimensions, l\u2019apparence et la finition des trois mod\u00e8les sont similaires.<\/p>\n","protected":false},"featured_media":25125,"template":"","meta":[],"product_cat":[202],"product_tag":[],"class_list":["post-54870","product","type-product","status-publish","has-post-thumbnail","hentry","product_cat-laboratoire"],"acf":[],"df_price":1028.78,"df_sale_price":"","df_regular_price":1028.78,"df_image_link":"https:\/\/mestraold.lleset.com\/wp-content\/uploads\/2022\/02\/Chorro-de-arena-T1-300x300.jpg","_links":{"self":[{"href":"https:\/\/mestraold.lleset.com\/fr\/wp-json\/wp\/v2\/product\/54870","targetHints":{"allow":["GET"]}}],"collection":[{"href":"https:\/\/mestraold.lleset.com\/fr\/wp-json\/wp\/v2\/product"}],"about":[{"href":"https:\/\/mestraold.lleset.com\/fr\/wp-json\/wp\/v2\/types\/product"}],"wp:featuredmedia":[{"embeddable":true,"href":"https:\/\/mestraold.lleset.com\/fr\/wp-json\/wp\/v2\/media\/25125"}],"wp:attachment":[{"href":"https:\/\/mestraold.lleset.com\/fr\/wp-json\/wp\/v2\/media?parent=54870"}],"wp:term":[{"taxonomy":"product_cat","embeddable":true,"href":"https:\/\/mestraold.lleset.com\/fr\/wp-json\/wp\/v2\/product_cat?post=54870"},{"taxonomy":"product_tag","embeddable":true,"href":"https:\/\/mestraold.lleset.com\/fr\/wp-json\/wp\/v2\/product_tag?post=54870"}],"curies":[{"name":"wp","href":"https:\/\/api.w.org\/{rel}","templated":true}]}}