{"id":54867,"date":"2023-03-05T16:25:49","date_gmt":"2023-03-17T00:34:51","guid":{"rendered":"https:\/\/mestra.migracionesbgweb.com\/producto\/sableuse-t2\/"},"modified":"2023-07-21T12:20:20","modified_gmt":"2023-07-21T10:20:20","slug":"sableuse-t2","status":"publish","type":"product","link":"https:\/\/mestraold.lleset.com\/fr\/produit\/sableuse-t2\/","title":{"rendered":"Sableuse t2"},"content":{"rendered":"<p>Famille de sableuses compactes et \u00e9conomiques.<\/p>\n<p>Ces trois types comprennent une buse fixe de 3 mm \u00e0 recyclage de sable par circuit interne.<\/p>\n<p>Le mod\u00e8le T2 dispose en plus d\u2019un crayon de sablage de 1,25 mm.<\/p>\n<p>Le mod\u00e8le T3 compte quant \u00e0 lui 2 crayons de sablage de 1mm et de 1,25 mm. La commutation des silos se r\u00e9alise par le biais d\u2019une valve pneumatique.<\/p>\n<p>Tous les mod\u00e8les sont \u00e9quip\u00e9s d\u2019une lumi\u00e8re int\u00e9rieure. Les dimensions, l\u2019apparence et la finition des trois mod\u00e8les sont similaires.<\/p>\n","protected":false},"excerpt":{"rendered":"<p>Famille de sableuses compactes et \u00e9conomiques. Ces trois types comprennent une buse fixe de 3 mm \u00e0 recyclage de sable par circuit interne. Le mod\u00e8le T2 dispose en plus d\u2019un crayon de sablage de 1,25 mm. Le mod\u00e8le T3 compte quant \u00e0 lui 2 crayons de sablage de 1mm et de 1,25 mm. La commutation [&hellip;]<\/p>\n","protected":false},"featured_media":25125,"template":"","meta":[],"product_cat":[202],"product_tag":[],"class_list":["post-54867","product","type-product","status-publish","has-post-thumbnail","hentry","product_cat-laboratoire"],"acf":[],"df_price":1096.01,"df_sale_price":"","df_regular_price":1096.01,"df_image_link":"https:\/\/mestraold.lleset.com\/wp-content\/uploads\/2022\/02\/Chorro-de-arena-T1-300x300.jpg","_links":{"self":[{"href":"https:\/\/mestraold.lleset.com\/fr\/wp-json\/wp\/v2\/product\/54867","targetHints":{"allow":["GET"]}}],"collection":[{"href":"https:\/\/mestraold.lleset.com\/fr\/wp-json\/wp\/v2\/product"}],"about":[{"href":"https:\/\/mestraold.lleset.com\/fr\/wp-json\/wp\/v2\/types\/product"}],"wp:featuredmedia":[{"embeddable":true,"href":"https:\/\/mestraold.lleset.com\/fr\/wp-json\/wp\/v2\/media\/25125"}],"wp:attachment":[{"href":"https:\/\/mestraold.lleset.com\/fr\/wp-json\/wp\/v2\/media?parent=54867"}],"wp:term":[{"taxonomy":"product_cat","embeddable":true,"href":"https:\/\/mestraold.lleset.com\/fr\/wp-json\/wp\/v2\/product_cat?post=54867"},{"taxonomy":"product_tag","embeddable":true,"href":"https:\/\/mestraold.lleset.com\/fr\/wp-json\/wp\/v2\/product_tag?post=54867"}],"curies":[{"name":"wp","href":"https:\/\/api.w.org\/{rel}","templated":true}]}}