{"id":54862,"date":"2023-03-05T16:25:49","date_gmt":"2023-03-17T00:34:51","guid":{"rendered":"https:\/\/mestra.migracionesbgweb.com\/producto\/sableuse-planetarium-plus-iv-a-silos-chauffants\/"},"modified":"2023-07-03T10:26:20","modified_gmt":"2023-07-03T08:26:20","slug":"sableuse-planetarium-plus-iv-a-silos-chauffants","status":"publish","type":"product","link":"https:\/\/mestraold.lleset.com\/fr\/produit\/sableuse-planetarium-plus-iv-a-silos-chauffants\/","title":{"rendered":"Sableuse \u00ab\u00a0planetarium plus iv\u00a0\u00bb a silos chauffants"},"content":{"rendered":"<p>Sableuse haut de gamme.<\/p>\n<p>Compos\u00e9e de 4 silos. Chaque silo compte un manom\u00e8tre et un mano-r\u00e9ducteur individuel.<\/p>\n<p>La pression exig\u00e9e pour chaque type de sable permet un travail de pr\u00e9cision. <\/p>\n<p>Un syst\u00e8me de chauffe de chaque silo permet au sable d\u2019\u00eatre exempt d\u2019humidit\u00e9 \u00e9vitant ainsi les possibles grumeaux pouvant obturer les buses et les conduits.<\/p>\n<p>La cabine de travail a \u00e9t\u00e9 sp\u00e9cialement con\u00e7ue pour un travail de sablage ais\u00e9 et pour le technicien une position ergonomique et confortable. L\u2019int\u00e9rieur est \u00e9clair\u00e9 gr\u00e2ce \u00e0 une lampe fluorescente sans zone d\u2019ombre.<\/p>\n","protected":false},"excerpt":{"rendered":"<p>Sableuse haut de gamme. Compos\u00e9e de 4 silos. Chaque silo compte un manom\u00e8tre et un mano-r\u00e9ducteur individuel. La pression exig\u00e9e pour chaque type de sable permet un travail de pr\u00e9cision. Un syst\u00e8me de chauffe de chaque silo permet au sable d\u2019\u00eatre exempt d\u2019humidit\u00e9 \u00e9vitant ainsi les possibles grumeaux pouvant obturer les buses et les conduits. [&hellip;]<\/p>\n","protected":false},"featured_media":25033,"template":"","meta":[],"product_cat":[202],"product_tag":[],"class_list":["post-54862","product","type-product","status-publish","has-post-thumbnail","hentry","product_cat-laboratoire"],"acf":[],"df_price":2996.02,"df_sale_price":"","df_regular_price":2996.02,"df_image_link":"https:\/\/mestraold.lleset.com\/wp-content\/uploads\/2022\/02\/Chorro-de-arena-planetarium-plus-iv-con-calefactor-300x225.jpg","_links":{"self":[{"href":"https:\/\/mestraold.lleset.com\/fr\/wp-json\/wp\/v2\/product\/54862","targetHints":{"allow":["GET"]}}],"collection":[{"href":"https:\/\/mestraold.lleset.com\/fr\/wp-json\/wp\/v2\/product"}],"about":[{"href":"https:\/\/mestraold.lleset.com\/fr\/wp-json\/wp\/v2\/types\/product"}],"wp:featuredmedia":[{"embeddable":true,"href":"https:\/\/mestraold.lleset.com\/fr\/wp-json\/wp\/v2\/media\/25033"}],"wp:attachment":[{"href":"https:\/\/mestraold.lleset.com\/fr\/wp-json\/wp\/v2\/media?parent=54862"}],"wp:term":[{"taxonomy":"product_cat","embeddable":true,"href":"https:\/\/mestraold.lleset.com\/fr\/wp-json\/wp\/v2\/product_cat?post=54862"},{"taxonomy":"product_tag","embeddable":true,"href":"https:\/\/mestraold.lleset.com\/fr\/wp-json\/wp\/v2\/product_tag?post=54862"}],"curies":[{"name":"wp","href":"https:\/\/api.w.org\/{rel}","templated":true}]}}