{"id":54722,"date":"2023-03-05T16:02:35","date_gmt":"2023-03-17T00:29:19","guid":{"rendered":"https:\/\/mestra.migracionesbgweb.com\/producto\/articulateur-de-montage-rapide-pour-protheses-partielles\/"},"modified":"2023-07-03T07:55:32","modified_gmt":"2023-07-03T05:55:32","slug":"articulateur-de-montage-rapide-pour-protheses-partielles","status":"publish","type":"product","link":"https:\/\/mestraold.lleset.com\/fr\/produit\/articulateur-de-montage-rapide-pour-protheses-partielles\/","title":{"rendered":"Articulateur de montage rapide pour protheses partielles"},"content":{"rendered":"<p>Sa simplicit\u00e9 d\u2019utilisation et sa facilit\u00e9 pour fixer les mod\u00e8les font de cet articulateur l\u2019outil id\u00e9al pour des travaux qui doivent se faire rapidement (r\u00e9parations, cabinet dentaire\u2026), en \u00e9vitant l\u2019utilisation de pl\u00e2tre ou autre mat\u00e9riau pour fixer les mod\u00e8les aux socles.<\/p>\n<p>Les articulateurs sont de type \u201crotule\u201d permettant diVoir produits r\u00e9glages.<\/p>\n","protected":false},"excerpt":{"rendered":"<p>Sa simplicit\u00e9 d\u2019utilisation et sa facilit\u00e9 pour fixer les mod\u00e8les font de cet articulateur l\u2019outil id\u00e9al pour des travaux qui doivent se faire rapidement (r\u00e9parations, cabinet dentaire\u2026), en \u00e9vitant l\u2019utilisation de pl\u00e2tre ou autre mat\u00e9riau pour fixer les mod\u00e8les aux socles. Les articulateurs sont de type \u201crotule\u201d permettant diVoir produits r\u00e9glages.<\/p>\n","protected":false},"featured_media":24702,"template":"","meta":[],"product_cat":[206,202],"product_tag":[],"class_list":["post-54722","product","type-product","status-publish","has-post-thumbnail","hentry","product_cat-articulateurs-laboratoire","product_cat-laboratoire"],"acf":[],"df_price":69.95,"df_sale_price":"","df_regular_price":69.95,"df_image_link":"https:\/\/mestraold.lleset.com\/wp-content\/uploads\/2022\/02\/Articulador-de-fijacion-parcial-para-parciales-300x300.jpg","_links":{"self":[{"href":"https:\/\/mestraold.lleset.com\/fr\/wp-json\/wp\/v2\/product\/54722","targetHints":{"allow":["GET"]}}],"collection":[{"href":"https:\/\/mestraold.lleset.com\/fr\/wp-json\/wp\/v2\/product"}],"about":[{"href":"https:\/\/mestraold.lleset.com\/fr\/wp-json\/wp\/v2\/types\/product"}],"wp:featuredmedia":[{"embeddable":true,"href":"https:\/\/mestraold.lleset.com\/fr\/wp-json\/wp\/v2\/media\/24702"}],"wp:attachment":[{"href":"https:\/\/mestraold.lleset.com\/fr\/wp-json\/wp\/v2\/media?parent=54722"}],"wp:term":[{"taxonomy":"product_cat","embeddable":true,"href":"https:\/\/mestraold.lleset.com\/fr\/wp-json\/wp\/v2\/product_cat?post=54722"},{"taxonomy":"product_tag","embeddable":true,"href":"https:\/\/mestraold.lleset.com\/fr\/wp-json\/wp\/v2\/product_tag?post=54722"}],"curies":[{"name":"wp","href":"https:\/\/api.w.org\/{rel}","templated":true}]}}