{"id":54706,"date":"2023-03-05T15:59:16","date_gmt":"2023-03-17T00:28:28","guid":{"rendered":"https:\/\/mestra.migracionesbgweb.com\/producto\/articulateur-a-charniere-pour-prothese-complete\/"},"modified":"2023-07-03T07:50:45","modified_gmt":"2023-07-03T05:50:45","slug":"articulateur-a-charniere-pour-prothese-complete","status":"publish","type":"product","link":"https:\/\/mestraold.lleset.com\/fr\/produit\/articulateur-a-charniere-pour-prothese-complete\/","title":{"rendered":"Articulateur a charniere pour prothese complete"},"content":{"rendered":"<p>Articulador de charnela con eje de ajuste en Acier inox. y tornillo para su reajuste.<\/p>\n<p>Fabricado en lat\u00f3n de alta calidad.<\/p>\n<p>Regulable por acci\u00f3n de un tornillo.<\/p>\n<p>El brazo superior se desmonta f\u00e1cilmente del inferior, para facilitar el reglaje.<\/p>\n<p>Su gran ajuste le asegura un registro de mordida exacto cuando se reemplaza.<\/p>\n","protected":false},"excerpt":{"rendered":"<p>Articulador de charnela con eje de ajuste en Acier inox. y tornillo para su reajuste. Fabricado en lat\u00f3n de alta calidad. Regulable por acci\u00f3n de un tornillo. El brazo superior se desmonta f\u00e1cilmente del inferior, para facilitar el reglaje. Su gran ajuste le asegura un registro de mordida exacto cuando se reemplaza.<\/p>\n","protected":false},"featured_media":24567,"template":"","meta":[],"product_cat":[206,202],"product_tag":[],"class_list":["post-54706","product","type-product","status-publish","has-post-thumbnail","hentry","product_cat-articulateurs-laboratoire","product_cat-laboratoire"],"acf":[],"df_price":34.17,"df_sale_price":"","df_regular_price":34.17,"df_image_link":"https:\/\/mestraold.lleset.com\/wp-content\/uploads\/2022\/02\/38-ARTICULADOR-CHARNELA-PARA-COMPLETAS-300x300.jpg","_links":{"self":[{"href":"https:\/\/mestraold.lleset.com\/fr\/wp-json\/wp\/v2\/product\/54706","targetHints":{"allow":["GET"]}}],"collection":[{"href":"https:\/\/mestraold.lleset.com\/fr\/wp-json\/wp\/v2\/product"}],"about":[{"href":"https:\/\/mestraold.lleset.com\/fr\/wp-json\/wp\/v2\/types\/product"}],"wp:featuredmedia":[{"embeddable":true,"href":"https:\/\/mestraold.lleset.com\/fr\/wp-json\/wp\/v2\/media\/24567"}],"wp:attachment":[{"href":"https:\/\/mestraold.lleset.com\/fr\/wp-json\/wp\/v2\/media?parent=54706"}],"wp:term":[{"taxonomy":"product_cat","embeddable":true,"href":"https:\/\/mestraold.lleset.com\/fr\/wp-json\/wp\/v2\/product_cat?post=54706"},{"taxonomy":"product_tag","embeddable":true,"href":"https:\/\/mestraold.lleset.com\/fr\/wp-json\/wp\/v2\/product_tag?post=54706"}],"curies":[{"name":"wp","href":"https:\/\/api.w.org\/{rel}","templated":true}]}}