{"id":56943,"date":"2023-03-29T18:40:27","date_gmt":"2023-03-29T16:40:27","guid":{"rendered":"https:\/\/mestra.migracionesbgweb.com\/politique-de-cookies\/"},"modified":"2023-03-29T18:40:27","modified_gmt":"2023-03-29T16:40:27","slug":"politique-de-cookies","status":"publish","type":"page","link":"https:\/\/mestraold.lleset.com\/fr\/politique-de-cookies\/","title":{"rendered":"Politique de cookies"},"content":{"rendered":"<p style=\"text-align: left;\">Un cookie est un fichier qui est t\u00e9l\u00e9charg\u00e9 sur votre ordinateur lors de l&rsquo;acc\u00e8s \u00e0 certaines pages Web.<\/p>\n<p>&nbsp;<\/p>\n<p style=\"text-align: left;\">Les cookies permettent, entre autres choses, de stocker et de r\u00e9cup\u00e9rer des informations sur les habitudes de navigation d&rsquo;un utilisateur ou de son \u00e9quipement et, en fonction des informations qu&rsquo;il contient et de la mani\u00e8re dont son \u00e9quipement est utilis\u00e9, ils peuvent \u00eatre utilis\u00e9s pour reconna\u00eetre l&rsquo;utilisateur. <\/p>\n<p>&nbsp;<\/p>\n<p style=\"text-align: left;\">Les cookies sont essentiels au fonctionnement d&rsquo;Internet, offrant d&rsquo;innombrables avantages dans la fourniture de services interactifs, facilitant la navigation et l&rsquo;utilisation de notre site Web.<\/p>\n<p>&nbsp;<\/p>\n<p style=\"text-align: left;\">Les informations que nous fournissons ci-dessous vous aideront \u00e0 comprendre les diff\u00e9rents types.<\/p>\n<p>&nbsp;<\/p>\n<p style=\"text-align: left;\"><img loading=\"lazy\" decoding=\"async\" class=\"aligncenter wp-image-297 size-full\" src=\"https:\/\/mestraold.lleset.com\/wp-content\/uploads\/2022\/05\/Tipos-de-cookies-MESTRA.png\" alt=\"\" width=\"625\" height=\"591\" \/><\/p>\n<p>Selon les dispositions de l&rsquo;article 22.2 de la Loi 34\/2002 du 11 juillet sur les services de la soci\u00e9t\u00e9 de l&rsquo;information et du commerce \u00e9lectronique (LSSI-CE), TALLERES MESTRAIT\u00daA, S.L informe des cookies utilis\u00e9s sur notre site Web: <\/p>\n<div class=\"vc_empty_space\"><\/div>\n<div class=\"wpb_single_image wpb_content_element vc_align_center\">\n<div class=\"wpb_wrapper\">\n<div class=\"vc_single_image-wrapper vc_box_border_grey\"><img loading=\"lazy\" decoding=\"async\" class=\"aligncenter wp-image-298 size-full\" src=\"https:\/\/mestraold.lleset.com\/wp-content\/uploads\/2022\/05\/cookies-usadas-MESTRA.png\" alt=\"\" width=\"698\" height=\"378\" \/><\/div>\n<\/div>\n<\/div>\n<div class=\"vc_empty_space\"><\/div>\n<div class=\"wpb_text_column wpb_content_element \">\n<div class=\"wpb_wrapper\">\n<p style=\"text-align: left;\">Google Analytics : Stocke des cookies pour pouvoir compiler des statistiques sur le trafic et le volume des visites sur ce site Web. En utilisant ce site Web, vous consentez au traitement des informations vous concernant par Google. Par cons\u00e9quent, l&rsquo;exercice de tout droit \u00e0 cet \u00e9gard doit \u00eatre effectu\u00e9 en communiquant directement avec Google. <\/p>\n<p>&nbsp;<\/p>\n<p style=\"text-align: left;\">Les cookies Google Analytics sont stock\u00e9s sur des serveurs situ\u00e9s aux \u00c9tats-Unis et Google s&rsquo;engage \u00e0 ne pas les partager avec des tiers, sauf dans les cas o\u00f9 cela est n\u00e9cessaire pour le fonctionnement du syst\u00e8me ou lorsque la loi l&rsquo;exige. Selon Google, il ne sauvegarde pas votre adresse IP. <\/p>\n<p>&nbsp;<\/p>\n<p style=\"text-align: left;\">Google Inc. est une entreprise adh\u00e9rente aux \u00ab\u00a0Privacy Shields\u00a0\u00bb qui garantit que toutes les donn\u00e9es transf\u00e9r\u00e9es seront trait\u00e9es avec un niveau de protection conforme aux r\u00e9glementations europ\u00e9ennes. Vous pouvez consulter des informations d\u00e9taill\u00e9es \u00e0 ce sujet via le lien suivant:  <a href=\"https:\/\/support.google.com\/analytics\/answer\/6004245\">https:\/\/support.google.com\/analytics\/answer\/6004245<\/a>.<\/p>\n<p>&nbsp;<\/p>\n<p style=\"text-align: left;\">Si vous le souhaitez, vous pouvez utiliser le module compl\u00e9mentaire du navigateur Google Analytics gr\u00e2ce auquel vous pouvez refuser les cookies analytiques de ce service dans tous les navigateurs. Vous pouvez trouver plus d&rsquo;informations \u00e0 ce sujet via le lien suivant:  https:\/\/tools.google.com\/dlpage\/gaoptout <\/p>\n<p>&nbsp;<\/p>\n<p style=\"text-align: left;\">TALLERES MESTRAIT\u00daA S.L informe \u00e9galement l&rsquo;utilisateur qu&rsquo;il a la possibilit\u00e9 de configurer son navigateur pour qu&rsquo;il soit inform\u00e9 de la r\u00e9ception de cookies et, s&rsquo;il le souhaite, pour les emp\u00eacher d&rsquo;\u00eatre install\u00e9s sur son disque dur.<\/p>\n<p>&nbsp;<\/p>\n<p style=\"text-align: left;\">Ci-dessous, nous fournissons des liens vers diff\u00e9rents navigateurs, gr\u00e2ce auxquels vous pouvez effectuer cette configuration: <\/p>\n<\/div>\n<\/div>\n<div class=\"vc_empty_space\"><\/div>\n<div class=\"wpb_text_column wpb_content_element \">\n<div class=\"wpb_wrapper\">\n<p>Firefox ici:\u00a0<a href=\"https:\/\/support.mozilla.org\/es\/kb\/habilitar-y-deshabilitar-cookies-sitios-web-rastrear-preferencias\">https:\/\/support.mozilla.org\/es\/kb\/habilitar-y-deshabilitar-cookies-sitios-web-rastrear-preferencias<\/a><\/p>\n<p>Chrome ici:\u00a0<a href=\"http:\/\/support.google.com\/chrome\/bin\/answer.py?hl=es&amp;answer=95647\">http:\/\/support.google.com\/chrome\/bin\/answer.py?hl=es&amp;answer=95647<\/a><\/p>\n<p>Explorer ici:<a href=\"http:\/\/windows.microsoft.com\/es-es\/internet-explorer\/delete-managecookies#ie=ie-10\">\u00a0http:\/\/windows.microsoft.com\/es-es\/internet-explorer\/delete-managecookies#ie=ie-10<\/a><\/p>\n<p>Safari ici:\u00a0<a href=\"https:\/\/support.apple.com\/kb\/ph17191?locale=es_ES\">https:\/\/support.apple.com\/kb\/ph17191?locale=es_ES<\/a><\/p>\n<p>Opera ici:\u00a0<a href=\"https:\/\/help.opera.com\/en\/latest\/web-preferences\/#cookies\">https:\/\/help.opera.com\/en\/latest\/web-preferences\/#cookies<\/a><\/p>\n<\/div>\n<\/div>\n<p>&nbsp;<\/p>\n","protected":false},"excerpt":{"rendered":"<p>Un cookie est un fichier qui est t\u00e9l\u00e9charg\u00e9 sur votre ordinateur lors de l&rsquo;acc\u00e8s \u00e0 certaines pages Web. &nbsp; Les cookies permettent, entre autres choses, de stocker et de r\u00e9cup\u00e9rer des informations sur les habitudes de navigation d&rsquo;un utilisateur ou de son \u00e9quipement et, en fonction des informations qu&rsquo;il contient et de la mani\u00e8re dont [&hellip;]<\/p>\n","protected":false},"author":2,"featured_media":0,"parent":0,"menu_order":0,"comment_status":"closed","ping_status":"closed","template":"","meta":{"footnotes":""},"class_list":["post-56943","page","type-page","status-publish","hentry"],"acf":[],"_links":{"self":[{"href":"https:\/\/mestraold.lleset.com\/fr\/wp-json\/wp\/v2\/pages\/56943","targetHints":{"allow":["GET"]}}],"collection":[{"href":"https:\/\/mestraold.lleset.com\/fr\/wp-json\/wp\/v2\/pages"}],"about":[{"href":"https:\/\/mestraold.lleset.com\/fr\/wp-json\/wp\/v2\/types\/page"}],"author":[{"embeddable":true,"href":"https:\/\/mestraold.lleset.com\/fr\/wp-json\/wp\/v2\/users\/2"}],"replies":[{"embeddable":true,"href":"https:\/\/mestraold.lleset.com\/fr\/wp-json\/wp\/v2\/comments?post=56943"}],"version-history":[{"count":0,"href":"https:\/\/mestraold.lleset.com\/fr\/wp-json\/wp\/v2\/pages\/56943\/revisions"}],"wp:attachment":[{"href":"https:\/\/mestraold.lleset.com\/fr\/wp-json\/wp\/v2\/media?parent=56943"}],"curies":[{"name":"wp","href":"https:\/\/api.w.org\/{rel}","templated":true}]}}