{"id":38715,"date":"2023-02-07T12:08:11","date_gmt":"2023-02-07T11:08:11","guid":{"rendered":"http:\/\/mestra.migracionesbgweb.com\/?page_id=38715"},"modified":"2024-03-11T15:02:44","modified_gmt":"2024-03-11T14:02:44","slug":"catalogues-de-produits","status":"publish","type":"page","link":"https:\/\/mestraold.lleset.com\/fr\/catalogues-de-produits\/","title":{"rendered":"Catalogues de produits"},"content":{"rendered":"\t\t<div data-elementor-type=\"wp-page\" data-elementor-id=\"38715\" class=\"elementor elementor-38715 elementor-26147\" data-elementor-post-type=\"page\">\n\t\t\t\t\t\t\t\t\t<section class=\"elementor-section elementor-top-section elementor-element elementor-element-458749c elementor-section-boxed elementor-section-height-default elementor-section-height-default\" data-id=\"458749c\" data-element_type=\"section\">\r\n\t\t\r\n\t\t\t\t\t\t\t<div class=\"elementor-container elementor-column-gap-default\">\r\n\t\t\t\t\t\t\t\t\t\t\t<div class=\"elementor-column elementor-col-100 elementor-top-column elementor-element elementor-element-ef3e8cc\" data-id=\"ef3e8cc\" data-element_type=\"column\">\r\n\t\t\t\t\t<div class=\"elementor-widget-wrap elementor-element-populated\">\r\n\t\t\t\t\t\t\t\t<div class=\"elementor-element elementor-element-fdd9b8a elementor-widget elementor-widget-heading\" data-id=\"fdd9b8a\" data-element_type=\"widget\" data-widget_type=\"heading.default\">\n\t\t\t\t<div class=\"elementor-widget-container\">\n\t\t\t<h2 class=\"elementor-heading-title elementor-size-default\">Catalogues <strong>de produits <\/strong><\/h2>\t\t<\/div>\n\t\t\t\t<\/div>\n\t\t\t\t<div class=\"elementor-element elementor-element-35b6890 elementor-widget elementor-widget-text-editor\" data-id=\"35b6890\" data-element_type=\"widget\" data-widget_type=\"text-editor.default\">\n\t\t\t\t<div class=\"elementor-widget-container\">\n\t\t\t\t\t\t\t<p style=\"text-align: center;\"><span style=\"font-size: 18px;\">T\u00e9l\u00e9chargez nos catalogues de produits<\/span><\/p>\t\t\t\t\t\t<\/div>\n\t\t\t\t<\/div>\n\t\t\t\t\t<\/div>\r\n\t\t\t\t<\/div>\r\n\t\t\t\t\t<\/div>\r\n\t\t\t\t<\/section>\r\n\t\t\t\t<section class=\"elementor-section elementor-top-section elementor-element elementor-element-ee966b1 elementor-section-boxed elementor-section-height-default elementor-section-height-default\" data-id=\"ee966b1\" data-element_type=\"section\">\r\n\t\t\r\n\t\t\t\t\t\t\t<div class=\"elementor-container elementor-column-gap-default\">\r\n\t\t\t\t\t\t\t\t\t\t\t<div class=\"elementor-column elementor-col-50 elementor-top-column elementor-element elementor-element-0404fa9\" data-id=\"0404fa9\" data-element_type=\"column\">\r\n\t\t\t\t\t<div class=\"elementor-widget-wrap elementor-element-populated\">\r\n\t\t\t\t\t\t\t\t<div class=\"elementor-element elementor-element-d95a7ca elementor-widget elementor-widget-image\" data-id=\"d95a7ca\" data-element_type=\"widget\" data-widget_type=\"image.default\">\n\t\t\t\t<div class=\"elementor-widget-container\">\n\t\t\t\t\t\t\t\t\t\t\t\t\t\t\t\t<a href=\"https:\/\/mestraold.lleset.com\/wp-content\/uploads\/2024\/03\/Catalogo-Clinica-2024-FR.pdf\" target=\"_blank\">\n\t\t\t\t\t\t\t<img loading=\"lazy\" decoding=\"async\" width=\"724\" height=\"1024\" src=\"https:\/\/mestraold.lleset.com\/wp-content\/uploads\/2024\/03\/Catalogo-Clinica-2024-FR-724x1024.jpg\" class=\"attachment-large size-large wp-image-62440\" alt=\"\" srcset=\"https:\/\/mestraold.lleset.com\/wp-content\/uploads\/2024\/03\/Catalogo-Clinica-2024-FR-724x1024.jpg 724w, https:\/\/mestraold.lleset.com\/wp-content\/uploads\/2024\/03\/Catalogo-Clinica-2024-FR-640x905.jpg 640w, https:\/\/mestraold.lleset.com\/wp-content\/uploads\/2024\/03\/Catalogo-Clinica-2024-FR-400x566.jpg 400w, https:\/\/mestraold.lleset.com\/wp-content\/uploads\/2024\/03\/Catalogo-Clinica-2024-FR-367x519.jpg 367w, https:\/\/mestraold.lleset.com\/wp-content\/uploads\/2024\/03\/Catalogo-Clinica-2024-FR-600x848.jpg 600w\" sizes=\"auto, (max-width: 724px) 100vw, 724px\" \/>\t\t\t\t\t\t\t\t<\/a>\n\t\t\t\t\t\t\t\t\t\t\t\t\t\t\t<\/div>\n\t\t\t\t<\/div>\n\t\t\t\t\t<\/div>\r\n\t\t\t\t<\/div>\r\n\t\t\t\t<div class=\"elementor-column elementor-col-50 elementor-top-column elementor-element elementor-element-a9c6664\" data-id=\"a9c6664\" data-element_type=\"column\">\r\n\t\t\t\t\t<div class=\"elementor-widget-wrap elementor-element-populated\">\r\n\t\t\t\t\t\t\t\t<div class=\"elementor-element elementor-element-61eaa3d elementor-widget elementor-widget-image\" data-id=\"61eaa3d\" data-element_type=\"widget\" data-widget_type=\"image.default\">\n\t\t\t\t<div class=\"elementor-widget-container\">\n\t\t\t\t\t\t\t\t\t\t\t\t\t\t\t\t<a href=\"https:\/\/mestraold.lleset.com\/wp-content\/uploads\/2024\/03\/Catalogo-Laboratorio-2024-FR.pdf\" target=\"_blank\">\n\t\t\t\t\t\t\t<img loading=\"lazy\" decoding=\"async\" width=\"724\" height=\"1024\" src=\"https:\/\/mestraold.lleset.com\/wp-content\/uploads\/2024\/03\/Catalogo-Laboratorio-2024-FR-724x1024.jpg\" class=\"attachment-large size-large wp-image-62464\" alt=\"\" srcset=\"https:\/\/mestraold.lleset.com\/wp-content\/uploads\/2024\/03\/Catalogo-Laboratorio-2024-FR-724x1024.jpg 724w, https:\/\/mestraold.lleset.com\/wp-content\/uploads\/2024\/03\/Catalogo-Laboratorio-2024-FR-640x905.jpg 640w, https:\/\/mestraold.lleset.com\/wp-content\/uploads\/2024\/03\/Catalogo-Laboratorio-2024-FR-400x566.jpg 400w, https:\/\/mestraold.lleset.com\/wp-content\/uploads\/2024\/03\/Catalogo-Laboratorio-2024-FR-367x519.jpg 367w, https:\/\/mestraold.lleset.com\/wp-content\/uploads\/2024\/03\/Catalogo-Laboratorio-2024-FR-600x848.jpg 600w\" sizes=\"auto, (max-width: 724px) 100vw, 724px\" \/>\t\t\t\t\t\t\t\t<\/a>\n\t\t\t\t\t\t\t\t\t\t\t\t\t\t\t<\/div>\n\t\t\t\t<\/div>\n\t\t\t\t\t<\/div>\r\n\t\t\t\t<\/div>\r\n\t\t\t\t\t<\/div>\r\n\t\t\t\t<\/section>\r\n\t\t\t\t<section class=\"elementor-section elementor-top-section elementor-element elementor-element-5bb7bd17 elementor-section-boxed elementor-section-height-default elementor-section-height-default\" data-id=\"5bb7bd17\" data-element_type=\"section\">\r\n\t\t\r\n\t\t\t\t\t\t\t<div class=\"elementor-container elementor-column-gap-default\">\r\n\t\t\t\t\t\t\t\t\t\t\t<div class=\"elementor-column elementor-col-100 elementor-top-column elementor-element elementor-element-40838e53\" data-id=\"40838e53\" data-element_type=\"column\">\r\n\t\t\t\t\t<div class=\"elementor-widget-wrap elementor-element-populated\">\r\n\t\t\t\t\t\t\t\t<div class=\"elementor-element elementor-element-77ef5b6d elementor-widget elementor-widget-spacer\" data-id=\"77ef5b6d\" data-element_type=\"widget\" data-widget_type=\"spacer.default\">\n\t\t\t\t<div class=\"elementor-widget-container\">\n\t\t\t\t\t<div class=\"elementor-spacer\">\n\t\t\t<div class=\"elementor-spacer-inner\"><\/div>\n\t\t<\/div>\n\t\t\t\t<\/div>\n\t\t\t\t<\/div>\n\t\t\t\t\t<\/div>\r\n\t\t\t\t<\/div>\r\n\t\t\t\t\t<\/div>\r\n\t\t\t\t<\/section>\r\n\t\t\t\t<section class=\"elementor-section elementor-top-section elementor-element elementor-element-7d909afd elementor-section-full_width elementor-section-stretched elementor-section-height-default elementor-section-height-default\" data-id=\"7d909afd\" data-element_type=\"section\" data-settings=\"{&quot;stretch_section&quot;:&quot;section-stretched&quot;,&quot;background_background&quot;:&quot;classic&quot;}\">\r\n\t\t\t\t\t\t<div class=\"elementor-background-overlay\"><\/div>\r\n\t\t\t\r\n\t\t\t\t\t\t\t<div class=\"elementor-container elementor-column-gap-default\">\r\n\t\t\t\t\t\t\t\t\t\t\t<div class=\"elementor-column elementor-col-100 elementor-top-column elementor-element elementor-element-37df3230\" data-id=\"37df3230\" data-element_type=\"column\">\r\n\t\t\t\t\t<div class=\"elementor-widget-wrap elementor-element-populated\">\r\n\t\t\t\t\t\t\t\t<section class=\"elementor-section elementor-inner-section elementor-element elementor-element-21d02899 elementor-section-boxed elementor-section-height-default elementor-section-height-default\" data-id=\"21d02899\" data-element_type=\"section\">\r\n\t\t\r\n\t\t\t\t\t\t\t<div class=\"elementor-container elementor-column-gap-default\">\r\n\t\t\t\t\t\t\t\t\t\t\t<div class=\"elementor-column elementor-col-50 elementor-inner-column elementor-element elementor-element-53ca520a\" data-id=\"53ca520a\" data-element_type=\"column\" data-settings=\"{&quot;background_background&quot;:&quot;classic&quot;}\">\r\n\t\t\t\t\t<div class=\"elementor-widget-wrap elementor-element-populated\">\r\n\t\t\t\t\t\t\t\t<div class=\"elementor-element elementor-element-4d9e9e6b elementor-widget elementor-widget-heading\" data-id=\"4d9e9e6b\" data-element_type=\"widget\" data-widget_type=\"heading.default\">\n\t\t\t\t<div class=\"elementor-widget-container\">\n\t\t\t<p class=\"elementor-heading-title elementor-size-default\">Contactez-nous<\/p>\t\t<\/div>\n\t\t\t\t<\/div>\n\t\t\t\t<div class=\"elementor-element elementor-element-7f6c1641 elementor-widget elementor-widget-heading\" data-id=\"7f6c1641\" data-element_type=\"widget\" data-widget_type=\"heading.default\">\n\t\t\t\t<div class=\"elementor-widget-container\">\n\t\t\t<p class=\"elementor-heading-title elementor-size-default\">N'H\u00c9SITEZ PAS \u00c0 NOUS  CONTACTER<\/BR>SI VOUS D\u00c9SIREZ DAVANTAGE DE RENSEIGNEMENTS\n<\/p>\t\t<\/div>\n\t\t\t\t<\/div>\n\t\t\t\t<div class=\"elementor-element elementor-element-1182e688 elementor-widget elementor-widget-button\" data-id=\"1182e688\" data-element_type=\"widget\" data-widget_type=\"button.default\">\n\t\t\t\t<div class=\"elementor-widget-container\">\n\t\t\t\t\t<div class=\"elementor-button-wrapper\">\n\t\t\t<a class=\"elementor-button elementor-button-link elementor-size-md\" href=\"https:\/\/mestraold.lleset.com\/fr\/contact\/\">\n\t\t\t\t\t\t<span class=\"elementor-button-content-wrapper\">\n\t\t\t\t\t\t<span class=\"elementor-button-icon elementor-align-icon-right\">\n\t\t\t\t<svg aria-hidden=\"true\" class=\"e-font-icon-svg e-fas-chevron-circle-right\" viewBox=\"0 0 512 512\" xmlns=\"http:\/\/www.w3.org\/2000\/svg\"><path d=\"M256 8c137 0 248 111 248 248S393 504 256 504 8 393 8 256 119 8 256 8zm113.9 231L234.4 103.5c-9.4-9.4-24.6-9.4-33.9 0l-17 17c-9.4 9.4-9.4 24.6 0 33.9L285.1 256 183.5 357.6c-9.4 9.4-9.4 24.6 0 33.9l17 17c9.4 9.4 24.6 9.4 33.9 0L369.9 273c9.4-9.4 9.4-24.6 0-34z\"><\/path><\/svg>\t\t\t<\/span>\n\t\t\t\t\t\t<span class=\"elementor-button-text\">CONTACT<\/span>\n\t\t<\/span>\n\t\t\t\t\t<\/a>\n\t\t<\/div>\n\t\t\t\t<\/div>\n\t\t\t\t<\/div>\n\t\t\t\t\t<\/div>\r\n\t\t\t\t<\/div>\r\n\t\t\t\t<div class=\"elementor-column elementor-col-50 elementor-inner-column elementor-element elementor-element-1419eeb\" data-id=\"1419eeb\" data-element_type=\"column\">\r\n\t\t\t\t\t<div class=\"elementor-widget-wrap\">\r\n\t\t\t\t\t\t\t\t\t<\/div>\r\n\t\t\t\t<\/div>\r\n\t\t\t\t\t<\/div>\r\n\t\t\t\t<\/section>\r\n\t\t\t\t\t<\/div>\r\n\t\t\t\t<\/div>\r\n\t\t\t\t\t<\/div>\r\n\t\t\t\t<\/section>\r\n\t\t\t\t\t\t\t<\/div>\n\t\t","protected":false},"excerpt":{"rendered":"<p>Catalogues de produits T\u00e9l\u00e9chargez nos catalogues de produits Contactez-nous N&rsquo;H\u00c9SITEZ PAS \u00c0 NOUS CONTACTERSI VOUS D\u00c9SIREZ DAVANTAGE DE RENSEIGNEMENTS CONTACT<\/p>\n","protected":false},"author":2,"featured_media":0,"parent":0,"menu_order":0,"comment_status":"closed","ping_status":"closed","template":"","meta":{"footnotes":""},"class_list":["post-38715","page","type-page","status-publish","hentry"],"acf":[],"_links":{"self":[{"href":"https:\/\/mestraold.lleset.com\/fr\/wp-json\/wp\/v2\/pages\/38715","targetHints":{"allow":["GET"]}}],"collection":[{"href":"https:\/\/mestraold.lleset.com\/fr\/wp-json\/wp\/v2\/pages"}],"about":[{"href":"https:\/\/mestraold.lleset.com\/fr\/wp-json\/wp\/v2\/types\/page"}],"author":[{"embeddable":true,"href":"https:\/\/mestraold.lleset.com\/fr\/wp-json\/wp\/v2\/users\/2"}],"replies":[{"embeddable":true,"href":"https:\/\/mestraold.lleset.com\/fr\/wp-json\/wp\/v2\/comments?post=38715"}],"version-history":[{"count":10,"href":"https:\/\/mestraold.lleset.com\/fr\/wp-json\/wp\/v2\/pages\/38715\/revisions"}],"predecessor-version":[{"id":62479,"href":"https:\/\/mestraold.lleset.com\/fr\/wp-json\/wp\/v2\/pages\/38715\/revisions\/62479"}],"wp:attachment":[{"href":"https:\/\/mestraold.lleset.com\/fr\/wp-json\/wp\/v2\/media?parent=38715"}],"curies":[{"name":"wp","href":"https:\/\/api.w.org\/{rel}","templated":true}]}}