{"id":25617,"date":"2022-05-25T19:43:52","date_gmt":"2022-05-25T17:43:52","guid":{"rendered":"https:\/\/mestra.migracionesbgweb.com\/condiciones-de-uso\/"},"modified":"2023-03-28T01:45:42","modified_gmt":"2023-03-27T23:45:42","slug":"condiciones-de-uso","status":"publish","type":"page","link":"https:\/\/mestraold.lleset.com\/fr\/condiciones-de-uso\/","title":{"rendered":"Conditions d&rsquo;utilisation"},"content":{"rendered":"<h2 style=\"text-align: center;\">ACCEPTATION DES TERMES ET CONDITIONS D&rsquo;UTILISATION<\/h2>\n<p>&nbsp;<\/p>\n<p style=\"text-align: left;\">Dans ce document, les r\u00e8gles ou \u00ab\u00a0Termes et Conditions d&rsquo;Utilisation\u00a0\u00bb sont d\u00e9taill\u00e9s, qui r\u00e9gissent l&rsquo;utilisation par les utilisateurs de ce site Web appartenant \u00e0 TALLERES MESTRAIT\u00daA, S.L. L&rsquo;utilisation du site Web par l&rsquo;utilisateur implique l&rsquo;acceptation de ces r\u00e8gles.<\/p>\n<p>&nbsp;<\/p>\n<p style=\"text-align: left;\">Ce document juridique est compl\u00e9t\u00e9, \u00e0 son tour, par d&rsquo;autres que nous vous invitons \u00e0 consulter, tels que l&rsquo;Avis Juridique, la Politique de Confidentialit\u00e9 et la Politique de Cookies.<\/p>\n<p>&nbsp;<\/p>\n<h4>R\u00e8gles g\u00e9n\u00e9rales du site Web<\/h4>\n<p><\/br><\/p>\n<p style=\"text-align: left;\">L&rsquo;utilisation de ce site Web par l&rsquo;utilisateur est bas\u00e9e sur le \u00ab\u00a0principe de bonne foi\u00a0\u00bb, entendu comme l&rsquo;engagement de l&rsquo;utilisateur \u00e0 faire un usage appropri\u00e9 conform\u00e9ment \u00e0 la l\u00e9gislation en vigueur et au syst\u00e8me juridique. Par cons\u00e9quent, l&rsquo;utilisateur s&rsquo;engage \u00e0 \u00e9viter toute conduite qui pourrait nuire \u00e0 l&rsquo;image et aux int\u00e9r\u00eats de TALLERES MESTRAIT\u00daA, S.L. ou de tiers. Ils s&rsquo;engagent \u00e9galement \u00e0 ne pas engager d&rsquo;activit\u00e9 qui nuit \u00e0 la fonctionnalit\u00e9 du site Web ou des autres en utilisant les ressources du site Web.<\/p>\n<p>&nbsp;<\/p>\n<p style=\"text-align: left;\">TALLERES MESTRAIT\u00daA, S.L. se r\u00e9serve le droit de prendre des mesures techniques et juridiques contre tout utilisateur qui viole le principe de bonne foi d\u00e9crit ci-dessus.<\/p>\n<p>&nbsp;<\/p>\n<p style=\"text-align: left;\">TALLERES MESTRAIT\u00daA, S.L. se r\u00e9serve le droit de modifier, supprimer ou mettre \u00e0 jour les informations incluses sur le site Web. Dans le cas o\u00f9 cela affecterait les documents juridiques, ces modifications prendront effet \u00e0 partir de leur modification et de leur publication sur le site Web.<\/p>\n<p>&nbsp;<\/p>\n<h4>Propri\u00e9t\u00e9 intellectuelle du site Web<\/h4>\n<p>&nbsp;<\/p>\n<p style=\"text-align: left;\">La conception du site Web (code source), le contenu, les logos et marques de commerce, les conceptions d&rsquo;entreprise qui apparaissent sur ce portail, ainsi que les diff\u00e9rents \u00e9l\u00e9ments qui composent ce site Web, sont la propri\u00e9t\u00e9 de TALLERES MESTRAIT\u00daA, S.L. et sont prot\u00e9g\u00e9s par des droits de propri\u00e9t\u00e9 intellectuelle. <\/p>\n<p>&nbsp;<\/p>\n<p style=\"text-align: left;\">L&rsquo;utilisation du site Web par les utilisateurs n&rsquo;implique en aucun cas le transfert de ces droits de propri\u00e9t\u00e9 intellectuelle. Par cons\u00e9quent, il est express\u00e9ment interdit sans l&rsquo;autorisation expresse de TALLERES MESTRAIT\u00daA, S.L., la reproduction, la transformation, la distribution, la communication ou la r\u00e9utilisation du site Web et de son contenu.<\/p>\n<p>&nbsp;<\/p>\n<p style=\"text-align: left;\">TALLERES MESTRAIT\u00daA, S.L. se r\u00e9serve le droit d&rsquo;intenter une action en justice contre les utilisateurs qui violent ou enfreignent les droits de propri\u00e9t\u00e9 intellectuelle.<\/p>\n<p>&nbsp;<\/p>\n<h4>Protection des donn\u00e9es personnelles<\/h4>\n<p>&nbsp;<br \/>\nVous pouvez consulter notre politique de confidentialit\u00e9 pour savoir comment les donn\u00e9es personnelles des utilisateurs sont trait\u00e9es sur ce site web.<\/p>\n<h4>Utilisation des cookies<\/h4>\n<p>Ce site web utilise des cookies \u00e0 des fins diverses. Pour conna\u00eetre et pouvoir acc\u00e9der \u00e0 la configuration de son fonctionnement, veuillez consulter notre politique de cookies.<\/p>\n<h4>L\u00e9gislation applicable<\/h4>\n<p>La l\u00e9gislation applicable aux services de la soci\u00e9t\u00e9 de l&rsquo;information de ce site web, en vertu de l&rsquo;article 3 de la LSSI, sera celle de l&rsquo;Espagne. Toute r\u00e9clamation, administrative ou judiciaire, doit \u00eatre faite dans cette juridiction.<\/p>\n<h4>Responsabilit\u00e9 des contenus et des sites li\u00e9s<\/h4>\n<p>TALLERES MESTRAIT\u00daA, S.L. n&rsquo;est pas responsable de la l\u00e9galit\u00e9 des autres sites web tiers \u00e0 partir desquels ce site web est accessible. Elle n&rsquo;est pas non plus responsable du respect des r\u00e9glementations des autres sites web qui peuvent \u00eatre li\u00e9s \u00e0 partir de ce portail.<\/p>\n<p>Lorsque l&rsquo;utilisateur acc\u00e8de \u00e0 d&rsquo;autres sites web n&rsquo;appartenant pas \u00e0 TALLERES MESTRAIT\u00daA, S.L., il doit consulter et accepter leurs propres conditions d&rsquo;utilisation, leur politique de confidentialit\u00e9 et leur politique de cookies.<\/p>\n<h4>D\u00e9claration d&rsquo;incidents<\/h4>\n<p>Tout utilisateur du site web qui est conscient d&rsquo;une utilisation illicite de celui-ci peut contacter TALLERES MESTRAIT\u00daA, S.L. pour le signaler.<\/p>\n<p>Lorsque l&rsquo;utilisateur acc\u00e8de \u00e0 d&rsquo;autres sites web qui ne sont pas la propri\u00e9t\u00e9 de TALLERES MESTRAIT\u00daA, S.L., il doit consulter et accepter leurs propres conditions d&rsquo;utilisation, leur politique de confidentialit\u00e9 et leur politique de cookies.<\/p>\n<p style=\"text-align: center;\"><em>Derni\u00e8re mise \u00e0 jour : 25\/05\/2022 | \u00a9 TALLERES MESTRAIT\u00daA, S.L. &#8211; Tous droits r\u00e9serv\u00e9s.<\/em><\/p>\n<p> <\/br><\/p>\n","protected":false},"excerpt":{"rendered":"<p>ACCEPTATION DES TERMES ET CONDITIONS D&rsquo;UTILISATION &nbsp; Dans ce document, les r\u00e8gles ou \u00ab\u00a0Termes et Conditions d&rsquo;Utilisation\u00a0\u00bb sont d\u00e9taill\u00e9s, qui r\u00e9gissent l&rsquo;utilisation par les utilisateurs de ce site Web appartenant \u00e0 TALLERES MESTRAIT\u00daA, S.L. L&rsquo;utilisation du site Web par l&rsquo;utilisateur implique l&rsquo;acceptation de ces r\u00e8gles. &nbsp; Ce document juridique est compl\u00e9t\u00e9, \u00e0 son tour, par [&hellip;]<\/p>\n","protected":false},"author":2,"featured_media":0,"parent":0,"menu_order":0,"comment_status":"closed","ping_status":"closed","template":"","meta":{"footnotes":""},"class_list":["post-25617","page","type-page","status-publish","hentry"],"acf":[],"_links":{"self":[{"href":"https:\/\/mestraold.lleset.com\/fr\/wp-json\/wp\/v2\/pages\/25617","targetHints":{"allow":["GET"]}}],"collection":[{"href":"https:\/\/mestraold.lleset.com\/fr\/wp-json\/wp\/v2\/pages"}],"about":[{"href":"https:\/\/mestraold.lleset.com\/fr\/wp-json\/wp\/v2\/types\/page"}],"author":[{"embeddable":true,"href":"https:\/\/mestraold.lleset.com\/fr\/wp-json\/wp\/v2\/users\/2"}],"replies":[{"embeddable":true,"href":"https:\/\/mestraold.lleset.com\/fr\/wp-json\/wp\/v2\/comments?post=25617"}],"version-history":[{"count":2,"href":"https:\/\/mestraold.lleset.com\/fr\/wp-json\/wp\/v2\/pages\/25617\/revisions"}],"predecessor-version":[{"id":56939,"href":"https:\/\/mestraold.lleset.com\/fr\/wp-json\/wp\/v2\/pages\/25617\/revisions\/56939"}],"wp:attachment":[{"href":"https:\/\/mestraold.lleset.com\/fr\/wp-json\/wp\/v2\/media?parent=25617"}],"curies":[{"name":"wp","href":"https:\/\/api.w.org\/{rel}","templated":true}]}}