{"id":25608,"date":"2021-06-11T09:58:51","date_gmt":"2021-06-11T09:58:51","guid":{"rendered":"https:\/\/mestra.migracionesbgweb.com\/politica-de-privacidad\/"},"modified":"2023-06-15T14:45:25","modified_gmt":"2023-06-15T12:45:25","slug":"politica-de-privacidad","status":"publish","type":"page","link":"https:\/\/mestraold.lleset.com\/fr\/politica-de-privacidad\/","title":{"rendered":"Politique de confidentialit\u00e9"},"content":{"rendered":"<p style=\"text-align: left;\">TALLERES MESTRAIT\u00daA S.L s&rsquo;engage \u00e0 prot\u00e9ger la vie priv\u00e9e dans le traitement des donn\u00e9es personnelles des utilisateurs qui acc\u00e8dent \u00e0 ce site web, ainsi que dans le traitement des donn\u00e9es des utilisateurs qui d\u00e9cident de nous contacter ou de demander des informations. Par cons\u00e9quent, tout traitement d&rsquo;informations personnelles dans le cadre de la gestion de ce site web est soumis \u00e0 la pr\u00e9sente politique de confidentialit\u00e9. Le but de ce document est de d\u00e9finir les crit\u00e8res selon lesquels l&rsquo;organisation traite les informations personnelles.<\/p>\n<p>&nbsp;<\/p>\n<p style=\"text-align: left;\">Aucune donn\u00e9e \u00e0 caract\u00e8re personnel n&rsquo;est collect\u00e9e via ce site web sans l&rsquo;accord pr\u00e9alable des utilisateurs et sans respecter l&rsquo;obligation d&rsquo;information, et elles ne sont pas transmises \u00e0 des tiers sauf obligation l\u00e9gale.<\/p>\n<p>&nbsp;<\/p>\n<p style=\"text-align: left;\">Ce site web utilise des cookies propres qui permettent \u00e0 l&rsquo;utilisateur de naviguer et d&rsquo;utiliser les diff\u00e9rents services de l&rsquo;environnement web. Il utilise \u00e9galement des cookies tiers qui collectent des informations sur les utilisateurs et que vous pouvez conna\u00eetre et configurer dans notre politique de cookies.<\/p>\n<p>&nbsp;<\/p>\n<h3><strong>INFORMATIONS DE BASE SUR L&rsquo;OBJECTIF DU CONTACT<\/strong><\/h3>\n<p>&nbsp;<\/p>\n<table border=\"1\">\n<tbody>\n<tr>\n<td><strong>Responsable<\/strong><\/td>\n<td>TALLERES MESTRAIT\u00daA S.L<\/td>\n<td><strong>Destinataires<\/strong><\/td>\n<td>Les donn\u00e9es ne seront pas transmises \u00e0 des tiers sauf obligation l\u00e9gale.<\/td>\n<\/tr>\n<tr>\n<td><strong>Objectif<\/strong><\/td>\n<td>G\u00e9rer les demandes d&rsquo;informations re\u00e7ues par la section de contact du site web, ainsi que la gestion des commandes.<\/td>\n<td><strong>Droits<\/strong><\/td>\n<td>Acc\u00e9der, rectifier et supprimer les donn\u00e9es, ainsi que les autres droits d\u00e9taill\u00e9s dans les informations compl\u00e9mentaires.<\/td>\n<\/tr>\n<tr>\n<td><strong>L\u00e9gitimation<\/strong><\/td>\n<td>Ex\u00e9cution d&rsquo;un contrat.<\/td>\n<td><strong>Informations compl\u00e9mentaires<\/strong><\/td>\n<td>\n<table>\n<tbody>\n<tr>\n<td>\n<p>Pour plus de d\u00e9tails, veuillez consulter les informations compl\u00e9mentaires ci-dessous.<\/p>\n<\/td>\n<\/tr>\n<\/tbody>\n<\/table>\n<\/td>\n<\/tr>\n<\/tbody>\n<\/table>\n<p>&nbsp;<\/p>\n<p>&nbsp;<\/p>\n<table border=\"1\">\n<tbody>\n<tr>\n<td><strong>Responsable<\/strong><\/td>\n<td>TALLERES MESTRAIT\u00daA S.L<\/td>\n<td><strong>Destinataires<\/strong><\/td>\n<td>Les donn\u00e9es ne seront pas transmises \u00e0 des tiers sauf obligation l\u00e9gale.<\/td>\n<\/tr>\n<tr>\n<td><strong>Objectif<\/strong><\/td>\n<td>Gestion de l&rsquo;abonnement \u00e0 la newsletter, pour effectuer les envois correspondants.<\/td>\n<td><strong>D\u00e9lai de conservation<\/strong><\/td>\n<td>Tant que le consentement donn\u00e9 est maintenu.<\/td>\n<\/tr>\n<tr>\n<td><strong>L\u00e9gitimation<\/strong><\/td>\n<td>Le consentement de la personne concern\u00e9e.<\/td>\n<td><strong>Typologie des donn\u00e9es<\/strong><\/td>\n<td>Informations de base: Nom et pr\u00e9nom, Adresse \u00e9lectronique<\/td>\n<\/tr>\n<\/tbody>\n<\/table>\n<p>&nbsp;<\/p>\n<p style=\"text-align: left;\">Dans la section Informations Compl\u00e9mentaires, nous d\u00e9veloppons plus en d\u00e9tail notre politique de confidentialit\u00e9.<\/p>\n<p>&nbsp;<\/p>\n<h3><strong>INFORMATIONS COMPL\u00c9MENTAIRES<\/strong><\/h3>\n<p>&nbsp;<\/p>\n<h4>Qui est responsable du traitement de vos donn\u00e9es ?<\/h4>\n<ul>\n<li aria-level=\"1\">Responsable du traitement : TALLERES MESTRAIT\u00daA S.L<\/li>\n<li aria-level=\"1\">Adresse : Avenida Txori erri, 60, Sondika, 48150, Bizkaia.<\/li>\n<li aria-level=\"1\">CIF : B48440242<\/li>\n<li>Email : info@mestra.es<\/li>\n<p>&nbsp;<\/p>\n<\/ul>\n<p>&nbsp;<\/p>\n<h4>Quel est le but du traitement des donn\u00e9es?<\/h4>\n<p>&nbsp;<\/p>\n<p style=\"text-align: left;\">TALLERES MESTRAIT\u00daA S.L traitera les donn\u00e9es personnelles pour recevoir, g\u00e9rer et r\u00e9pondre aux demandes d&rsquo;informations re\u00e7ues par le biais de la section de contact du site web. En outre, pour r\u00e9pondre aux commandes pass\u00e9es via le site web.<\/p>\n<p>&nbsp;<\/p>\n<h4>Quelle est la base l\u00e9gale pour le traitement des donn\u00e9es?<\/h4>\n<p>&nbsp;<\/p>\n<p style=\"text-align: left;\">La base de l\u00e9gitimation pour le traitement des donn\u00e9es sur ce site web est, en g\u00e9n\u00e9ral, l&rsquo;article 6.1.b) du RGPD, selon lequel le traitement est n\u00e9cessaire \u00e0 l&rsquo;ex\u00e9cution d&rsquo;un contrat auquel la partie int\u00e9ress\u00e9e est partie, ce qui inclut \u00e9galement sa demande de mesures pr\u00e9contractuelles.<\/p>\n<p>&nbsp;<\/p>\n<p style=\"text-align: left;\">Dans le cas o\u00f9 le traitement des donn\u00e9es est requis en fonction de son objectif, le consentement de la personne concern\u00e9e sera d\u00fbment recueilli, conform\u00e9ment \u00e0 l&rsquo;article 6.1.a) du RGPD.<\/p>\n<p>&nbsp;<\/p>\n<h4>Pendant combien de temps conserverons-nous vos donn\u00e9es?<\/h4>\n<p>&nbsp;<\/p>\n<p style=\"text-align: left;\">TALLERES MESTRAIT\u00daA S.L conservera les informations personnelles pendant la p\u00e9riode n\u00e9cessaire \u00e0 la r\u00e9alisation des finalit\u00e9s pour lesquelles elles ont \u00e9t\u00e9 collect\u00e9es et tant qu&rsquo;elles ne seront pas demand\u00e9es, et accept\u00e9es le cas \u00e9ch\u00e9ant, la suppression des informations par la partie int\u00e9ress\u00e9e. \u00c0 la fin de cette p\u00e9riode, les informations seront bloqu\u00e9es et conserv\u00e9es conform\u00e9ment aux d\u00e9lais l\u00e9gaux \u00e9tablis dans chaque cas.<\/p>\n<p>&nbsp;<\/p>\n<h4>\u00c0 qui mes donn\u00e9es seront-elles communiqu\u00e9es?<\/h4>\n<p>&nbsp;<\/p>\n<p style=\"text-align: left;\">Aucune cession de donn\u00e9es n&rsquo;est pr\u00e9vue sauf obligation l\u00e9gale.<\/p>\n<p>&nbsp;<\/p>\n<p style=\"text-align: left;\">Conform\u00e9ment au cadre juridique en vigueur ou \u00e0 l&rsquo;ex\u00e9cution de l&rsquo;un des termes du contrat avec le client, il peut \u00eatre n\u00e9cessaire de communiquer des donn\u00e9es aux entit\u00e9s suivantes : administrations publiques, tribunaux, \u00e9tablissements financiers et de cr\u00e9dit, le cas \u00e9ch\u00e9ant, en fonction de la r\u00e9glementation en vigueur.<\/p>\n<p>&nbsp;<\/p>\n<p style=\"text-align: left;\">Aucun transfert international de donn\u00e9es n&rsquo;est pr\u00e9vu.<\/p>\n<p>&nbsp;<\/p>\n<h4>Quels sont mes droits?<\/h4>\n<p>&nbsp;<\/p>\n<p style=\"text-align: left;\">Pour exercer vos droits, vous pouvez contacter TALLERES MESTRAIT\u00daA S.L par \u00e9crit \u00e0 l&rsquo;adresse suivante : Avenida Txori erri, 60, Sondika, 48150, Bizkaia.<\/p>\n<p>&nbsp;<\/p>\n<p style=\"text-align: left;\">Si vous pr\u00e9f\u00e9rez, vous pouvez exercer vos droits par voie \u00e9lectronique \u00e0 l&rsquo;adresse :<\/p>\n<p><a href=\"#\">info@mestra.es<\/a><\/p>\n<p>&nbsp;<\/p>\n<p>Vous pouvez exercer les droits suivants :<\/p>\n<ul>\n<li aria-level=\"1\">Vous avez le droit d&rsquo;acc\u00e9der \u00e0 vos donn\u00e9es personnelles.<\/li>\n<li aria-level=\"1\">Si vous avez consenti au traitement de vos donn\u00e9es, vous avez le droit de demander leur r\u00e9vocation.<\/li>\n<li aria-level=\"1\">Vous avez le droit de demander \u00e0 Talleres Mestrait\u00faa Sociedad Limitada la confirmation que vos donn\u00e9es personnelles sont trait\u00e9es.<\/li>\n<li aria-level=\"1\">Vous avez le droit de demander la rectification des informations si vous consid\u00e9rez qu&rsquo;elles contiennent des donn\u00e9es incorrectes ou inexactes.<\/li>\n<li aria-level=\"1\">Vous pouvez demander la suppression de toutes les informations qui ne sont plus n\u00e9cessaires pour les fins pour lesquelles elles ont \u00e9t\u00e9 collect\u00e9es.<\/li>\n<li aria-level=\"1\">Vous pouvez demander la limitation du traitement de vos donn\u00e9es.<\/li>\n<li aria-level=\"1\">Vous avez le droit de vous opposer au traitement de vos donn\u00e9es.<\/li>\n<li aria-level=\"1\">Vous pouvez demander la portabilit\u00e9 de vos donn\u00e9es.<\/li>\n<li aria-level=\"1\">Vous pouvez d\u00e9poser une plainte aupr\u00e8s de l&rsquo;Agence espagnole de protection des donn\u00e9es si vous consid\u00e9rez que Talleres Mestrait\u00faa Sociedad Limitada n&rsquo;a pas respect\u00e9 l&rsquo;un de vos droits. Vous pouvez le faire en cliquant sur le lien suivant:<\/li>\n<\/ul>\n<p><a href=\"https:\/\/sedeagpd.gob.es\/sede-electronica-web\/vistas\/formNuevaReclamacion\/solicitudReclamacion.jsf\">https:\/\/sedeagpd.gob.es\/sede-electronica-web\/vistas\/formNuevaReclamacion\/solicitudReclamacion.jsf<\/a><\/p>\n<p>&nbsp;<\/p>\n<p style=\"text-align: center;\"><em>Derni\u00e8re mise \u00e0 jour : 25\/05\/2022 |\u00a9 TALLERES MESTRAIT\u00daA S.L &#8211; Tous droits r\u00e9serv\u00e9s.<\/em><\/p>\n<p>&nbsp;<\/p>\n","protected":false},"excerpt":{"rendered":"<p>TALLERES MESTRAIT\u00daA S.L s&rsquo;engage \u00e0 prot\u00e9ger la vie priv\u00e9e dans le traitement des donn\u00e9es personnelles des utilisateurs qui acc\u00e8dent \u00e0 ce site web, ainsi que dans le traitement des donn\u00e9es des utilisateurs qui d\u00e9cident de nous contacter ou de demander des informations. Par cons\u00e9quent, tout traitement d&rsquo;informations personnelles dans le cadre de la gestion de [&hellip;]<\/p>\n","protected":false},"author":1,"featured_media":0,"parent":0,"menu_order":0,"comment_status":"closed","ping_status":"closed","template":"","meta":{"footnotes":""},"class_list":["post-25608","page","type-page","status-publish","hentry"],"acf":[],"_links":{"self":[{"href":"https:\/\/mestraold.lleset.com\/fr\/wp-json\/wp\/v2\/pages\/25608","targetHints":{"allow":["GET"]}}],"collection":[{"href":"https:\/\/mestraold.lleset.com\/fr\/wp-json\/wp\/v2\/pages"}],"about":[{"href":"https:\/\/mestraold.lleset.com\/fr\/wp-json\/wp\/v2\/types\/page"}],"author":[{"embeddable":true,"href":"https:\/\/mestraold.lleset.com\/fr\/wp-json\/wp\/v2\/users\/1"}],"replies":[{"embeddable":true,"href":"https:\/\/mestraold.lleset.com\/fr\/wp-json\/wp\/v2\/comments?post=25608"}],"version-history":[{"count":5,"href":"https:\/\/mestraold.lleset.com\/fr\/wp-json\/wp\/v2\/pages\/25608\/revisions"}],"predecessor-version":[{"id":57981,"href":"https:\/\/mestraold.lleset.com\/fr\/wp-json\/wp\/v2\/pages\/25608\/revisions\/57981"}],"wp:attachment":[{"href":"https:\/\/mestraold.lleset.com\/fr\/wp-json\/wp\/v2\/media?parent=25608"}],"curies":[{"name":"wp","href":"https:\/\/api.w.org\/{rel}","templated":true}]}}