{"id":25596,"date":"2022-05-25T18:35:57","date_gmt":"2022-05-25T16:35:57","guid":{"rendered":"https:\/\/mestra.migracionesbgweb.com\/aviso-legal\/"},"modified":"2023-06-16T09:07:31","modified_gmt":"2023-06-16T07:07:31","slug":"aviso-legal","status":"publish","type":"page","link":"https:\/\/mestraold.lleset.com\/fr\/aviso-legal\/","title":{"rendered":"Avis l\u00e9gal"},"content":{"rendered":"<h2><span style=\"font-size: 18px;\">CONDITIONS D&rsquo;UTILISATION<\/span><\/h2>\n<p style=\"text-align: left;\">Conform\u00e9ment \u00e0 la loi 34\/2002 du 11 juillet relative aux services de la soci\u00e9t\u00e9 de l&rsquo;information et du commerce \u00e9lectronique (LSSI-CE), TALLERES MESTRAITUA SL informe qu&rsquo;elle est titulaire du site web www.mestra.es.<\/p>\n<p style=\"text-align: left;\">Conform\u00e9ment \u00e0 l&rsquo;article 10 de ladite loi, TALLERES MESTRAITUA SL informe des donn\u00e9es suivantes:<\/p>\n<p style=\"text-align: left;\">Le propri\u00e9taire de ce site web est TALLERES MESTRAITUA SL, avec CIF B48440242 et si\u00e8ge social \u00e0 TXORIERRI ETORBIDEA 60 48150, SONDIKA (VIZCAYA), inscrit au Registre du Commerce, volume BI-75, page 15, num\u00e9ro de feuille BI-934 B et 1\u00e8re inscription. L&rsquo;adresse e-mail de contact avec l&rsquo;entreprise est: <a href=\"mailto:info@mestra.es\">info<\/a><a href=\"mailto:mestra@mestra.es\">@mestra.es<\/a>.<\/p>\n<h2><span style=\"font-size: 18px;\">UTILISATEUR ET R\u00c9GIME DE RESPONSABILIT\u00c9S<\/span><\/h2>\n<p style=\"text-align: left;\">La navigation, l&rsquo;acc\u00e8s et l&rsquo;utilisation du site web de TALLERES MESTRAITUA SL conf\u00e8rent le statut d&rsquo;utilisateur, par lequel toutes les conditions d&rsquo;utilisation \u00e9nonc\u00e9es ici sont accept\u00e9es d\u00e8s la navigation sur le site web de TALLERES MESTRAITUA SL, sans pr\u00e9judice de l&rsquo;application de la r\u00e9glementation l\u00e9gale obligatoire applicable selon le cas.<\/p>\n<p style=\"text-align: left;\">Le site web de TALLERES MESTRAITUA SL fournit une grande diversit\u00e9 d&rsquo;informations, de services et de donn\u00e9es. L&rsquo;utilisateur est responsable de l&rsquo;utilisation correcte du site web. Cette responsabilit\u00e9 s&rsquo;\u00e9tendra \u00e0:<\/p>\n<ul>\n<li style=\"text-align: left;\">La v\u00e9racit\u00e9 et la lic\u00e9it\u00e9 des informations fournies par l&rsquo;utilisateur dans les formulaires \u00e9tendus par TALLERES MESTRAITUA SL pour acc\u00e9der \u00e0 certains contenus ou services offerts sur le site web.<\/li>\n<\/ul>\n<ul>\n<li style=\"text-align: left;\">L&rsquo;utilisation des informations, services et donn\u00e9es offerts par TALLERES MESTRAITUA SL contrairement aux dispositions des pr\u00e9sentes conditions, de la loi, de la morale, des bonnes m\u0153urs ou de l&rsquo;ordre public, ou qui peuvent autrement porter atteinte aux droits de tiers ou au fonctionnement m\u00eame du site web.<\/li>\n<\/ul>\n<h2><span style=\"font-size: 18px;\">POLITIQUE DE LIENS ET D\u00c9CHARGES DE RESPONSABILIT\u00c9<\/span><\/h2>\n<p style=\"text-align: left;\">TALLERES MESTRAITUA SL n&rsquo;est pas responsable du contenu des sites web auxquels l&rsquo;utilisateur peut acc\u00e9der via les liens \u00e9tablis sur son site web et d\u00e9clare qu&rsquo;elle n&rsquo;examinera ni n&rsquo;exercera aucun type de contr\u00f4le sur le contenu d&rsquo;autres sites du r\u00e9seau. De m\u00eame, elle ne garantira pas la disponibilit\u00e9 technique, l&rsquo;exactitude, la v\u00e9racit\u00e9, la validit\u00e9 ou la l\u00e9galit\u00e9 des sites appartenant \u00e0 des tiers<\/p>\n","protected":false},"excerpt":{"rendered":"<p>CONDITIONS D&rsquo;UTILISATION Conform\u00e9ment \u00e0 la loi 34\/2002 du 11 juillet relative aux services de la soci\u00e9t\u00e9 de l&rsquo;information et du commerce \u00e9lectronique (LSSI-CE), TALLERES MESTRAITUA SL informe qu&rsquo;elle est titulaire du site web www.mestra.es. Conform\u00e9ment \u00e0 l&rsquo;article 10 de ladite loi, TALLERES MESTRAITUA SL informe des donn\u00e9es suivantes: Le propri\u00e9taire de ce site web est [&hellip;]<\/p>\n","protected":false},"author":2,"featured_media":0,"parent":0,"menu_order":0,"comment_status":"closed","ping_status":"closed","template":"","meta":{"footnotes":""},"class_list":["post-25596","page","type-page","status-publish","hentry"],"acf":[],"_links":{"self":[{"href":"https:\/\/mestraold.lleset.com\/fr\/wp-json\/wp\/v2\/pages\/25596","targetHints":{"allow":["GET"]}}],"collection":[{"href":"https:\/\/mestraold.lleset.com\/fr\/wp-json\/wp\/v2\/pages"}],"about":[{"href":"https:\/\/mestraold.lleset.com\/fr\/wp-json\/wp\/v2\/types\/page"}],"author":[{"embeddable":true,"href":"https:\/\/mestraold.lleset.com\/fr\/wp-json\/wp\/v2\/users\/2"}],"replies":[{"embeddable":true,"href":"https:\/\/mestraold.lleset.com\/fr\/wp-json\/wp\/v2\/comments?post=25596"}],"version-history":[{"count":5,"href":"https:\/\/mestraold.lleset.com\/fr\/wp-json\/wp\/v2\/pages\/25596\/revisions"}],"predecessor-version":[{"id":57994,"href":"https:\/\/mestraold.lleset.com\/fr\/wp-json\/wp\/v2\/pages\/25596\/revisions\/57994"}],"wp:attachment":[{"href":"https:\/\/mestraold.lleset.com\/fr\/wp-json\/wp\/v2\/media?parent=25596"}],"curies":[{"name":"wp","href":"https:\/\/api.w.org\/{rel}","templated":true}]}}